{"id":3204,"date":"2018-12-15T09:24:39","date_gmt":"2018-12-15T08:24:39","guid":{"rendered":"https:\/\/www.cressidog.com\/prodotto\/3204\/"},"modified":"2023-05-10T01:45:06","modified_gmt":"2023-05-09T23:45:06","slug":"gilet-sauvetage-chien-taille-micro","status":"publish","type":"product","link":"https:\/\/www.cressidog.com\/fr\/prodotto\/gilet-sauvetage-chien-taille-micro\/","title":{"rendered":"GILET DE SAUVETAGE POUR CHIEN &#8211; DOG LIFE JACKET &#8211; MICRO"},"content":{"rendered":"<h3>GILET DE SAUVETAGE POUR CHIEN &#8211; DOG LIFE JACKET<\/h3>\n<p>Le <strong>micro gilet de sauvetage pour chien<\/strong>, Cressi Dog <strong>Life Jacket<\/strong>, est le support id\u00e9al pour une <strong>exp\u00e9rience sereine et s\u00fbre dans l&rsquo;eau<\/strong>. Il convient aux <strong>Chihuahua, Pincher et toy dogs<\/strong>.<\/p>\n<p>Il est donc <strong>UTILE<\/strong> si vous \u00eates avec votre chien \u00e0 la mer ou au lac, sur la plage, dans un bateau, sur une planche de surf ou un SUP, dans un kayak ou un cano\u00eb, pour le garder en s\u00e9curit\u00e9 ou faciliter son jeu.<\/p>\n<p>Le gilet de sauvetage pour chiens est donc <strong>ergonomique, confortable et facile \u00e0 porter<\/strong> : il est fabriqu\u00e9 \u00e0 partir des meilleurs mat\u00e9riaux et selon des processus de production tr\u00e8s fiables.<\/p>\n<p>Le <strong>gilet de sauvetage pour chien <\/strong>CRESSI DOG est si <strong>confortable<\/strong> que le chien se d\u00e9place facilement aussi bien lorsqu&rsquo;il nage que lorsqu&rsquo;il sort de l&rsquo;eau.<\/p>\n<p><strong>Il facilite donc la baignade en toute s\u00e9curit\u00e9<\/strong> en mer, en piscine, en lac et en rivi\u00e8re en maintenant le chien \u00e0 la surface et en le faisant nager avec moins d&rsquo;effort.<\/p>\n<p><strong>DESIGN &#8211; GILET DE SAUVETAGE POUR CHIEN<\/strong><br \/>\nLa coupe du gilet de sauvetage pour chien est sp\u00e9cialement con\u00e7ue pour maintenir le gilet dans la bonne position de nage et pour faciliter les mouvements du chien, aussi bien en immersion qu&rsquo;en surface.<\/p>\n<p><strong> CARACT\u00c9RISTIQUES <\/strong><\/p>\n<ul>\n<li><strong>Tissu Duratex noir 1000 deniers (semblable \u00e0 du Cordura) et polyester jaune 500 deniers.<\/strong><\/li>\n<li>La couleur <strong>jaune augmente la visibilit\u00e9 dans l&rsquo;eau<\/strong> dans toutes les conditions de faible visibilit\u00e9.<\/li>\n<li>Des <strong>boucles en ac\u00e9tate<\/strong> robustes et r\u00e9sistantes \u00e0 l&rsquo;usure, faciles \u00e0 attacher, maintiennent les sangles fermement en place au fil du temps.<\/li>\n<li>Les <strong>bretelles de sangle<\/strong> rembourr\u00e9es et r\u00e9glables offrent un ajustement ergonomique et s\u00fbr.<\/li>\n<li>Les <strong>d\u00e9tails r\u00e9fl\u00e9chissants<\/strong> assurent une meilleure s\u00e9curit\u00e9 la nuit et dans toutes les conditions de faible visibilit\u00e9.<\/li>\n<li><strong>Logo CRESSI DOG brod\u00e9<\/strong> sur les deux c\u00f4t\u00e9s et sur le col du gilet de sauvetage, plus un logo thermoplastique cousu au dos du gilet de sauvetage pour chiens.<\/li>\n<li>\u00a0Il dispose d&rsquo;une <strong>boucle pratique<\/strong> pour attacher la laisse.<\/li>\n<li>Il est <strong>dot\u00e9 d&rsquo;une poign\u00e9e<\/strong> pratique (trois dans les tailles L et XL) pour faciliter la r\u00e9cup\u00e9ration de votre chien lorsque vous \u00eates dans un bateau ou une piscine.<\/li>\n<li>Les triples poign\u00e9es permettent \u00e0 deux personnes de r\u00e9cup\u00e9rer le chien en m\u00eame temps.<\/li>\n<li><strong>Fabriqu\u00e9 en 7 tailles, de Micro 2XS \u00e0 XL, pour s&rsquo;adapter \u00e0 un grand nombre de races de chiens.<\/strong><\/li>\n<li>Il peut \u00eatre port\u00e9 par-dessus une combinaison n\u00e9opr\u00e8ne pour chiens (Cressi Dog Wetsuit), ce qui renforce encore la flottabilit\u00e9 et maintient la temp\u00e9rature corporelle du chien constante.<\/li>\n<li><strong>Le gilet de sauvetage pour chiens est une pi\u00e8ce d&rsquo;\u00e9quipement n\u00e9cessaire pour les chiens de sauvetage aquatique.<\/strong><\/li>\n<li>Gilet de sauvetage pour la <strong>r\u00e9habilitation des chiens<\/strong><\/li>\n<li>Taille du gilet de sauvetage pour chiens de compagnie<br \/>\n&#8211; chiens pincher &#8211; chiens chihuahua<\/li>\n<\/ul>\n<p><strong>INSTRUCTIONS DE LAVAGE<\/strong><br \/>\nLaver \u00e0 l&rsquo;eau froide, cycle d\u00e9licat<br \/>\nUtilisez un d\u00e9tergent doux<br \/>\nSuspendre pour s\u00e9cher<br \/>\nNe pas blanchir, repasser ou nettoyer \u00e0 sec<\/p>\n<h3><strong>INFORMATIONS TECHNIQUES<\/strong><\/h3>\n<p>Comme il n&rsquo;existe pas de normes de r\u00e9f\u00e9rence pour les dispositifs de flottaison pour chiens, il a \u00e9t\u00e9 d\u00e9cid\u00e9 de s&rsquo;inspirer de la norme <strong>EN 13138-1 (BUOYANT AIDS FOR SWIMMING INSTRUCTION \u2010 PART 1: SAFETY REQUIREMENTS AND TEST METHODS FOR BUOYANT TO BE WORM)<\/strong> pour la r\u00e9alisation des tests.<\/p>\n<p>En particulier, les tests suivants ont \u00e9t\u00e9 r\u00e9alis\u00e9s:<\/p>\n<p><strong>TEST DE FLOTTABILIT\u00c9:<\/strong><\/p>\n<ul>\n<li><strong>5.3.3 <\/strong>de la norme pr\u00e9cit\u00e9e <strong>(MEASUREMENT OF BUOYANCY OF COMPLETE SWIMMING DEVICE)<\/strong><\/li>\n<\/ul>\n<p><strong>ESSAI DE VARIATION DE FLOTTABILIT\u00c9 :<\/strong><\/p>\n<ul>\n<li><strong>5.6.3<\/strong> de la norme pr\u00e9cit\u00e9e (<strong>RESISTEANCE OF FOAM ANOTHER INHERENT BUOYANT MATERIAL TO WATER ABSORPTION)<\/strong><strong>.<\/strong><\/li>\n<\/ul>\n<p>Ce test permet de v\u00e9rifier que <strong>le gilet n&rsquo;a pas perdu plus de 10% de sa flottabilit\u00e9 initiale apr\u00e8s 24 heures d&rsquo;immersion:<\/strong><\/p>\n<p><strong>\u00ab\u00a0Nos gilets de sauvetage pour chiens ont conserv\u00e9 leur valeur initiale\u00a0\u00bb.<\/strong><\/p>\n<p>FABRIQU\u00c9 EN HONGRIE<\/p>\n<p><a href=\"https:\/\/www.youtube.com\/channel\/UCmmmuYck73YIT08fiSvVbxw\">https:\/\/www.youtube.com\/channel\/UCmmmuYck73YIT08fiSvVbxw<\/a><\/p>\n<p>&nbsp;<\/p>\n<ul>\n<li><strong>Voir:<\/strong><strong><a class=\"wp-colorbox-image\" href=\"https:\/\/www.cressidog.com\/wp-content\/uploads\/2019\/01\/cressi-dog-taglie-lifejacket-ita.jpg\">Comment choisir la bonne taille<\/a>.<\/strong><\/li>\n<\/ul>\n<p>&nbsp;<\/p>\n","protected":false},"excerpt":{"rendered":"<p><strong>Le gilet de sauvetage pour chien Cressi<\/strong> est le support id\u00e9al pour une exp\u00e9rience sereine et s\u00fbre dans l&rsquo;eau.<\/p>\n<p>Le gilet de sauvetage est <strong>l&rsquo;aide id\u00e9ale pour votre chien<\/strong> \u00e0 la mer ou au lac, sur la plage, dans un bateau, dans la piscine, sur une planche de surf ou un SUP, dans un kayak ou un cano\u00eb pour le garder en s\u00e9curit\u00e9 ou faciliter son jeu.<\/p>\n<p>Il s&rsquo;agit d&rsquo;un <strong>v\u00eatement sp\u00e9cialement con\u00e7u pour maintenir l&rsquo;animal \u00e0 la surface<\/strong>, s&rsquo;il n&rsquo;est pas un nageur expert, ou pour faciliter sa nage, notamment lorsqu&rsquo;il passe un long moment dans l&rsquo;\u00e9l\u00e9ment liquide ; c&rsquo;est un \u00e9quipement indispensable pour les chiens de sauvetage aquatique.<\/p>\n<p><strong>Gilet de sauvetage pour la r\u00e9\u00e9ducation des chiens.<\/strong><\/p>\n<p>La coupe de la veste est sp\u00e9cialement con\u00e7ue pour maintenir le chien dans la bonne position de nage et pour faciliter ses mouvements, tant en immersion qu&rsquo;en surface.<\/p>\n<p>Le gilet de sauvetage est donc <strong>ergonomique, confortable et facile \u00e0 porter<\/strong> : fabriqu\u00e9 avec les meilleurs mat\u00e9riaux et selon des proc\u00e9d\u00e9s de production tr\u00e8s fiables, il est dot\u00e9 d&rsquo;un <strong>anneau pratique pour la laisse et d&rsquo;une poign\u00e9e utile (trois dans les tailles L et XL)<\/strong> pour faciliter la r\u00e9cup\u00e9ration du chien lorsqu&rsquo;il est dans le bateau.<\/p>\n<p>Les inserts et les garnitures sont r\u00e9fl\u00e9chissants et augmentent la visibilit\u00e9 de l&rsquo;animal dans l&rsquo;eau, m\u00eame dans des conditions difficiles.<\/p>\n<p><strong>Voir :<a class=\"wp-colorbox-image\" href=\"https:\/\/www.cressidog.com\/wp-content\/uploads\/2019\/01\/cressi-dog-taglie-lifejacket-ita.jpg\">Comment choisir la bonne taille<\/a>.<\/strong><\/p>\n","protected":false},"featured_media":3215,"template":"","meta":{"rs_blank_template":"","rs_page_bg_color":"","slide_template_v7":""},"product_brand":[],"product_cat":[460],"product_tag":[461,462],"class_list":{"0":"post-3204","1":"product","2":"type-product","3":"status-publish","4":"has-post-thumbnail","6":"product_cat-gilet-de-sauvetage-pour-chiens","7":"product_tag-combinaison-en-neoprene-pour-chiens","8":"product_tag-combinaison-pour-chiens","10":"first","11":"instock","12":"shipping-taxable","13":"purchasable","14":"product-type-variable"},"yoast_head":"<!-- This site is optimized with the Yoast SEO Premium plugin v26.9 (Yoast SEO v27.5) - https:\/\/yoast.com\/product\/yoast-seo-premium-wordpress\/ -->\n<title>GILET DE SAUVETAGE POUR CHIEN - DOG LIFE JACKET - MICRO -<\/title>\n<meta name=\"description\" content=\"Le gilet de sauvetage pour chiens est id\u00e9al pour la natation, la r\u00e9\u00e9ducation et le sauvetage en mer et en bateau.\" \/>\n<meta name=\"robots\" content=\"index, follow, max-snippet:-1, max-image-preview:large, max-video-preview:-1\" \/>\n<link rel=\"canonical\" href=\"https:\/\/www.cressidog.com\/fr\/prodotto\/gilet-sauvetage-chien-taille-micro\/\" \/>\n<meta property=\"og:locale\" content=\"fr_FR\" \/>\n<meta property=\"og:type\" content=\"article\" \/>\n<meta property=\"og:title\" content=\"GILET DE SAUVETAGE POUR CHIEN - DOG LIFE JACKET - MICRO\" \/>\n<meta property=\"og:description\" content=\"Le gilet de sauvetage pour chiens est id\u00e9al pour la natation, la r\u00e9\u00e9ducation et le sauvetage en mer et en bateau.\" \/>\n<meta property=\"og:url\" content=\"https:\/\/www.cressidog.com\/fr\/prodotto\/gilet-sauvetage-chien-taille-micro\/\" \/>\n<meta property=\"og:site_name\" content=\"Cressi Dog\" \/>\n<meta property=\"article:publisher\" content=\"https:\/\/www.facebook.com\/cressidoggear\/\" \/>\n<meta property=\"article:modified_time\" content=\"2023-05-09T23:45:06+00:00\" \/>\n<meta property=\"og:image\" content=\"https:\/\/www.cressidog.com\/wp-content\/uploads\/2018\/12\/dog-life-jacket-pincher.jpg\" \/>\n<meta name=\"twitter:card\" content=\"summary_large_image\" \/>\n<meta name=\"twitter:image\" content=\"https:\/\/www.cressidog.com\/wp-content\/uploads\/2018\/12\/dog-life-jacket-pincher.jpg\" \/>\n<meta name=\"twitter:site\" content=\"@cressiitaly\" \/>\n<meta name=\"twitter:label1\" content=\"Dur\u00e9e de lecture estim\u00e9e\" \/>\n\t<meta name=\"twitter:data1\" content=\"3 minutes\" \/>\n<script type=\"application\/ld+json\" class=\"yoast-schema-graph\">{\"@context\":\"https:\\\/\\\/schema.org\",\"@graph\":[{\"@type\":\"WebPage\",\"@id\":\"https:\\\/\\\/www.cressidog.com\\\/fr\\\/prodotto\\\/gilet-sauvetage-chien-taille-micro\\\/\",\"url\":\"https:\\\/\\\/www.cressidog.com\\\/fr\\\/prodotto\\\/gilet-sauvetage-chien-taille-micro\\\/\",\"name\":\"GILET DE SAUVETAGE POUR CHIEN - DOG LIFE JACKET - MICRO -\",\"isPartOf\":{\"@id\":\"https:\\\/\\\/www.cressidog.com\\\/#website\"},\"primaryImageOfPage\":{\"@id\":\"https:\\\/\\\/www.cressidog.com\\\/fr\\\/prodotto\\\/gilet-sauvetage-chien-taille-micro\\\/#primaryimage\"},\"image\":{\"@id\":\"https:\\\/\\\/www.cressidog.com\\\/fr\\\/prodotto\\\/gilet-sauvetage-chien-taille-micro\\\/#primaryimage\"},\"thumbnailUrl\":\"https:\\\/\\\/www.cressidog.com\\\/wp-content\\\/uploads\\\/2018\\\/12\\\/cressi-dog-salvagente-per-cani-dog-life-jacket-chihuahua-fronte.jpg\",\"datePublished\":\"2018-12-15T08:24:39+00:00\",\"dateModified\":\"2023-05-09T23:45:06+00:00\",\"description\":\"Le gilet de sauvetage pour chiens est id\u00e9al pour la natation, la r\u00e9\u00e9ducation et le sauvetage en mer et en bateau.\",\"breadcrumb\":{\"@id\":\"https:\\\/\\\/www.cressidog.com\\\/fr\\\/prodotto\\\/gilet-sauvetage-chien-taille-micro\\\/#breadcrumb\"},\"inLanguage\":\"fr-FR\",\"potentialAction\":[{\"@type\":\"ReadAction\",\"target\":[\"https:\\\/\\\/www.cressidog.com\\\/fr\\\/prodotto\\\/gilet-sauvetage-chien-taille-micro\\\/\"]}]},{\"@type\":\"ImageObject\",\"inLanguage\":\"fr-FR\",\"@id\":\"https:\\\/\\\/www.cressidog.com\\\/fr\\\/prodotto\\\/gilet-sauvetage-chien-taille-micro\\\/#primaryimage\",\"url\":\"https:\\\/\\\/www.cressidog.com\\\/wp-content\\\/uploads\\\/2018\\\/12\\\/cressi-dog-salvagente-per-cani-dog-life-jacket-chihuahua-fronte.jpg\",\"contentUrl\":\"https:\\\/\\\/www.cressidog.com\\\/wp-content\\\/uploads\\\/2018\\\/12\\\/cressi-dog-salvagente-per-cani-dog-life-jacket-chihuahua-fronte.jpg\",\"width\":1870,\"height\":2000,\"caption\":\"cressi-dog-gilet-sauvetage-chien-life-jacket-chihuahua\"},{\"@type\":\"BreadcrumbList\",\"@id\":\"https:\\\/\\\/www.cressidog.com\\\/fr\\\/prodotto\\\/gilet-sauvetage-chien-taille-micro\\\/#breadcrumb\",\"itemListElement\":[{\"@type\":\"ListItem\",\"position\":1,\"name\":\"Home\",\"item\":\"https:\\\/\\\/www.cressidog.com\\\/fr\\\/\"},{\"@type\":\"ListItem\",\"position\":2,\"name\":\"Boutique en ligne\",\"item\":\"https:\\\/\\\/www.cressidog.com\\\/fr\\\/boutique-en-ligne\\\/\"},{\"@type\":\"ListItem\",\"position\":3,\"name\":\"GILET DE SAUVETAGE POUR CHIEN &#8211; DOG LIFE JACKET &#8211; MICRO\"}]},{\"@type\":\"WebSite\",\"@id\":\"https:\\\/\\\/www.cressidog.com\\\/#website\",\"url\":\"https:\\\/\\\/www.cressidog.com\\\/\",\"name\":\"Cressi Dog\",\"description\":\"Giubbotto salvagente per cani - dog life jacket per la sicurezza in del cane in acqua\",\"publisher\":{\"@id\":\"https:\\\/\\\/www.cressidog.com\\\/#organization\"},\"potentialAction\":[{\"@type\":\"SearchAction\",\"target\":{\"@type\":\"EntryPoint\",\"urlTemplate\":\"https:\\\/\\\/www.cressidog.com\\\/?s={search_term_string}\"},\"query-input\":{\"@type\":\"PropertyValueSpecification\",\"valueRequired\":true,\"valueName\":\"search_term_string\"}}],\"inLanguage\":\"fr-FR\"},{\"@type\":\"Organization\",\"@id\":\"https:\\\/\\\/www.cressidog.com\\\/#organization\",\"name\":\"Cressi Sub\",\"url\":\"https:\\\/\\\/www.cressidog.com\\\/\",\"logo\":{\"@type\":\"ImageObject\",\"inLanguage\":\"fr-FR\",\"@id\":\"https:\\\/\\\/www.cressidog.com\\\/#\\\/schema\\\/logo\\\/image\\\/\",\"url\":\"https:\\\/\\\/www.cressidog.com\\\/wp-content\\\/uploads\\\/2018\\\/09\\\/cressidog144.png\",\"contentUrl\":\"https:\\\/\\\/www.cressidog.com\\\/wp-content\\\/uploads\\\/2018\\\/09\\\/cressidog144.png\",\"width\":144,\"height\":144,\"caption\":\"Cressi Sub\"},\"image\":{\"@id\":\"https:\\\/\\\/www.cressidog.com\\\/#\\\/schema\\\/logo\\\/image\\\/\"},\"sameAs\":[\"https:\\\/\\\/www.facebook.com\\\/cressidoggear\\\/\",\"https:\\\/\\\/x.com\\\/cressiitaly\",\"https:\\\/\\\/www.instagram.com\\\/cressi.dog\\\/\",\"https:\\\/\\\/www.youtube.com\\\/channel\\\/UCmmmuYck73YIT08fiSvVbxw\"]}]}<\/script>\n<!-- \/ Yoast SEO Premium plugin. -->","yoast_head_json":{"title":"GILET DE SAUVETAGE POUR CHIEN - DOG LIFE JACKET - MICRO -","description":"Le gilet de sauvetage pour chiens est id\u00e9al pour la natation, la r\u00e9\u00e9ducation et le sauvetage en mer et en bateau.","robots":{"index":"index","follow":"follow","max-snippet":"max-snippet:-1","max-image-preview":"max-image-preview:large","max-video-preview":"max-video-preview:-1"},"canonical":"https:\/\/www.cressidog.com\/fr\/prodotto\/gilet-sauvetage-chien-taille-micro\/","og_locale":"fr_FR","og_type":"article","og_title":"GILET DE SAUVETAGE POUR CHIEN - DOG LIFE JACKET - MICRO","og_description":"Le gilet de sauvetage pour chiens est id\u00e9al pour la natation, la r\u00e9\u00e9ducation et le sauvetage en mer et en bateau.","og_url":"https:\/\/www.cressidog.com\/fr\/prodotto\/gilet-sauvetage-chien-taille-micro\/","og_site_name":"Cressi Dog","article_publisher":"https:\/\/www.facebook.com\/cressidoggear\/","article_modified_time":"2023-05-09T23:45:06+00:00","og_image":[{"url":"https:\/\/www.cressidog.com\/wp-content\/uploads\/2018\/12\/dog-life-jacket-pincher.jpg","type":"","width":"","height":""}],"twitter_card":"summary_large_image","twitter_image":"https:\/\/www.cressidog.com\/wp-content\/uploads\/2018\/12\/dog-life-jacket-pincher.jpg","twitter_site":"@cressiitaly","twitter_misc":{"Dur\u00e9e de lecture estim\u00e9e":"3 minutes"},"schema":{"@context":"https:\/\/schema.org","@graph":[{"@type":"WebPage","@id":"https:\/\/www.cressidog.com\/fr\/prodotto\/gilet-sauvetage-chien-taille-micro\/","url":"https:\/\/www.cressidog.com\/fr\/prodotto\/gilet-sauvetage-chien-taille-micro\/","name":"GILET DE SAUVETAGE POUR CHIEN - DOG LIFE JACKET - MICRO -","isPartOf":{"@id":"https:\/\/www.cressidog.com\/#website"},"primaryImageOfPage":{"@id":"https:\/\/www.cressidog.com\/fr\/prodotto\/gilet-sauvetage-chien-taille-micro\/#primaryimage"},"image":{"@id":"https:\/\/www.cressidog.com\/fr\/prodotto\/gilet-sauvetage-chien-taille-micro\/#primaryimage"},"thumbnailUrl":"https:\/\/www.cressidog.com\/wp-content\/uploads\/2018\/12\/cressi-dog-salvagente-per-cani-dog-life-jacket-chihuahua-fronte.jpg","datePublished":"2018-12-15T08:24:39+00:00","dateModified":"2023-05-09T23:45:06+00:00","description":"Le gilet de sauvetage pour chiens est id\u00e9al pour la natation, la r\u00e9\u00e9ducation et le sauvetage en mer et en bateau.","breadcrumb":{"@id":"https:\/\/www.cressidog.com\/fr\/prodotto\/gilet-sauvetage-chien-taille-micro\/#breadcrumb"},"inLanguage":"fr-FR","potentialAction":[{"@type":"ReadAction","target":["https:\/\/www.cressidog.com\/fr\/prodotto\/gilet-sauvetage-chien-taille-micro\/"]}]},{"@type":"ImageObject","inLanguage":"fr-FR","@id":"https:\/\/www.cressidog.com\/fr\/prodotto\/gilet-sauvetage-chien-taille-micro\/#primaryimage","url":"https:\/\/www.cressidog.com\/wp-content\/uploads\/2018\/12\/cressi-dog-salvagente-per-cani-dog-life-jacket-chihuahua-fronte.jpg","contentUrl":"https:\/\/www.cressidog.com\/wp-content\/uploads\/2018\/12\/cressi-dog-salvagente-per-cani-dog-life-jacket-chihuahua-fronte.jpg","width":1870,"height":2000,"caption":"cressi-dog-gilet-sauvetage-chien-life-jacket-chihuahua"},{"@type":"BreadcrumbList","@id":"https:\/\/www.cressidog.com\/fr\/prodotto\/gilet-sauvetage-chien-taille-micro\/#breadcrumb","itemListElement":[{"@type":"ListItem","position":1,"name":"Home","item":"https:\/\/www.cressidog.com\/fr\/"},{"@type":"ListItem","position":2,"name":"Boutique en ligne","item":"https:\/\/www.cressidog.com\/fr\/boutique-en-ligne\/"},{"@type":"ListItem","position":3,"name":"GILET DE SAUVETAGE POUR CHIEN &#8211; DOG LIFE JACKET &#8211; MICRO"}]},{"@type":"WebSite","@id":"https:\/\/www.cressidog.com\/#website","url":"https:\/\/www.cressidog.com\/","name":"Cressi Dog","description":"Giubbotto salvagente per cani - dog life jacket per la sicurezza in del cane in acqua","publisher":{"@id":"https:\/\/www.cressidog.com\/#organization"},"potentialAction":[{"@type":"SearchAction","target":{"@type":"EntryPoint","urlTemplate":"https:\/\/www.cressidog.com\/?s={search_term_string}"},"query-input":{"@type":"PropertyValueSpecification","valueRequired":true,"valueName":"search_term_string"}}],"inLanguage":"fr-FR"},{"@type":"Organization","@id":"https:\/\/www.cressidog.com\/#organization","name":"Cressi Sub","url":"https:\/\/www.cressidog.com\/","logo":{"@type":"ImageObject","inLanguage":"fr-FR","@id":"https:\/\/www.cressidog.com\/#\/schema\/logo\/image\/","url":"https:\/\/www.cressidog.com\/wp-content\/uploads\/2018\/09\/cressidog144.png","contentUrl":"https:\/\/www.cressidog.com\/wp-content\/uploads\/2018\/09\/cressidog144.png","width":144,"height":144,"caption":"Cressi Sub"},"image":{"@id":"https:\/\/www.cressidog.com\/#\/schema\/logo\/image\/"},"sameAs":["https:\/\/www.facebook.com\/cressidoggear\/","https:\/\/x.com\/cressiitaly","https:\/\/www.instagram.com\/cressi.dog\/","https:\/\/www.youtube.com\/channel\/UCmmmuYck73YIT08fiSvVbxw"]}]}},"_links":{"self":[{"href":"https:\/\/www.cressidog.com\/fr\/wp-json\/wp\/v2\/product\/3204","targetHints":{"allow":["GET"]}}],"collection":[{"href":"https:\/\/www.cressidog.com\/fr\/wp-json\/wp\/v2\/product"}],"about":[{"href":"https:\/\/www.cressidog.com\/fr\/wp-json\/wp\/v2\/types\/product"}],"wp:featuredmedia":[{"embeddable":true,"href":"https:\/\/www.cressidog.com\/fr\/wp-json\/wp\/v2\/media\/3215"}],"wp:attachment":[{"href":"https:\/\/www.cressidog.com\/fr\/wp-json\/wp\/v2\/media?parent=3204"}],"wp:term":[{"taxonomy":"product_brand","embeddable":true,"href":"https:\/\/www.cressidog.com\/fr\/wp-json\/wp\/v2\/product_brand?post=3204"},{"taxonomy":"product_cat","embeddable":true,"href":"https:\/\/www.cressidog.com\/fr\/wp-json\/wp\/v2\/product_cat?post=3204"},{"taxonomy":"product_tag","embeddable":true,"href":"https:\/\/www.cressidog.com\/fr\/wp-json\/wp\/v2\/product_tag?post=3204"}],"curies":[{"name":"wp","href":"https:\/\/api.w.org\/{rel}","templated":true}]}}