{"id":3185,"date":"2018-10-04T02:24:25","date_gmt":"2018-10-04T00:24:25","guid":{"rendered":"https:\/\/www.cressidog.com\/prodotto\/cressi-dog-wetsuit-combinaison-neoprene-pour-chiens-taille-moyenne\/"},"modified":"2018-10-04T02:24:25","modified_gmt":"2018-10-04T00:24:25","slug":"cressi-dog-wetsuit-combinaison-neoprene-pour-chiens-taille-moyenne","status":"publish","type":"product","link":"https:\/\/www.cressidog.com\/fr\/prodotto\/cressi-dog-wetsuit-combinaison-neoprene-pour-chiens-taille-moyenne\/","title":{"rendered":"Cressi Dog Wetsuit &#8211; Combinaison n\u00e9opr\u00e8ne pour chiens &#8211; Taille moyenne"},"content":{"rendered":"<p>La combinaison <strong>Cressi Dog Wetsuit<\/strong> (combinaison en n\u00e9opr\u00e8ne pour chiens) est le <strong>support id\u00e9al<\/strong> pour l&rsquo;activit\u00e9 du chien dans l&rsquo;eau.<\/p>\n<ul>\n<li>La couleur orange est tr\u00e8s visible.<\/li>\n<li>Combinaison <strong>pour petits chiens<\/strong>.<br \/>\nLa combinaison Cressi Dog Wetsuit (combinaison en n\u00e9opr\u00e8ne pour chiens) a une <strong>coupe qui suit l&rsquo;anatomie canine<\/strong> et qui permet un mouvement libre en \u00e9vitant toute constriction.<\/li>\n<li>Logos et lettres CRESSI DOG sur les deux c\u00f4t\u00e9s.<\/li>\n<li>Inserts noirs en mat\u00e9riau r\u00e9sistant \u00e0 l&rsquo;usure <strong>Small Diamond\u00a9<\/strong>.<\/li>\n<li>Le body <strong>100% n\u00e9opr\u00e8ne<\/strong>, d&rsquo;une <strong>\u00e9paisseur de 3 mm, isole<\/strong> le corps de l&rsquo;animal, <strong>emp\u00eache<\/strong> la perte de chaleur et le <strong>prot\u00e8ge du froid<\/strong>, gr\u00e2ce aux cellules d&rsquo;air de sa structure qui, en m\u00eame temps, <strong>facilitent la flottabilit\u00e9<\/strong>, prolongeant ainsi le plaisir du chien dans l&rsquo;eau sans risque.<\/li>\n<li>En outre, la mati\u00e8re douce qui enveloppe et enserre le chien lui <strong>donne un effet rassurant<\/strong> et favorise le calme et la ma\u00eetrise de soi, en particulier dans les \u00e9tats d&rsquo;anxi\u00e9t\u00e9 et de peur.<\/li>\n<li><strong>Facile \u00e0 enfiler<\/strong> gr\u00e2ce \u00e0 la fermeture \u00e9clair \u00e0 ouverture totale dans le dos.<\/li>\n<li>Peut \u00e9galement \u00eatre utilis\u00e9 sous un gilet de sauvetage pour chiens Cressi.<\/li>\n<li>Un excellent <strong>\u00e9quipement pour les chiens<\/strong>:<br \/>\nla combinaison en n\u00e9opr\u00e8ne pour chiens Cressi Dog peut \u00e9galement \u00eatre utilis\u00e9e comme manteau les jours de pluie, et en montagne dans la neige, en la portant, le chien est prot\u00e9g\u00e9 du froid et le manteau ne se mouille pas, le prot\u00e9geant \u00e9galement des \u00e9claboussures de boue.<\/li>\n<\/ul>\n<p>La combinaison Cressi Dog Wetsuit (combinaison en n\u00e9opr\u00e8ne pour chiens) est disponible dans les tailles suivantes : Micro XS- XXXS &#8211; XXS &#8211; XS &#8211; S &#8211; SM &#8211; M &#8211; ML &#8211; L &#8211; XL &#8211; XXL<\/p>\n<p>Regardez <strong><a class=\"wp-colorbox-image\" href=\"https:\/\/www.cressidog.com\/wp-content\/uploads\/2018\/10\/taglie-wetsuit-ita.jpg\">comment choisir la bonne taille<\/a><\/strong><\/p>\n<p>MADE IN ITALY<\/p>\n<p><a href=\"http:\/\/www.blog.cressidog.com\" target=\"_blank\" rel=\"noopener\">http:\/\/www.blog.cressidog.com<\/a><\/p>\n","protected":false},"excerpt":{"rendered":"<p>La combinaison pour chien Cressi est le support id\u00e9al pour une <strong>exp\u00e9rience sereine et s\u00fbre<\/strong> dans l&rsquo;eau.<\/p>\n<p>La combinaison en n\u00e9opr\u00e8ne de 3 mm <strong>prot\u00e8ge<\/strong> l&rsquo;animal du froid et facilite sa flottaison. La mati\u00e8re douce qui l&rsquo;entoure a un effet <strong>rassurant<\/strong> sur le chien, lui permettant de profiter des jeux et des moments pass\u00e9s dans l&rsquo;eau sans anxi\u00e9t\u00e9 ni peur.<\/p>\n<p>En outre, gr\u00e2ce \u00e0 sa forme qui \u00e9pouse parfaitement l&rsquo;anatomie du chien, la combinaison Cressi Dog lui offre une grande <strong>libert\u00e9<\/strong> de mouvement sans aucune restriction. Gr\u00e2ce \u00e0 cela, la combinaison en n\u00e9opr\u00e8ne pour chiens Cressi Dog peut \u00e9galement \u00eatre utilis\u00e9e comme manteau les jours de pluie, et <strong>en montagne dans la neige<\/strong>, car elle prot\u00e8ge le chien du froid et le manteau ne se mouille pas, ce qui le prot\u00e8ge \u00e9galement des \u00e9ventuelles \u00e9claboussures de boue.<\/p>\n<p><a class=\"wp-colorbox-image\" href=\"https:\/\/www.cressidog.com\/wp-content\/uploads\/2018\/10\/taglie-wetsuit-ita.jpg\">Comment choisir la bonne taille<\/a>.<\/p>\n<p>&nbsp;<\/p>\n","protected":false},"featured_media":3186,"template":"","meta":{"rs_blank_template":"","rs_page_bg_color":"","slide_template_v7":""},"product_brand":[],"product_cat":[459],"product_tag":[],"class_list":{"0":"post-3185","1":"product","2":"type-product","3":"status-publish","4":"has-post-thumbnail","6":"product_cat-dog-wetsuit-combinaison-en-neoprene-pour-chiens","8":"first","9":"instock","10":"sale","11":"shipping-taxable","12":"purchasable","13":"product-type-variable"},"yoast_head":"<!-- This site is optimized with the Yoast SEO Premium plugin v26.9 (Yoast SEO v27.5) - https:\/\/yoast.com\/product\/yoast-seo-premium-wordpress\/ -->\n<title>Cressi Dog Wetsuit - Combinaison n\u00e9opr\u00e8ne pour chiens - Taille moyenne<\/title>\n<meta name=\"description\" content=\"La combinaison en n\u00e9opr\u00e8ne Cressi Dog est le support id\u00e9al pour une exp\u00e9rience aquatique sereine et s\u00fbre.\" \/>\n<meta name=\"robots\" content=\"index, follow, max-snippet:-1, max-image-preview:large, max-video-preview:-1\" \/>\n<link rel=\"canonical\" href=\"https:\/\/www.cressidog.com\/fr\/prodotto\/cressi-dog-wetsuit-combinaison-neoprene-pour-chiens-taille-moyenne\/\" \/>\n<meta property=\"og:locale\" content=\"fr_FR\" \/>\n<meta property=\"og:type\" content=\"article\" \/>\n<meta property=\"og:title\" content=\"Cressi Dog Wetsuit - Combinaison n\u00e9opr\u00e8ne pour chiens - Taille moyenne\" \/>\n<meta property=\"og:description\" content=\"La combinaison en n\u00e9opr\u00e8ne Cressi Dog est le support id\u00e9al pour une exp\u00e9rience aquatique sereine et s\u00fbre.\" \/>\n<meta property=\"og:url\" content=\"https:\/\/www.cressidog.com\/fr\/prodotto\/cressi-dog-wetsuit-combinaison-neoprene-pour-chiens-taille-moyenne\/\" \/>\n<meta property=\"og:site_name\" content=\"Cressi Dog\" \/>\n<meta property=\"article:publisher\" content=\"https:\/\/www.facebook.com\/cressidoggear\/\" \/>\n<meta property=\"og:image\" content=\"https:\/\/www.cressidog.com\/wp-content\/uploads\/2018\/10\/cressi-dog-wetsuit-medio.jpg\" \/>\n\t<meta property=\"og:image:width\" content=\"1191\" \/>\n\t<meta property=\"og:image:height\" content=\"800\" \/>\n\t<meta property=\"og:image:type\" content=\"image\/jpeg\" \/>\n<meta name=\"twitter:card\" content=\"summary_large_image\" \/>\n<meta name=\"twitter:site\" content=\"@cressiitaly\" \/>\n<meta name=\"twitter:label1\" content=\"Dur\u00e9e de lecture estim\u00e9e\" \/>\n\t<meta name=\"twitter:data1\" content=\"2 minutes\" \/>\n<script type=\"application\/ld+json\" class=\"yoast-schema-graph\">{\"@context\":\"https:\\\/\\\/schema.org\",\"@graph\":[{\"@type\":\"WebPage\",\"@id\":\"https:\\\/\\\/www.cressidog.com\\\/fr\\\/prodotto\\\/cressi-dog-wetsuit-combinaison-neoprene-pour-chiens-taille-moyenne\\\/\",\"url\":\"https:\\\/\\\/www.cressidog.com\\\/fr\\\/prodotto\\\/cressi-dog-wetsuit-combinaison-neoprene-pour-chiens-taille-moyenne\\\/\",\"name\":\"Cressi Dog Wetsuit - Combinaison n\u00e9opr\u00e8ne pour chiens - Taille moyenne\",\"isPartOf\":{\"@id\":\"https:\\\/\\\/www.cressidog.com\\\/#website\"},\"primaryImageOfPage\":{\"@id\":\"https:\\\/\\\/www.cressidog.com\\\/fr\\\/prodotto\\\/cressi-dog-wetsuit-combinaison-neoprene-pour-chiens-taille-moyenne\\\/#primaryimage\"},\"image\":{\"@id\":\"https:\\\/\\\/www.cressidog.com\\\/fr\\\/prodotto\\\/cressi-dog-wetsuit-combinaison-neoprene-pour-chiens-taille-moyenne\\\/#primaryimage\"},\"thumbnailUrl\":\"https:\\\/\\\/www.cressidog.com\\\/wp-content\\\/uploads\\\/2018\\\/10\\\/cressi-dog-wetsuit-medio.jpg\",\"datePublished\":\"2018-10-04T00:24:25+00:00\",\"description\":\"La combinaison en n\u00e9opr\u00e8ne Cressi Dog est le support id\u00e9al pour une exp\u00e9rience aquatique sereine et s\u00fbre.\",\"breadcrumb\":{\"@id\":\"https:\\\/\\\/www.cressidog.com\\\/fr\\\/prodotto\\\/cressi-dog-wetsuit-combinaison-neoprene-pour-chiens-taille-moyenne\\\/#breadcrumb\"},\"inLanguage\":\"fr-FR\",\"potentialAction\":[{\"@type\":\"ReadAction\",\"target\":[\"https:\\\/\\\/www.cressidog.com\\\/fr\\\/prodotto\\\/cressi-dog-wetsuit-combinaison-neoprene-pour-chiens-taille-moyenne\\\/\"]}]},{\"@type\":\"ImageObject\",\"inLanguage\":\"fr-FR\",\"@id\":\"https:\\\/\\\/www.cressidog.com\\\/fr\\\/prodotto\\\/cressi-dog-wetsuit-combinaison-neoprene-pour-chiens-taille-moyenne\\\/#primaryimage\",\"url\":\"https:\\\/\\\/www.cressidog.com\\\/wp-content\\\/uploads\\\/2018\\\/10\\\/cressi-dog-wetsuit-medio.jpg\",\"contentUrl\":\"https:\\\/\\\/www.cressidog.com\\\/wp-content\\\/uploads\\\/2018\\\/10\\\/cressi-dog-wetsuit-medio.jpg\",\"width\":1191,\"height\":800},{\"@type\":\"BreadcrumbList\",\"@id\":\"https:\\\/\\\/www.cressidog.com\\\/fr\\\/prodotto\\\/cressi-dog-wetsuit-combinaison-neoprene-pour-chiens-taille-moyenne\\\/#breadcrumb\",\"itemListElement\":[{\"@type\":\"ListItem\",\"position\":1,\"name\":\"Home\",\"item\":\"https:\\\/\\\/www.cressidog.com\\\/fr\\\/\"},{\"@type\":\"ListItem\",\"position\":2,\"name\":\"Boutique en ligne\",\"item\":\"https:\\\/\\\/www.cressidog.com\\\/fr\\\/boutique-en-ligne\\\/\"},{\"@type\":\"ListItem\",\"position\":3,\"name\":\"Cressi Dog Wetsuit &#8211; Combinaison n\u00e9opr\u00e8ne pour chiens &#8211; Taille moyenne\"}]},{\"@type\":\"WebSite\",\"@id\":\"https:\\\/\\\/www.cressidog.com\\\/#website\",\"url\":\"https:\\\/\\\/www.cressidog.com\\\/\",\"name\":\"Cressi Dog\",\"description\":\"Giubbotto salvagente per cani - dog life jacket per la sicurezza in del cane in acqua\",\"publisher\":{\"@id\":\"https:\\\/\\\/www.cressidog.com\\\/#organization\"},\"potentialAction\":[{\"@type\":\"SearchAction\",\"target\":{\"@type\":\"EntryPoint\",\"urlTemplate\":\"https:\\\/\\\/www.cressidog.com\\\/?s={search_term_string}\"},\"query-input\":{\"@type\":\"PropertyValueSpecification\",\"valueRequired\":true,\"valueName\":\"search_term_string\"}}],\"inLanguage\":\"fr-FR\"},{\"@type\":\"Organization\",\"@id\":\"https:\\\/\\\/www.cressidog.com\\\/#organization\",\"name\":\"Cressi Sub\",\"url\":\"https:\\\/\\\/www.cressidog.com\\\/\",\"logo\":{\"@type\":\"ImageObject\",\"inLanguage\":\"fr-FR\",\"@id\":\"https:\\\/\\\/www.cressidog.com\\\/#\\\/schema\\\/logo\\\/image\\\/\",\"url\":\"https:\\\/\\\/www.cressidog.com\\\/wp-content\\\/uploads\\\/2018\\\/09\\\/cressidog144.png\",\"contentUrl\":\"https:\\\/\\\/www.cressidog.com\\\/wp-content\\\/uploads\\\/2018\\\/09\\\/cressidog144.png\",\"width\":144,\"height\":144,\"caption\":\"Cressi Sub\"},\"image\":{\"@id\":\"https:\\\/\\\/www.cressidog.com\\\/#\\\/schema\\\/logo\\\/image\\\/\"},\"sameAs\":[\"https:\\\/\\\/www.facebook.com\\\/cressidoggear\\\/\",\"https:\\\/\\\/x.com\\\/cressiitaly\",\"https:\\\/\\\/www.instagram.com\\\/cressi.dog\\\/\",\"https:\\\/\\\/www.youtube.com\\\/channel\\\/UCmmmuYck73YIT08fiSvVbxw\"]}]}<\/script>\n<!-- \/ Yoast SEO Premium plugin. -->","yoast_head_json":{"title":"Cressi Dog Wetsuit - Combinaison n\u00e9opr\u00e8ne pour chiens - Taille moyenne","description":"La combinaison en n\u00e9opr\u00e8ne Cressi Dog est le support id\u00e9al pour une exp\u00e9rience aquatique sereine et s\u00fbre.","robots":{"index":"index","follow":"follow","max-snippet":"max-snippet:-1","max-image-preview":"max-image-preview:large","max-video-preview":"max-video-preview:-1"},"canonical":"https:\/\/www.cressidog.com\/fr\/prodotto\/cressi-dog-wetsuit-combinaison-neoprene-pour-chiens-taille-moyenne\/","og_locale":"fr_FR","og_type":"article","og_title":"Cressi Dog Wetsuit - Combinaison n\u00e9opr\u00e8ne pour chiens - Taille moyenne","og_description":"La combinaison en n\u00e9opr\u00e8ne Cressi Dog est le support id\u00e9al pour une exp\u00e9rience aquatique sereine et s\u00fbre.","og_url":"https:\/\/www.cressidog.com\/fr\/prodotto\/cressi-dog-wetsuit-combinaison-neoprene-pour-chiens-taille-moyenne\/","og_site_name":"Cressi Dog","article_publisher":"https:\/\/www.facebook.com\/cressidoggear\/","og_image":[{"width":1191,"height":800,"url":"https:\/\/www.cressidog.com\/wp-content\/uploads\/2018\/10\/cressi-dog-wetsuit-medio.jpg","type":"image\/jpeg"}],"twitter_card":"summary_large_image","twitter_site":"@cressiitaly","twitter_misc":{"Dur\u00e9e de lecture estim\u00e9e":"2 minutes"},"schema":{"@context":"https:\/\/schema.org","@graph":[{"@type":"WebPage","@id":"https:\/\/www.cressidog.com\/fr\/prodotto\/cressi-dog-wetsuit-combinaison-neoprene-pour-chiens-taille-moyenne\/","url":"https:\/\/www.cressidog.com\/fr\/prodotto\/cressi-dog-wetsuit-combinaison-neoprene-pour-chiens-taille-moyenne\/","name":"Cressi Dog Wetsuit - Combinaison n\u00e9opr\u00e8ne pour chiens - Taille moyenne","isPartOf":{"@id":"https:\/\/www.cressidog.com\/#website"},"primaryImageOfPage":{"@id":"https:\/\/www.cressidog.com\/fr\/prodotto\/cressi-dog-wetsuit-combinaison-neoprene-pour-chiens-taille-moyenne\/#primaryimage"},"image":{"@id":"https:\/\/www.cressidog.com\/fr\/prodotto\/cressi-dog-wetsuit-combinaison-neoprene-pour-chiens-taille-moyenne\/#primaryimage"},"thumbnailUrl":"https:\/\/www.cressidog.com\/wp-content\/uploads\/2018\/10\/cressi-dog-wetsuit-medio.jpg","datePublished":"2018-10-04T00:24:25+00:00","description":"La combinaison en n\u00e9opr\u00e8ne Cressi Dog est le support id\u00e9al pour une exp\u00e9rience aquatique sereine et s\u00fbre.","breadcrumb":{"@id":"https:\/\/www.cressidog.com\/fr\/prodotto\/cressi-dog-wetsuit-combinaison-neoprene-pour-chiens-taille-moyenne\/#breadcrumb"},"inLanguage":"fr-FR","potentialAction":[{"@type":"ReadAction","target":["https:\/\/www.cressidog.com\/fr\/prodotto\/cressi-dog-wetsuit-combinaison-neoprene-pour-chiens-taille-moyenne\/"]}]},{"@type":"ImageObject","inLanguage":"fr-FR","@id":"https:\/\/www.cressidog.com\/fr\/prodotto\/cressi-dog-wetsuit-combinaison-neoprene-pour-chiens-taille-moyenne\/#primaryimage","url":"https:\/\/www.cressidog.com\/wp-content\/uploads\/2018\/10\/cressi-dog-wetsuit-medio.jpg","contentUrl":"https:\/\/www.cressidog.com\/wp-content\/uploads\/2018\/10\/cressi-dog-wetsuit-medio.jpg","width":1191,"height":800},{"@type":"BreadcrumbList","@id":"https:\/\/www.cressidog.com\/fr\/prodotto\/cressi-dog-wetsuit-combinaison-neoprene-pour-chiens-taille-moyenne\/#breadcrumb","itemListElement":[{"@type":"ListItem","position":1,"name":"Home","item":"https:\/\/www.cressidog.com\/fr\/"},{"@type":"ListItem","position":2,"name":"Boutique en ligne","item":"https:\/\/www.cressidog.com\/fr\/boutique-en-ligne\/"},{"@type":"ListItem","position":3,"name":"Cressi Dog Wetsuit &#8211; Combinaison n\u00e9opr\u00e8ne pour chiens &#8211; Taille moyenne"}]},{"@type":"WebSite","@id":"https:\/\/www.cressidog.com\/#website","url":"https:\/\/www.cressidog.com\/","name":"Cressi Dog","description":"Giubbotto salvagente per cani - dog life jacket per la sicurezza in del cane in acqua","publisher":{"@id":"https:\/\/www.cressidog.com\/#organization"},"potentialAction":[{"@type":"SearchAction","target":{"@type":"EntryPoint","urlTemplate":"https:\/\/www.cressidog.com\/?s={search_term_string}"},"query-input":{"@type":"PropertyValueSpecification","valueRequired":true,"valueName":"search_term_string"}}],"inLanguage":"fr-FR"},{"@type":"Organization","@id":"https:\/\/www.cressidog.com\/#organization","name":"Cressi Sub","url":"https:\/\/www.cressidog.com\/","logo":{"@type":"ImageObject","inLanguage":"fr-FR","@id":"https:\/\/www.cressidog.com\/#\/schema\/logo\/image\/","url":"https:\/\/www.cressidog.com\/wp-content\/uploads\/2018\/09\/cressidog144.png","contentUrl":"https:\/\/www.cressidog.com\/wp-content\/uploads\/2018\/09\/cressidog144.png","width":144,"height":144,"caption":"Cressi Sub"},"image":{"@id":"https:\/\/www.cressidog.com\/#\/schema\/logo\/image\/"},"sameAs":["https:\/\/www.facebook.com\/cressidoggear\/","https:\/\/x.com\/cressiitaly","https:\/\/www.instagram.com\/cressi.dog\/","https:\/\/www.youtube.com\/channel\/UCmmmuYck73YIT08fiSvVbxw"]}]}},"_links":{"self":[{"href":"https:\/\/www.cressidog.com\/fr\/wp-json\/wp\/v2\/product\/3185","targetHints":{"allow":["GET"]}}],"collection":[{"href":"https:\/\/www.cressidog.com\/fr\/wp-json\/wp\/v2\/product"}],"about":[{"href":"https:\/\/www.cressidog.com\/fr\/wp-json\/wp\/v2\/types\/product"}],"wp:featuredmedia":[{"embeddable":true,"href":"https:\/\/www.cressidog.com\/fr\/wp-json\/wp\/v2\/media\/3186"}],"wp:attachment":[{"href":"https:\/\/www.cressidog.com\/fr\/wp-json\/wp\/v2\/media?parent=3185"}],"wp:term":[{"taxonomy":"product_brand","embeddable":true,"href":"https:\/\/www.cressidog.com\/fr\/wp-json\/wp\/v2\/product_brand?post=3185"},{"taxonomy":"product_cat","embeddable":true,"href":"https:\/\/www.cressidog.com\/fr\/wp-json\/wp\/v2\/product_cat?post=3185"},{"taxonomy":"product_tag","embeddable":true,"href":"https:\/\/www.cressidog.com\/fr\/wp-json\/wp\/v2\/product_tag?post=3185"}],"curies":[{"name":"wp","href":"https:\/\/api.w.org\/{rel}","templated":true}]}}