{"id":3156,"date":"2023-05-05T18:23:26","date_gmt":"2023-05-05T16:23:26","guid":{"rendered":"https:\/\/www.cressidog.com\/dog-life-jacket\/"},"modified":"2025-02-07T18:16:39","modified_gmt":"2025-02-07T17:16:39","slug":"gilet-de-sauvetage","status":"publish","type":"page","link":"https:\/\/www.cressidog.com\/fr\/gilet-de-sauvetage\/","title":{"rendered":"Dog Life Jacket"},"content":{"rendered":"<div class=\"wpb-content-wrapper\">[mk_page_section layout_structure=\u00a0\u00bbhalf_left\u00a0\u00bb bg_image=\u00a0\u00bbhttps:\/\/www.cressidog.com\/wp-content\/uploads\/2018\/10\/cressi-dog-lifejacket.jpg\u00a0\u00bb bg_image_portrait=\u00a0\u00bbhttps:\/\/www.cressidog.com\/wp-content\/uploads\/2018\/10\/cressi-dog-lifejacket-2-3.jpg\u00a0\u00bb bg_color=\u00a0\u00bb#f97252&Prime; full_width=\u00a0\u00bbtrue\u00a0\u00bb js_vertical_centered=\u00a0\u00bbtrue\u00a0\u00bb padding_top=\u00a0\u00bb0&Prime; padding_bottom=\u00a0\u00bb0&Prime;][vc_column][mk_padding_divider][mk_page_title_box page_title=\u00a0\u00bbCressi Dog Life Jacket:\u00a0\u00bb page_subtitle=\u00a0\u00bbs\u00e9curit\u00e9 totale\u00a0\u00bb section_height=\u00a0\u00bb200&Prime; bg_position=\u00a0\u00bbcenter center\u00a0\u00bb bg_repeat=\u00a0\u00bbno-repeat\u00a0\u00bb text_align=\u00a0\u00bbleft\u00a0\u00bb title_force_font_size=\u00a0\u00bbtrue\u00a0\u00bb title_size_smallscreen=\u00a0\u00bb40&Prime; title_size_tablet=\u00a0\u00bb40&Prime; title_size_phone=\u00a0\u00bb40&Prime; title_letter_spacing=\u00a0\u00bb0&Prime; font_color=\u00a0\u00bb#ffffff\u00a0\u00bb underline=\u00a0\u00bbfalse\u00a0\u00bb padding=\u00a0\u00bb0&Prime; sub_font_size=\u00a0\u00bb50&Prime; subtitle_force_font_size=\u00a0\u00bbtrue\u00a0\u00bb subtitle_size_smallscreen=\u00a0\u00bb40&Prime; subtitle_size_tablet=\u00a0\u00bb40&Prime; subtitle_size_phone=\u00a0\u00bb40&Prime; sub_font_color=\u00a0\u00bb#ffffff\u00a0\u00bb][vc_column_text css=\u00a0\u00bb.vc_custom_1540425503671{margin-bottom: 0px !important;}\u00a0\u00bb]<span style=\"color: #ffffff;\">En mer ou au lac, en bateau ou sur la plage, le gilet de sauvetage Cressi Dog vous garantit, \u00e0 vous et \u00e0 votre chien, une tranquillit\u00e9 d&rsquo;esprit absolue pour des moments d&rsquo;insouciance.<br \/>\nLa technologie la plus avanc\u00e9e et les mat\u00e9riaux de qualit\u00e9 de Cressi sont le support id\u00e9al pour des heures de jeu et de bonheur. materiali di Cressi sono l&rsquo;ausilio ideale per ore di gioco e di felicit\u00e0.<\/span>[\/vc_column_text][mk_padding_divider][mk_button dimension=\u00a0\u00bbdouble-outline\u00a0\u00bb size=\u00a0\u00bbmedium\u00a0\u00bb url=\u00a0\u00bbhttps:\/\/www.cressidog.com\/fr\/categorie-produits\/gilet-de-sauvetage-pour-chiens\/\u00a0\u00bb outline_skin=\u00a0\u00bbcustom\u00a0\u00bb outline_active_color=\u00a0\u00bb#ffffff\u00a0\u00bb outline_active_text_color=\u00a0\u00bb#f97252&Prime; outline_hover_bg_color=\u00a0\u00bb#ffed00&Prime; outline_hover_color=\u00a0\u00bb#000000&Prime;]Boutique en ligne[\/mk_button][\/vc_column][\/mk_page_section][mk_page_section][vc_column][mk_padding_divider size=\u00a0\u00bb80&Prime;][mk_fancy_title color=\u00a0\u00bb#000000&Prime; size=\u00a0\u00bb50&Prime; force_font_size=\u00a0\u00bbtrue\u00a0\u00bb size_smallscreen=\u00a0\u00bb40&Prime; size_tablet=\u00a0\u00bb40&Prime; size_phone=\u00a0\u00bb40&Prime; font_weight=\u00a0\u00bb600&Prime; font_family=\u00a0\u00bbnone\u00a0\u00bb align=\u00a0\u00bbcenter\u00a0\u00bb visibility=\u00a0\u00bbhidden-sm\u00a0\u00bb]Un plaisir sans souci[\/mk_fancy_title][mk_fancy_title color=\u00a0\u00bb#000000&Prime; size=\u00a0\u00bb30&Prime; font_weight=\u00a0\u00bb600&Prime; font_family=\u00a0\u00bbnone\u00a0\u00bb align=\u00a0\u00bbcenter\u00a0\u00bb visibility=\u00a0\u00bbvisible-sm\u00a0\u00bb]Un plaisir sans souci[\/mk_fancy_title][vc_row_inner attached=\u00a0\u00bbtrue\u00a0\u00bb column_padding=\u00a0\u00bb3&Prime;][vc_column_inner width=\u00a0\u00bb1\/2&Prime;][mk_padding_divider][mk_custom_list style=\u00a0\u00bbmk-li-like\u00a0\u00bb animation=\u00a0\u00bbleft-to-right\u00a0\u00bb]<strong>GILET DE SAUVETAGE POUR CHIENS<\/strong><\/p>\n<ul>\n<li>Disponible en 7 tailles diff\u00e9rentes.<\/li>\n<li>Facilite le flottement.<\/li>\n<li>Facilite la natation.<\/li>\n<li>Maintenir une position de nage correcte.<\/li>\n<li>Libert\u00e9 totale de mouvement dans et hors de l&rsquo;eau.<\/li>\n<li>Conception ergonomique.<\/li>\n<li>Boucle de laisse renforc\u00e9e.<\/li>\n<li>Poign\u00e9e confortable pour r\u00e9cup\u00e9rer le chien (trois dans les tailles L et XL).<\/li>\n<li>Inserts et garnitures r\u00e9fl\u00e9chissants pour augmenter la visibilit\u00e9 du chien dans toutes les situations.<\/li>\n<li>R\u00e9pond \u00e0 toutes les exigences de s\u00e9curit\u00e9 en mati\u00e8re de flottabilit\u00e9: <strong>EN 13138-1 (<span dir=\"ltr\" role=\"presentation\">BUOYANT AIDS FOR SWIMMING INSTRUCTION \u2010 PART 1: SAFETY REQUIREMENTS AND TEST \u00a0<\/span><\/strong><strong><span dir=\"ltr\" role=\"presentation\">METHODS FOR BUOYANT AIDS TO BE WORN<\/span><\/strong><\/li>\n<\/ul>\n[\/mk_custom_list][mk_button dimension=\u00a0\u00bbdouble-outline\u00a0\u00bb size=\u00a0\u00bbmedium\u00a0\u00bb url=\u00a0\u00bbhttps:\/\/www.cressidog.com\/fr\/categorie-produits\/gilet-de-sauvetage-pour-chiens\/\u00a0\u00bb outline_skin=\u00a0\u00bbcustom\u00a0\u00bb outline_active_color=\u00a0\u00bb#f97252&Prime; outline_active_text_color=\u00a0\u00bb#ffffff\u00a0\u00bb outline_hover_bg_color=\u00a0\u00bb#ffed00&Prime; outline_hover_color=\u00a0\u00bb#000000&Prime;]Achetez maintenant[\/mk_button][\/vc_column_inner][vc_column_inner width=\u00a0\u00bb1\/2&Prime;][vc_single_image image=\u00a0\u00bb252&Prime; img_size=\u00a0\u00bbfull\u00a0\u00bb css_animation=\u00a0\u00bbslideInRight\u00a0\u00bb][\/vc_column_inner][\/vc_row_inner][\/vc_column][\/mk_page_section][mk_page_section bg_color=\u00a0\u00bb#e0f4ff\u00a0\u00bb sidebar=\u00a0\u00bbsidebar-1&Prime;][vc_column][mk_padding_divider size=\u00a0\u00bb80&Prime;][mk_fancy_title color=\u00a0\u00bb#000000&Prime; size=\u00a0\u00bb50&Prime; font_weight=\u00a0\u00bb600&Prime; font_family=\u00a0\u00bbnone\u00a0\u00bb align=\u00a0\u00bbcenter\u00a0\u00bb]<strong>Regardez-moi nager!<\/strong>[\/mk_fancy_title][vc_row_inner][vc_column_inner width=\u00a0\u00bb1\/2&Prime;][vc_video link=\u00a0\u00bbhttps:\/\/vimeo.com\/296326432&Prime; autoplay=\u00a0\u00bbtrue\u00a0\u00bb loop=\u00a0\u00bbtrue\u00a0\u00bb hide_controls=\u00a0\u00bbtrue\u00a0\u00bb animation=\u00a0\u00bbleft-to-right\u00a0\u00bb][\/vc_column_inner][vc_column_inner width=\u00a0\u00bb1\/2&Prime;][mk_padding_divider][vc_column_text animation=\u00a0\u00bbright-to-left\u00a0\u00bb css=\u00a0\u00bb.vc_custom_1541781923827{margin-bottom: 0px !important;}\u00a0\u00bb]Comme c&rsquo;est beau de se baigner ! Se d\u00e9placer librement dans toutes les directions et sans danger. Flotter est facile, la fatigue ne s&rsquo;installe jamais : le plaisir est trop grand pour s&rsquo;arr\u00eater.<\/p>\n<p>Avec ces couleurs vives, tout le monde me voit. Ils sourient. Et peut-\u00eatre qu&rsquo;ils m&rsquo;envient un peu![\/vc_column_text][mk_button dimension=\u00a0\u00bbdouble-outline\u00a0\u00bb size=\u00a0\u00bbmedium\u00a0\u00bb url=\u00a0\u00bbhttps:\/\/www.cressidog.com\/fr\/categorie-produits\/gilet-de-sauvetage-pour-chiens\/\u00a0\u00bb outline_skin=\u00a0\u00bbcustom\u00a0\u00bb outline_active_color=\u00a0\u00bb#f97252&Prime; outline_active_text_color=\u00a0\u00bb#ffffff\u00a0\u00bb outline_hover_bg_color=\u00a0\u00bb#ffed00&Prime; outline_hover_color=\u00a0\u00bb#000000&Prime;]Achetez maintenant[\/mk_button][\/vc_column_inner][\/vc_row_inner][mk_padding_divider size=\u00a0\u00bb80&Prime;][\/vc_column][\/mk_page_section][mk_page_section bg_color=\u00a0\u00bb#4486bf\u00a0\u00bb bg_stretch=\u00a0\u00bbtrue\u00a0\u00bb min_height=\u00a0\u00bb250&Prime; full_width=\u00a0\u00bbtrue\u00a0\u00bb js_vertical_centered=\u00a0\u00bbtrue\u00a0\u00bb padding_top=\u00a0\u00bb40&Prime; padding_bottom=\u00a0\u00bb40&Prime; sidebar=\u00a0\u00bbsidebar-1&Prime;][vc_column width=\u00a0\u00bb1\/4&Prime;][vc_single_image image=\u00a0\u00bb20&Prime; img_size=\u00a0\u00bbfull\u00a0\u00bb alignment=\u00a0\u00bbcenter\u00a0\u00bb][\/vc_column][vc_column width=\u00a0\u00bb1\/4&Prime;][mk_milestone align=\u00a0\u00bbcenter\u00a0\u00bb suffix=\u00a0\u00bb%\u00a0\u00bb text=\u00a0\u00bbPlaisir\u00a0\u00bb text_color=\u00a0\u00bb#ffffff\u00a0\u00bb text_size=\u00a0\u00bb50&Prime; font_family=\u00a0\u00bbnone\u00a0\u00bb font_weight=\u00a0\u00bb600&Prime; desc_size=\u00a0\u00bb30&Prime;][\/vc_column][vc_column width=\u00a0\u00bb1\/4&Prime;][mk_milestone align=\u00a0\u00bbcenter\u00a0\u00bb stop=\u00a0\u00bb7&Prime; text=\u00a0\u00bbTailles differentes\u00a0\u00bb text_color=\u00a0\u00bb#ffffff\u00a0\u00bb text_size=\u00a0\u00bb50&Prime; font_family=\u00a0\u00bbnone\u00a0\u00bb font_weight=\u00a0\u00bb600&Prime; desc_size=\u00a0\u00bb30&Prime;][\/vc_column][vc_column width=\u00a0\u00bb1\/4&Prime;][mk_milestone align=\u00a0\u00bbcenter\u00a0\u00bb stop=\u00a0\u00bb0&Prime; text=\u00a0\u00bbfrais d&rsquo;exp\u00e9dition\u00a0\u00bb text_color=\u00a0\u00bb#ffffff\u00a0\u00bb text_size=\u00a0\u00bb50&Prime; font_family=\u00a0\u00bbnone\u00a0\u00bb font_weight=\u00a0\u00bb600&Prime; desc_size=\u00a0\u00bb30&Prime;][\/vc_column][\/mk_page_section]\n<\/div>","protected":false},"excerpt":{"rendered":"<p>[mk_page_section layout_structure=\u00a0\u00bbhalf_left\u00a0\u00bb bg_image=\u00a0\u00bbhttps:\/\/www.cressidog.com\/wp-content\/uploads\/2018\/10\/cressi-dog-lifejacket.jpg\u00a0\u00bb bg_image_portrait=\u00a0\u00bbhttps:\/\/www.cressidog.com\/wp-content\/uploads\/2018\/10\/cressi-dog-lifejacket-2-3.jpg\u00a0\u00bb bg_color=\u00a0\u00bb#f97252&Prime; full_width=\u00a0\u00bbtrue\u00a0\u00bb js_vertical_centered=\u00a0\u00bbtrue\u00a0\u00bb padding_top=\u00a0\u00bb0&Prime; padding_bottom=\u00a0\u00bb0&Prime;][vc_column][mk_padding_divider][mk_page_title_box page_title=\u00a0\u00bbCressi Dog Life Jacket:\u00a0\u00bb page_subtitle=\u00a0\u00bbs\u00e9curit\u00e9 totale\u00a0\u00bb section_height=\u00a0\u00bb200&Prime; bg_position=\u00a0\u00bbcenter center\u00a0\u00bb bg_repeat=\u00a0\u00bbno-repeat\u00a0\u00bb text_align=\u00a0\u00bbleft\u00a0\u00bb title_force_font_size=\u00a0\u00bbtrue\u00a0\u00bb title_size_smallscreen=\u00a0\u00bb40&Prime; title_size_tablet=\u00a0\u00bb40&Prime; title_size_phone=\u00a0\u00bb40&Prime; title_letter_spacing=\u00a0\u00bb0&Prime; font_color=\u00a0\u00bb#ffffff\u00a0\u00bb underline=\u00a0\u00bbfalse\u00a0\u00bb padding=\u00a0\u00bb0&Prime; sub_font_size=\u00a0\u00bb50&Prime; subtitle_force_font_size=\u00a0\u00bbtrue\u00a0\u00bb subtitle_size_smallscreen=\u00a0\u00bb40&Prime; subtitle_size_tablet=\u00a0\u00bb40&Prime; subtitle_size_phone=\u00a0\u00bb40&Prime; sub_font_color=\u00a0\u00bb#ffffff\u00a0\u00bb][vc_column_text css=\u00a0\u00bb.vc_custom_1540425503671{margin-bottom: 0px !important;}\u00a0\u00bb]En mer ou au lac, en bateau ou sur la plage, le gilet de sauvetage Cressi Dog vous garantit, [&hellip;]<\/p>\n","protected":false},"author":1,"featured_media":0,"parent":0,"menu_order":0,"comment_status":"closed","ping_status":"closed","template":"","meta":{"rs_blank_template":"","rs_page_bg_color":"","slide_template_v7":"","footnotes":""},"class_list":["post-3156","page","type-page","status-publish","hentry"],"yoast_head":"<!-- This site is optimized with the Yoast SEO Premium plugin v27.5 (Yoast SEO v27.6) - https:\/\/yoast.com\/product\/yoast-seo-premium-wordpress\/ -->\n<title>Dog Life Jacket - Gilet de sauvetage pour chiens - Cressi Dog<\/title>\n<meta name=\"description\" content=\"Dog Life Jacket: gilet de sauvetage pour chiens Cressi Dog, une aide id\u00e9ale pour une flottabilit\u00e9 optimale et la s\u00e9curit\u00e9 de ton chien dans l&#039;eau.\" \/>\n<meta name=\"robots\" content=\"index, follow, max-snippet:-1, max-image-preview:large, max-video-preview:-1\" \/>\n<link rel=\"canonical\" href=\"https:\/\/www.cressidog.com\/fr\/gilet-de-sauvetage\/\" \/>\n<meta property=\"og:locale\" content=\"fr_FR\" \/>\n<meta property=\"og:type\" content=\"article\" \/>\n<meta property=\"og:title\" content=\"Dog Life Jacket\" \/>\n<meta property=\"og:description\" content=\"Dog Life Jacket: gilet de sauvetage pour chiens Cressi Dog, une aide id\u00e9ale pour une flottabilit\u00e9 optimale et la s\u00e9curit\u00e9 de ton chien dans l&#039;eau.\" \/>\n<meta property=\"og:url\" content=\"https:\/\/www.cressidog.com\/fr\/gilet-de-sauvetage\/\" \/>\n<meta property=\"og:site_name\" content=\"Cressi Dog\" \/>\n<meta property=\"article:publisher\" content=\"https:\/\/www.facebook.com\/cressidoggear\/\" \/>\n<meta property=\"article:modified_time\" content=\"2025-02-07T17:16:39+00:00\" \/>\n<meta name=\"twitter:card\" content=\"summary_large_image\" \/>\n<meta name=\"twitter:site\" content=\"@cressiitaly\" \/>\n<meta name=\"twitter:label1\" content=\"Dur\u00e9e de lecture estim\u00e9e\" \/>\n\t<meta name=\"twitter:data1\" content=\"2 minutes\" \/>\n<script type=\"application\/ld+json\" class=\"yoast-schema-graph\">{\"@context\":\"https:\\\/\\\/schema.org\",\"@graph\":[{\"@type\":\"WebPage\",\"@id\":\"https:\\\/\\\/www.cressidog.com\\\/fr\\\/gilet-de-sauvetage\\\/\",\"url\":\"https:\\\/\\\/www.cressidog.com\\\/fr\\\/gilet-de-sauvetage\\\/\",\"name\":\"Dog Life Jacket - Gilet de sauvetage pour chiens - Cressi Dog\",\"isPartOf\":{\"@id\":\"https:\\\/\\\/www.cressidog.com\\\/#website\"},\"datePublished\":\"2023-05-05T16:23:26+00:00\",\"dateModified\":\"2025-02-07T17:16:39+00:00\",\"description\":\"Dog Life Jacket: gilet de sauvetage pour chiens Cressi Dog, une aide id\u00e9ale pour une flottabilit\u00e9 optimale et la s\u00e9curit\u00e9 de ton chien dans l'eau.\",\"breadcrumb\":{\"@id\":\"https:\\\/\\\/www.cressidog.com\\\/fr\\\/gilet-de-sauvetage\\\/#breadcrumb\"},\"inLanguage\":\"fr-FR\",\"potentialAction\":[{\"@type\":\"ReadAction\",\"target\":[\"https:\\\/\\\/www.cressidog.com\\\/fr\\\/gilet-de-sauvetage\\\/\"]}]},{\"@type\":\"BreadcrumbList\",\"@id\":\"https:\\\/\\\/www.cressidog.com\\\/fr\\\/gilet-de-sauvetage\\\/#breadcrumb\",\"itemListElement\":[{\"@type\":\"ListItem\",\"position\":1,\"name\":\"Home\",\"item\":\"https:\\\/\\\/www.cressidog.com\\\/fr\\\/\"},{\"@type\":\"ListItem\",\"position\":2,\"name\":\"Dog Life Jacket\"}]},{\"@type\":\"WebSite\",\"@id\":\"https:\\\/\\\/www.cressidog.com\\\/#website\",\"url\":\"https:\\\/\\\/www.cressidog.com\\\/\",\"name\":\"Cressi Dog\",\"description\":\"Giubbotto salvagente per cani - dog life jacket per la sicurezza in del cane in acqua\",\"publisher\":{\"@id\":\"https:\\\/\\\/www.cressidog.com\\\/#organization\"},\"potentialAction\":[{\"@type\":\"SearchAction\",\"target\":{\"@type\":\"EntryPoint\",\"urlTemplate\":\"https:\\\/\\\/www.cressidog.com\\\/?s={search_term_string}\"},\"query-input\":{\"@type\":\"PropertyValueSpecification\",\"valueRequired\":true,\"valueName\":\"search_term_string\"}}],\"inLanguage\":\"fr-FR\"},{\"@type\":\"Organization\",\"@id\":\"https:\\\/\\\/www.cressidog.com\\\/#organization\",\"name\":\"Cressi Sub\",\"url\":\"https:\\\/\\\/www.cressidog.com\\\/\",\"logo\":{\"@type\":\"ImageObject\",\"inLanguage\":\"fr-FR\",\"@id\":\"https:\\\/\\\/www.cressidog.com\\\/#\\\/schema\\\/logo\\\/image\\\/\",\"url\":\"https:\\\/\\\/www.cressidog.com\\\/wp-content\\\/uploads\\\/2018\\\/09\\\/cressidog144.png\",\"contentUrl\":\"https:\\\/\\\/www.cressidog.com\\\/wp-content\\\/uploads\\\/2018\\\/09\\\/cressidog144.png\",\"width\":144,\"height\":144,\"caption\":\"Cressi Sub\"},\"image\":{\"@id\":\"https:\\\/\\\/www.cressidog.com\\\/#\\\/schema\\\/logo\\\/image\\\/\"},\"sameAs\":[\"https:\\\/\\\/www.facebook.com\\\/cressidoggear\\\/\",\"https:\\\/\\\/x.com\\\/cressiitaly\",\"https:\\\/\\\/www.instagram.com\\\/cressi.dog\\\/\",\"https:\\\/\\\/www.youtube.com\\\/channel\\\/UCmmmuYck73YIT08fiSvVbxw\"]}]}<\/script>\n<!-- \/ Yoast SEO Premium plugin. -->","yoast_head_json":{"title":"Dog Life Jacket - Gilet de sauvetage pour chiens - Cressi Dog","description":"Dog Life Jacket: gilet de sauvetage pour chiens Cressi Dog, une aide id\u00e9ale pour une flottabilit\u00e9 optimale et la s\u00e9curit\u00e9 de ton chien dans l'eau.","robots":{"index":"index","follow":"follow","max-snippet":"max-snippet:-1","max-image-preview":"max-image-preview:large","max-video-preview":"max-video-preview:-1"},"canonical":"https:\/\/www.cressidog.com\/fr\/gilet-de-sauvetage\/","og_locale":"fr_FR","og_type":"article","og_title":"Dog Life Jacket","og_description":"Dog Life Jacket: gilet de sauvetage pour chiens Cressi Dog, une aide id\u00e9ale pour une flottabilit\u00e9 optimale et la s\u00e9curit\u00e9 de ton chien dans l'eau.","og_url":"https:\/\/www.cressidog.com\/fr\/gilet-de-sauvetage\/","og_site_name":"Cressi Dog","article_publisher":"https:\/\/www.facebook.com\/cressidoggear\/","article_modified_time":"2025-02-07T17:16:39+00:00","twitter_card":"summary_large_image","twitter_site":"@cressiitaly","twitter_misc":{"Dur\u00e9e de lecture estim\u00e9e":"2 minutes"},"schema":{"@context":"https:\/\/schema.org","@graph":[{"@type":"WebPage","@id":"https:\/\/www.cressidog.com\/fr\/gilet-de-sauvetage\/","url":"https:\/\/www.cressidog.com\/fr\/gilet-de-sauvetage\/","name":"Dog Life Jacket - Gilet de sauvetage pour chiens - Cressi Dog","isPartOf":{"@id":"https:\/\/www.cressidog.com\/#website"},"datePublished":"2023-05-05T16:23:26+00:00","dateModified":"2025-02-07T17:16:39+00:00","description":"Dog Life Jacket: gilet de sauvetage pour chiens Cressi Dog, une aide id\u00e9ale pour une flottabilit\u00e9 optimale et la s\u00e9curit\u00e9 de ton chien dans l'eau.","breadcrumb":{"@id":"https:\/\/www.cressidog.com\/fr\/gilet-de-sauvetage\/#breadcrumb"},"inLanguage":"fr-FR","potentialAction":[{"@type":"ReadAction","target":["https:\/\/www.cressidog.com\/fr\/gilet-de-sauvetage\/"]}]},{"@type":"BreadcrumbList","@id":"https:\/\/www.cressidog.com\/fr\/gilet-de-sauvetage\/#breadcrumb","itemListElement":[{"@type":"ListItem","position":1,"name":"Home","item":"https:\/\/www.cressidog.com\/fr\/"},{"@type":"ListItem","position":2,"name":"Dog Life Jacket"}]},{"@type":"WebSite","@id":"https:\/\/www.cressidog.com\/#website","url":"https:\/\/www.cressidog.com\/","name":"Cressi Dog","description":"Giubbotto salvagente per cani - dog life jacket per la sicurezza in del cane in acqua","publisher":{"@id":"https:\/\/www.cressidog.com\/#organization"},"potentialAction":[{"@type":"SearchAction","target":{"@type":"EntryPoint","urlTemplate":"https:\/\/www.cressidog.com\/?s={search_term_string}"},"query-input":{"@type":"PropertyValueSpecification","valueRequired":true,"valueName":"search_term_string"}}],"inLanguage":"fr-FR"},{"@type":"Organization","@id":"https:\/\/www.cressidog.com\/#organization","name":"Cressi Sub","url":"https:\/\/www.cressidog.com\/","logo":{"@type":"ImageObject","inLanguage":"fr-FR","@id":"https:\/\/www.cressidog.com\/#\/schema\/logo\/image\/","url":"https:\/\/www.cressidog.com\/wp-content\/uploads\/2018\/09\/cressidog144.png","contentUrl":"https:\/\/www.cressidog.com\/wp-content\/uploads\/2018\/09\/cressidog144.png","width":144,"height":144,"caption":"Cressi Sub"},"image":{"@id":"https:\/\/www.cressidog.com\/#\/schema\/logo\/image\/"},"sameAs":["https:\/\/www.facebook.com\/cressidoggear\/","https:\/\/x.com\/cressiitaly","https:\/\/www.instagram.com\/cressi.dog\/","https:\/\/www.youtube.com\/channel\/UCmmmuYck73YIT08fiSvVbxw"]}]}},"_links":{"self":[{"href":"https:\/\/www.cressidog.com\/fr\/wp-json\/wp\/v2\/pages\/3156","targetHints":{"allow":["GET"]}}],"collection":[{"href":"https:\/\/www.cressidog.com\/fr\/wp-json\/wp\/v2\/pages"}],"about":[{"href":"https:\/\/www.cressidog.com\/fr\/wp-json\/wp\/v2\/types\/page"}],"author":[{"embeddable":true,"href":"https:\/\/www.cressidog.com\/fr\/wp-json\/wp\/v2\/users\/1"}],"replies":[{"embeddable":true,"href":"https:\/\/www.cressidog.com\/fr\/wp-json\/wp\/v2\/comments?post=3156"}],"version-history":[{"count":7,"href":"https:\/\/www.cressidog.com\/fr\/wp-json\/wp\/v2\/pages\/3156\/revisions"}],"predecessor-version":[{"id":3783,"href":"https:\/\/www.cressidog.com\/fr\/wp-json\/wp\/v2\/pages\/3156\/revisions\/3783"}],"wp:attachment":[{"href":"https:\/\/www.cressidog.com\/fr\/wp-json\/wp\/v2\/media?parent=3156"}],"curies":[{"name":"wp","href":"https:\/\/api.w.org\/{rel}","templated":true}]}}