{"id":3147,"date":"2021-01-07T00:27:51","date_gmt":"2021-01-06T23:27:51","guid":{"rendered":"https:\/\/www.cressidog.com\/dog-wetsuit\/"},"modified":"2023-05-10T16:58:29","modified_gmt":"2023-05-10T14:58:29","slug":"dog-wetsuit","status":"publish","type":"page","link":"https:\/\/www.cressidog.com\/fr\/dog-wetsuit\/","title":{"rendered":"Dog Wetsuit"},"content":{"rendered":"<div class=\"wpb-content-wrapper\">[mk_page_section layout_structure=\u00a0\u00bbhalf_left\u00a0\u00bb bg_image=\u00a0\u00bbhttps:\/\/www.cressidog.com\/wp-content\/uploads\/2018\/10\/cressi-dog-wetsuit-tuffo.jpg\u00a0\u00bb bg_color=\u00a0\u00bb#f97252&Prime; full_width=\u00a0\u00bbtrue\u00a0\u00bb js_vertical_centered=\u00a0\u00bbtrue\u00a0\u00bb padding_top=\u00a0\u00bb0&Prime; padding_bottom=\u00a0\u00bb0&Prime;][vc_column][mk_padding_divider][mk_page_title_box page_title=\u00a0\u00bbCressi Dog Wetsuit:\u00a0\u00bb page_subtitle=\u00a0\u00bbun plaisir sans fin.\u00a0\u00bb section_height=\u00a0\u00bb200&Prime; bg_position=\u00a0\u00bbcenter center\u00a0\u00bb bg_repeat=\u00a0\u00bbno-repeat\u00a0\u00bb text_align=\u00a0\u00bbleft\u00a0\u00bb title_force_font_size=\u00a0\u00bbtrue\u00a0\u00bb title_size_smallscreen=\u00a0\u00bb40&Prime; title_size_tablet=\u00a0\u00bb40&Prime; title_size_phone=\u00a0\u00bb40&Prime; title_letter_spacing=\u00a0\u00bb0&Prime; font_color=\u00a0\u00bb#ffffff\u00a0\u00bb underline=\u00a0\u00bbfalse\u00a0\u00bb padding=\u00a0\u00bb0&Prime; sub_font_size=\u00a0\u00bb50&Prime; subtitle_force_font_size=\u00a0\u00bbtrue\u00a0\u00bb subtitle_size_smallscreen=\u00a0\u00bb40&Prime; subtitle_size_tablet=\u00a0\u00bb40&Prime; subtitle_size_phone=\u00a0\u00bb40&Prime; sub_font_color=\u00a0\u00bb#ffffff\u00a0\u00bb][vc_column_text css=\u00a0\u00bb.vc_custom_1683298582006{margin-bottom: 0px !important;}\u00a0\u00bb]<span style=\"color: #ffffff;\">Toute la recherche et la qualit\u00e9 de la marque Cressi sont d\u00e9sormais au service de ton chien. La combinaison Cressi Dog le prot\u00e8ge du froid dans l&rsquo;eau en lui garantissant, ainsi qu&rsquo;\u00e0 toi, des moments de plaisir inoubliables.<\/span>[\/vc_column_text][mk_button dimension=\u00a0\u00bbdouble-outline\u00a0\u00bb size=\u00a0\u00bbmedium\u00a0\u00bb url=\u00a0\u00bbhttps:\/\/www.cressidog.com\/fr\/categorie-produits\/dog-wetsuit-combinaison-en-neoprene-pour-chiens\/\u00a0\u00bb outline_skin=\u00a0\u00bbcustom\u00a0\u00bb outline_active_color=\u00a0\u00bb#ffffff\u00a0\u00bb outline_active_text_color=\u00a0\u00bb#f97252&Prime; outline_hover_bg_color=\u00a0\u00bb#ffed00&Prime; outline_hover_color=\u00a0\u00bb#000000&Prime;]Achetez maintenant[\/mk_button][mk_padding_divider][\/vc_column][\/mk_page_section][mk_page_section][vc_column][mk_padding_divider size=\u00a0\u00bb80&Prime;][mk_fancy_title color=\u00a0\u00bb#000000&Prime; size=\u00a0\u00bb50&Prime; force_font_size=\u00a0\u00bbtrue\u00a0\u00bb size_smallscreen=\u00a0\u00bb40&Prime; size_tablet=\u00a0\u00bb40&Prime; size_phone=\u00a0\u00bb40&Prime; font_weight=\u00a0\u00bb600&Prime; font_family=\u00a0\u00bbnone\u00a0\u00bb align=\u00a0\u00bbcenter\u00a0\u00bb]Dans l&rsquo;eau. En s\u00e9curit\u00e9, au chaud.[\/mk_fancy_title][vc_row_inner attached=\u00a0\u00bbtrue\u00a0\u00bb column_padding=\u00a0\u00bb3&Prime;][vc_column_inner width=\u00a0\u00bb1\/2&Prime;][mk_custom_list style=\u00a0\u00bbmk-li-like\u00a0\u00bb animation=\u00a0\u00bbleft-to-right\u00a0\u00bb]\n<ul>\n<li>Disponible en 11 tailles diff\u00e9rentes.<\/li>\n<li>Ralentit la dispersion de la chaleur corporelle.<\/li>\n<li>Facilite la flottaison.<\/li>\n<li>R\u00e9duit le risque de syndrome de la queue cass\u00e9e d\u00fb \u00e0 un refroidissement excessif du chien.<\/li>\n<li>Conception enveloppante pour un confort accru dans l&rsquo;eau.<\/li>\n<li>Facile \u00e0 enfiler gr\u00e2ce \u00e0 la fermeture \u00e9clair \u00e0 ouverture totale situ\u00e9e \u00e0 l&rsquo;arri\u00e8re.<\/li>\n<li>Fabriqu\u00e9 par Cressi en Italie.<\/li>\n<\/ul>\n[\/mk_custom_list][mk_button dimension=\u00a0\u00bbdouble-outline\u00a0\u00bb size=\u00a0\u00bbmedium\u00a0\u00bb url=\u00a0\u00bbhttps:\/\/www.cressidog.com\/fr\/categorie-produits\/dog-wetsuit-combinaison-en-neoprene-pour-chiens\/\u00a0\u00bb outline_skin=\u00a0\u00bbcustom\u00a0\u00bb outline_active_color=\u00a0\u00bb#f97252&Prime; outline_active_text_color=\u00a0\u00bb#ffffff\u00a0\u00bb outline_hover_bg_color=\u00a0\u00bb#ffed00&Prime; outline_hover_color=\u00a0\u00bb#000000&Prime;]Achetez maintenant[\/mk_button][\/vc_column_inner][vc_column_inner width=\u00a0\u00bb1\/2&Prime;][vc_single_image image=\u00a0\u00bb2091&Prime; img_size=\u00a0\u00bbfull\u00a0\u00bb css_animation=\u00a0\u00bbslideInRight\u00a0\u00bb][\/vc_column_inner][\/vc_row_inner][\/vc_column][\/mk_page_section][mk_page_section bg_color=\u00a0\u00bb#e0f4ff\u00a0\u00bb sidebar=\u00a0\u00bbsidebar-1&Prime;][vc_column][mk_padding_divider size=\u00a0\u00bb80&Prime;][mk_fancy_title color=\u00a0\u00bb#000000&Prime; size=\u00a0\u00bb50&Prime; force_font_size=\u00a0\u00bbtrue\u00a0\u00bb size_smallscreen=\u00a0\u00bb40&Prime; size_tablet=\u00a0\u00bb40&Prime; size_phone=\u00a0\u00bb40&Prime; font_weight=\u00a0\u00bb600&Prime; font_family=\u00a0\u00bbnone\u00a0\u00bb align=\u00a0\u00bbcenter\u00a0\u00bb]Regardez-moi jouer![\/mk_fancy_title][vc_row_inner][vc_column_inner width=\u00a0\u00bb1\/2&Prime;][vc_video link=\u00a0\u00bbhttps:\/\/vimeo.com\/296218429&Prime; autoplay=\u00a0\u00bbtrue\u00a0\u00bb loop=\u00a0\u00bbtrue\u00a0\u00bb hide_controls=\u00a0\u00bbtrue\u00a0\u00bb animation=\u00a0\u00bbleft-to-right\u00a0\u00bb][\/vc_column_inner][vc_column_inner width=\u00a0\u00bb1\/2&Prime;][mk_padding_divider][vc_column_text animation=\u00a0\u00bbright-to-left\u00a0\u00bb css=\u00a0\u00bb.vc_custom_1683302070745{margin-bottom: 0px !important;}\u00a0\u00bb]Des moments de pur bonheur. Le genre que vous souhaiteriez ne jamais voir se terminer et dont vous vous souviendrez toujours.<\/p>\n<p>Plongeons sans fin, grandes nages, sprints dans l&rsquo;eau, un os \u00e0 frapper m\u00eame ici ! Et nous deux toujours ensemble, ins\u00e9parables m\u00eame dans la mer, le lac et la piscine ![\/vc_column_text][mk_button dimension=\u00a0\u00bbdouble-outline\u00a0\u00bb size=\u00a0\u00bbmedium\u00a0\u00bb url=\u00a0\u00bbhttps:\/\/www.cressidog.com\/fr\/categorie-produits\/dog-wetsuit-combinaison-en-neoprene-pour-chiens\/\u00a0\u00bb outline_skin=\u00a0\u00bbcustom\u00a0\u00bb outline_active_color=\u00a0\u00bb#f97252&Prime; outline_active_text_color=\u00a0\u00bb#ffffff\u00a0\u00bb outline_hover_bg_color=\u00a0\u00bb#ffed00&Prime; outline_hover_color=\u00a0\u00bb#000000&Prime;]Achetez maintenant![\/mk_button][\/vc_column_inner][\/vc_row_inner][mk_padding_divider size=\u00a0\u00bb80&Prime;][\/vc_column][\/mk_page_section][mk_page_section bg_color=\u00a0\u00bb#4486bf\u00a0\u00bb bg_stretch=\u00a0\u00bbtrue\u00a0\u00bb min_height=\u00a0\u00bb250&Prime; full_width=\u00a0\u00bbtrue\u00a0\u00bb js_vertical_centered=\u00a0\u00bbtrue\u00a0\u00bb padding_top=\u00a0\u00bb40&Prime; padding_bottom=\u00a0\u00bb40&Prime; sidebar=\u00a0\u00bbsidebar-1&Prime;][vc_column width=\u00a0\u00bb1\/4&Prime;][vc_single_image image=\u00a0\u00bb20&Prime; img_size=\u00a0\u00bbfull\u00a0\u00bb alignment=\u00a0\u00bbcenter\u00a0\u00bb][\/vc_column][vc_column width=\u00a0\u00bb1\/4&Prime;][mk_milestone align=\u00a0\u00bbcenter\u00a0\u00bb suffix=\u00a0\u00bb%\u00a0\u00bb text=\u00a0\u00bbN\u00e9opr\u00e8ne\u00a0\u00bb text_color=\u00a0\u00bb#ffffff\u00a0\u00bb text_size=\u00a0\u00bb50&Prime; font_family=\u00a0\u00bbnone\u00a0\u00bb font_weight=\u00a0\u00bb600&Prime; desc_size=\u00a0\u00bb30&Prime;][\/vc_column][vc_column width=\u00a0\u00bb1\/4&Prime;][mk_milestone align=\u00a0\u00bbcenter\u00a0\u00bb stop=\u00a0\u00bb11&Prime; text=\u00a0\u00bbTailles diff\u00e9rentes\u00a0\u00bb text_color=\u00a0\u00bb#ffffff\u00a0\u00bb text_size=\u00a0\u00bb50&Prime; font_family=\u00a0\u00bbnone\u00a0\u00bb font_weight=\u00a0\u00bb600&Prime; desc_size=\u00a0\u00bb30&Prime;][\/vc_column][vc_column width=\u00a0\u00bb1\/4&Prime;][mk_milestone align=\u00a0\u00bbcenter\u00a0\u00bb suffix=\u00a0\u00bb%\u00a0\u00bb text=\u00a0\u00bbMade in Italy\u00a0\u00bb text_color=\u00a0\u00bb#fcfcfc\u00a0\u00bb text_size=\u00a0\u00bb50&Prime; font_family=\u00a0\u00bbnone\u00a0\u00bb font_weight=\u00a0\u00bb600&Prime; desc_size=\u00a0\u00bb30&Prime;][\/vc_column][\/mk_page_section]\n<\/div>","protected":false},"excerpt":{"rendered":"<p>[mk_page_section layout_structure=\u00a0\u00bbhalf_left\u00a0\u00bb bg_image=\u00a0\u00bbhttps:\/\/www.cressidog.com\/wp-content\/uploads\/2018\/10\/cressi-dog-wetsuit-tuffo.jpg\u00a0\u00bb bg_color=\u00a0\u00bb#f97252&Prime; full_width=\u00a0\u00bbtrue\u00a0\u00bb js_vertical_centered=\u00a0\u00bbtrue\u00a0\u00bb padding_top=\u00a0\u00bb0&Prime; padding_bottom=\u00a0\u00bb0&Prime;][vc_column][mk_padding_divider][mk_page_title_box page_title=\u00a0\u00bbCressi Dog Wetsuit:\u00a0\u00bb page_subtitle=\u00a0\u00bbun plaisir sans fin.\u00a0\u00bb section_height=\u00a0\u00bb200&Prime; bg_position=\u00a0\u00bbcenter center\u00a0\u00bb bg_repeat=\u00a0\u00bbno-repeat\u00a0\u00bb text_align=\u00a0\u00bbleft\u00a0\u00bb title_force_font_size=\u00a0\u00bbtrue\u00a0\u00bb title_size_smallscreen=\u00a0\u00bb40&Prime; title_size_tablet=\u00a0\u00bb40&Prime; title_size_phone=\u00a0\u00bb40&Prime; title_letter_spacing=\u00a0\u00bb0&Prime; font_color=\u00a0\u00bb#ffffff\u00a0\u00bb underline=\u00a0\u00bbfalse\u00a0\u00bb padding=\u00a0\u00bb0&Prime; sub_font_size=\u00a0\u00bb50&Prime; subtitle_force_font_size=\u00a0\u00bbtrue\u00a0\u00bb subtitle_size_smallscreen=\u00a0\u00bb40&Prime; subtitle_size_tablet=\u00a0\u00bb40&Prime; subtitle_size_phone=\u00a0\u00bb40&Prime; sub_font_color=\u00a0\u00bb#ffffff\u00a0\u00bb][vc_column_text css=\u00a0\u00bb.vc_custom_1683298582006{margin-bottom: 0px !important;}\u00a0\u00bb]Toute la recherche et la qualit\u00e9 de la marque Cressi sont d\u00e9sormais au service de ton chien. La combinaison [&hellip;]<\/p>\n","protected":false},"author":4,"featured_media":0,"parent":0,"menu_order":0,"comment_status":"closed","ping_status":"closed","template":"","meta":{"rs_blank_template":"","rs_page_bg_color":"","slide_template_v7":"","footnotes":""},"class_list":["post-3147","page","type-page","status-publish","hentry"],"yoast_head":"<!-- This site is optimized with the Yoast SEO Premium plugin v26.9 (Yoast SEO v27.4) - https:\/\/yoast.com\/product\/yoast-seo-premium-wordpress\/ -->\n<title>Dog Wetsuit - Cressi Dog<\/title>\n<meta name=\"description\" content=\"Combinaison en n\u00e9opr\u00e8ne pour chiens cr\u00e9\u00e9e par Cressi pour prot\u00e9ger votre ami \u00e0 quatre pattes du froid et lui permettre de jouer dans l&#039;eau en toute s\u00e9curit\u00e9\" \/>\n<meta name=\"robots\" content=\"index, follow, max-snippet:-1, max-image-preview:large, max-video-preview:-1\" \/>\n<link rel=\"canonical\" href=\"https:\/\/www.cressidog.com\/fr\/dog-wetsuit\/\" \/>\n<meta property=\"og:locale\" content=\"fr_FR\" \/>\n<meta property=\"og:type\" content=\"article\" \/>\n<meta property=\"og:title\" content=\"Dog Wetsuit\" \/>\n<meta property=\"og:description\" content=\"Combinaison en n\u00e9opr\u00e8ne pour chiens cr\u00e9\u00e9e par Cressi pour prot\u00e9ger votre ami \u00e0 quatre pattes du froid et lui permettre de jouer dans l&#039;eau en toute s\u00e9curit\u00e9\" \/>\n<meta property=\"og:url\" content=\"https:\/\/www.cressidog.com\/fr\/dog-wetsuit\/\" \/>\n<meta property=\"og:site_name\" content=\"Cressi Dog\" \/>\n<meta property=\"article:publisher\" content=\"https:\/\/www.facebook.com\/cressidoggear\/\" \/>\n<meta property=\"article:modified_time\" content=\"2023-05-10T14:58:29+00:00\" \/>\n<meta name=\"twitter:card\" content=\"summary_large_image\" \/>\n<meta name=\"twitter:site\" content=\"@cressiitaly\" \/>\n<meta name=\"twitter:label1\" content=\"Dur\u00e9e de lecture estim\u00e9e\" \/>\n\t<meta name=\"twitter:data1\" content=\"2 minutes\" \/>\n<script type=\"application\/ld+json\" class=\"yoast-schema-graph\">{\"@context\":\"https:\\\/\\\/schema.org\",\"@graph\":[{\"@type\":\"WebPage\",\"@id\":\"https:\\\/\\\/www.cressidog.com\\\/fr\\\/dog-wetsuit\\\/\",\"url\":\"https:\\\/\\\/www.cressidog.com\\\/fr\\\/dog-wetsuit\\\/\",\"name\":\"Dog Wetsuit - Cressi Dog\",\"isPartOf\":{\"@id\":\"https:\\\/\\\/www.cressidog.com\\\/#website\"},\"datePublished\":\"2021-01-06T23:27:51+00:00\",\"dateModified\":\"2023-05-10T14:58:29+00:00\",\"description\":\"Combinaison en n\u00e9opr\u00e8ne pour chiens cr\u00e9\u00e9e par Cressi pour prot\u00e9ger votre ami \u00e0 quatre pattes du froid et lui permettre de jouer dans l'eau en toute s\u00e9curit\u00e9\",\"breadcrumb\":{\"@id\":\"https:\\\/\\\/www.cressidog.com\\\/fr\\\/dog-wetsuit\\\/#breadcrumb\"},\"inLanguage\":\"fr-FR\",\"potentialAction\":[{\"@type\":\"ReadAction\",\"target\":[\"https:\\\/\\\/www.cressidog.com\\\/fr\\\/dog-wetsuit\\\/\"]}]},{\"@type\":\"BreadcrumbList\",\"@id\":\"https:\\\/\\\/www.cressidog.com\\\/fr\\\/dog-wetsuit\\\/#breadcrumb\",\"itemListElement\":[{\"@type\":\"ListItem\",\"position\":1,\"name\":\"Home\",\"item\":\"https:\\\/\\\/www.cressidog.com\\\/fr\\\/\"},{\"@type\":\"ListItem\",\"position\":2,\"name\":\"Dog Wetsuit\"}]},{\"@type\":\"WebSite\",\"@id\":\"https:\\\/\\\/www.cressidog.com\\\/#website\",\"url\":\"https:\\\/\\\/www.cressidog.com\\\/\",\"name\":\"Cressi Dog\",\"description\":\"Giubbotto salvagente per cani - dog life jacket per la sicurezza in del cane in acqua\",\"publisher\":{\"@id\":\"https:\\\/\\\/www.cressidog.com\\\/#organization\"},\"potentialAction\":[{\"@type\":\"SearchAction\",\"target\":{\"@type\":\"EntryPoint\",\"urlTemplate\":\"https:\\\/\\\/www.cressidog.com\\\/?s={search_term_string}\"},\"query-input\":{\"@type\":\"PropertyValueSpecification\",\"valueRequired\":true,\"valueName\":\"search_term_string\"}}],\"inLanguage\":\"fr-FR\"},{\"@type\":\"Organization\",\"@id\":\"https:\\\/\\\/www.cressidog.com\\\/#organization\",\"name\":\"Cressi Sub\",\"url\":\"https:\\\/\\\/www.cressidog.com\\\/\",\"logo\":{\"@type\":\"ImageObject\",\"inLanguage\":\"fr-FR\",\"@id\":\"https:\\\/\\\/www.cressidog.com\\\/#\\\/schema\\\/logo\\\/image\\\/\",\"url\":\"https:\\\/\\\/www.cressidog.com\\\/wp-content\\\/uploads\\\/2018\\\/09\\\/cressidog144.png\",\"contentUrl\":\"https:\\\/\\\/www.cressidog.com\\\/wp-content\\\/uploads\\\/2018\\\/09\\\/cressidog144.png\",\"width\":144,\"height\":144,\"caption\":\"Cressi Sub\"},\"image\":{\"@id\":\"https:\\\/\\\/www.cressidog.com\\\/#\\\/schema\\\/logo\\\/image\\\/\"},\"sameAs\":[\"https:\\\/\\\/www.facebook.com\\\/cressidoggear\\\/\",\"https:\\\/\\\/x.com\\\/cressiitaly\",\"https:\\\/\\\/www.instagram.com\\\/cressi.dog\\\/\",\"https:\\\/\\\/www.youtube.com\\\/channel\\\/UCmmmuYck73YIT08fiSvVbxw\"]}]}<\/script>\n<!-- \/ Yoast SEO Premium plugin. -->","yoast_head_json":{"title":"Dog Wetsuit - Cressi Dog","description":"Combinaison en n\u00e9opr\u00e8ne pour chiens cr\u00e9\u00e9e par Cressi pour prot\u00e9ger votre ami \u00e0 quatre pattes du froid et lui permettre de jouer dans l'eau en toute s\u00e9curit\u00e9","robots":{"index":"index","follow":"follow","max-snippet":"max-snippet:-1","max-image-preview":"max-image-preview:large","max-video-preview":"max-video-preview:-1"},"canonical":"https:\/\/www.cressidog.com\/fr\/dog-wetsuit\/","og_locale":"fr_FR","og_type":"article","og_title":"Dog Wetsuit","og_description":"Combinaison en n\u00e9opr\u00e8ne pour chiens cr\u00e9\u00e9e par Cressi pour prot\u00e9ger votre ami \u00e0 quatre pattes du froid et lui permettre de jouer dans l'eau en toute s\u00e9curit\u00e9","og_url":"https:\/\/www.cressidog.com\/fr\/dog-wetsuit\/","og_site_name":"Cressi Dog","article_publisher":"https:\/\/www.facebook.com\/cressidoggear\/","article_modified_time":"2023-05-10T14:58:29+00:00","twitter_card":"summary_large_image","twitter_site":"@cressiitaly","twitter_misc":{"Dur\u00e9e de lecture estim\u00e9e":"2 minutes"},"schema":{"@context":"https:\/\/schema.org","@graph":[{"@type":"WebPage","@id":"https:\/\/www.cressidog.com\/fr\/dog-wetsuit\/","url":"https:\/\/www.cressidog.com\/fr\/dog-wetsuit\/","name":"Dog Wetsuit - Cressi Dog","isPartOf":{"@id":"https:\/\/www.cressidog.com\/#website"},"datePublished":"2021-01-06T23:27:51+00:00","dateModified":"2023-05-10T14:58:29+00:00","description":"Combinaison en n\u00e9opr\u00e8ne pour chiens cr\u00e9\u00e9e par Cressi pour prot\u00e9ger votre ami \u00e0 quatre pattes du froid et lui permettre de jouer dans l'eau en toute s\u00e9curit\u00e9","breadcrumb":{"@id":"https:\/\/www.cressidog.com\/fr\/dog-wetsuit\/#breadcrumb"},"inLanguage":"fr-FR","potentialAction":[{"@type":"ReadAction","target":["https:\/\/www.cressidog.com\/fr\/dog-wetsuit\/"]}]},{"@type":"BreadcrumbList","@id":"https:\/\/www.cressidog.com\/fr\/dog-wetsuit\/#breadcrumb","itemListElement":[{"@type":"ListItem","position":1,"name":"Home","item":"https:\/\/www.cressidog.com\/fr\/"},{"@type":"ListItem","position":2,"name":"Dog Wetsuit"}]},{"@type":"WebSite","@id":"https:\/\/www.cressidog.com\/#website","url":"https:\/\/www.cressidog.com\/","name":"Cressi Dog","description":"Giubbotto salvagente per cani - dog life jacket per la sicurezza in del cane in acqua","publisher":{"@id":"https:\/\/www.cressidog.com\/#organization"},"potentialAction":[{"@type":"SearchAction","target":{"@type":"EntryPoint","urlTemplate":"https:\/\/www.cressidog.com\/?s={search_term_string}"},"query-input":{"@type":"PropertyValueSpecification","valueRequired":true,"valueName":"search_term_string"}}],"inLanguage":"fr-FR"},{"@type":"Organization","@id":"https:\/\/www.cressidog.com\/#organization","name":"Cressi Sub","url":"https:\/\/www.cressidog.com\/","logo":{"@type":"ImageObject","inLanguage":"fr-FR","@id":"https:\/\/www.cressidog.com\/#\/schema\/logo\/image\/","url":"https:\/\/www.cressidog.com\/wp-content\/uploads\/2018\/09\/cressidog144.png","contentUrl":"https:\/\/www.cressidog.com\/wp-content\/uploads\/2018\/09\/cressidog144.png","width":144,"height":144,"caption":"Cressi Sub"},"image":{"@id":"https:\/\/www.cressidog.com\/#\/schema\/logo\/image\/"},"sameAs":["https:\/\/www.facebook.com\/cressidoggear\/","https:\/\/x.com\/cressiitaly","https:\/\/www.instagram.com\/cressi.dog\/","https:\/\/www.youtube.com\/channel\/UCmmmuYck73YIT08fiSvVbxw"]}]}},"_links":{"self":[{"href":"https:\/\/www.cressidog.com\/fr\/wp-json\/wp\/v2\/pages\/3147","targetHints":{"allow":["GET"]}}],"collection":[{"href":"https:\/\/www.cressidog.com\/fr\/wp-json\/wp\/v2\/pages"}],"about":[{"href":"https:\/\/www.cressidog.com\/fr\/wp-json\/wp\/v2\/types\/page"}],"author":[{"embeddable":true,"href":"https:\/\/www.cressidog.com\/fr\/wp-json\/wp\/v2\/users\/4"}],"replies":[{"embeddable":true,"href":"https:\/\/www.cressidog.com\/fr\/wp-json\/wp\/v2\/comments?post=3147"}],"version-history":[{"count":5,"href":"https:\/\/www.cressidog.com\/fr\/wp-json\/wp\/v2\/pages\/3147\/revisions"}],"predecessor-version":[{"id":3254,"href":"https:\/\/www.cressidog.com\/fr\/wp-json\/wp\/v2\/pages\/3147\/revisions\/3254"}],"wp:attachment":[{"href":"https:\/\/www.cressidog.com\/fr\/wp-json\/wp\/v2\/media?parent=3147"}],"curies":[{"name":"wp","href":"https:\/\/api.w.org\/{rel}","templated":true}]}}