{"id":3138,"date":"2023-05-05T12:58:08","date_gmt":"2023-05-05T10:58:08","guid":{"rendered":"https:\/\/www.cressidog.com\/contact\/"},"modified":"2023-05-05T12:58:09","modified_gmt":"2023-05-05T10:58:09","slug":"contact","status":"publish","type":"page","link":"https:\/\/www.cressidog.com\/fr\/contact\/","title":{"rendered":"Contact"},"content":{"rendered":"<div class=\"wpb-content-wrapper\"><p><span style=\"color: #ffffff;\">p<\/span>[mk_page_section bg_image=\u00a0\u00bbhttps:\/\/www.cressidog.com\/wp-content\/uploads\/2018\/10\/contatti.jpg\u00a0\u00bb bg_position=\u00a0\u00bbright bottom\u00a0\u00bb bg_repeat=\u00a0\u00bbno-repeat\u00a0\u00bb min_height=\u00a0\u00bb400&Prime; full_width=\u00a0\u00bbtrue\u00a0\u00bb padding_top=\u00a0\u00bb0&Prime; visibility=\u00a0\u00bbhidden-sm\u00a0\u00bb sidebar=\u00a0\u00bbsidebar-1&Prime;][vc_column][mk_page_title_box page_title=\u00a0\u00bbContacter Cressi\u00a0\u00bb page_subtitle=\u00a0\u00bbTu as des questions ? Nous te donnons les r\u00e9ponses\u00a0\u00bb section_height=\u00a0\u00bb420&Prime; bg_position=\u00a0\u00bbright bottom\u00a0\u00bb bg_repeat=\u00a0\u00bbno-repeat\u00a0\u00bb text_align=\u00a0\u00bbleft\u00a0\u00bb title_letter_spacing=\u00a0\u00bb0&Prime; font_color=\u00a0\u00bb\u00a0\u00bb font_weight=\u00a0\u00bb600&Prime; sub_font_weight=\u00a0\u00bb600&Prime; visibility=\u00a0\u00bbhidden-sm\u00a0\u00bb][\/vc_column][\/mk_page_section][mk_page_section vertical_align=\u00a0\u00bbcenter\u00a0\u00bb bg_image=\u00a0\u00bbhttps:\/\/www.cressidog.com\/wp-content\/uploads\/2018\/10\/contatti.jpg\u00a0\u00bb bg_position=\u00a0\u00bbright bottom\u00a0\u00bb bg_repeat=\u00a0\u00bbno-repeat\u00a0\u00bb min_height=\u00a0\u00bb400&Prime; full_width=\u00a0\u00bbtrue\u00a0\u00bb padding_top=\u00a0\u00bb0&Prime; visibility=\u00a0\u00bbvisible-sm\u00a0\u00bb sidebar=\u00a0\u00bbsidebar-1&Prime;][vc_column width=\u00a0\u00bb1\/2&Prime;][\/vc_column][vc_column width=\u00a0\u00bb1\/2&Prime;][mk_fancy_title tag_name=\u00a0\u00bbh1&Prime; size=\u00a0\u00bb40&Prime; margin_top=\u00a0\u00bb40&Prime; font_family=\u00a0\u00bbnone\u00a0\u00bb align=\u00a0\u00bbright\u00a0\u00bb responsive_align=\u00a0\u00bbright\u00a0\u00bb]\n<h1>Contacter<br \/>\nCressi<\/h1>\n<p>&nbsp;[\/mk_fancy_title][\/vc_column][\/mk_page_section][vc_row fullwidth=\u00a0\u00bbtrue\u00a0\u00bb equal_columns=\u00a0\u00bbtrue\u00a0\u00bb column_padding=\u00a0\u00bb2&Prime;][vc_column width=\u00a0\u00bb1\/3&Prime; css=\u00a0\u00bb.vc_custom_1539954858556{background-color: #f97352 !important;}\u00a0\u00bb][mk_custom_box][mk_icon_box2 icon_size=\u00a0\u00bb48&Prime; icon=\u00a0\u00bbmk-icon-thumb-tack\u00a0\u00bb icon_color=\u00a0\u00bb#ffffff\u00a0\u00bb title=\u00a0\u00bbNous sommes ici\u00a0\u00bb title_weight=\u00a0\u00bbbold\u00a0\u00bb title_color=\u00a0\u00bb#ffffff\u00a0\u00bb description_color=\u00a0\u00bb#ffffff\u00a0\u00bb]\n<p style=\"text-align: center;\"><strong><span style=\"color: #ffffff;\">Le si\u00e8ge social de Cressi se trouve \u00e0 G\u00eanes<br \/>\nVia G. Adamoli 501<\/span><\/strong><\/p>\n<p>&nbsp;[\/mk_icon_box2][\/mk_custom_box][\/vc_column][vc_column width=\u00a0\u00bb1\/3&Prime; css=\u00a0\u00bb.vc_custom_1539955921828{background-color: #a6e2ed !important;}\u00a0\u00bb][mk_custom_box][mk_icon_box2 icon_size=\u00a0\u00bb48&Prime; icon=\u00a0\u00bbmk-moon-phone-2&Prime; icon_color=\u00a0\u00bb#ffffff\u00a0\u00bb title=\u00a0\u00bbParlons-en !\u00a0\u00bb title_weight=\u00a0\u00bbbold\u00a0\u00bb title_color=\u00a0\u00bb#ffffff\u00a0\u00bb description_color=\u00a0\u00bb#ffffff\u00a0\u00bb]\n<p style=\"text-align: center;\"><strong><span style=\"color: #ffffff;\">Notre num\u00e9ro de t\u00e9l\u00e9phone:<\/span><\/strong><br \/>\n<strong><a href=\"tel:+39010830791\">+39 010 830791<\/a><\/strong><\/p>\n<p>&nbsp;[\/mk_icon_box2][\/mk_custom_box][\/vc_column][vc_column width=\u00a0\u00bb1\/3&Prime; css=\u00a0\u00bb.vc_custom_1539955968449{background-color: #c7d4e6 !important;}\u00a0\u00bb][mk_custom_box][mk_icon_box2 icon_size=\u00a0\u00bb48&Prime; icon=\u00a0\u00bbmk-li-mail\u00a0\u00bb icon_color=\u00a0\u00bb#ffffff\u00a0\u00bb title=\u00a0\u00bb\u00c9crivons !\u00a0\u00bb title_weight=\u00a0\u00bbbold\u00a0\u00bb title_color=\u00a0\u00bb#ffffff\u00a0\u00bb description_color=\u00a0\u00bb#ffffff\u00a0\u00bb]\n<p style=\"text-align: center;\"><strong><span style=\"color: #ffffff;\">C&rsquo;est avec plaisir que nous r\u00e9pondrons \u00e0 tes messages<\/span><\/strong><br \/>\n<strong><a href=\"mailto:info@cressidog.com\">info@cressidog.com<\/a><\/strong><\/p>\n[\/mk_icon_box2][\/mk_custom_box][\/vc_column][\/vc_row][vc_row fullwidth=\u00a0\u00bbtrue\u00a0\u00bb css=\u00a0\u00bb.vc_custom_1539958496602{border-bottom-width: 0px !important;padding-bottom: 0px !important;}\u00a0\u00bb][vc_column][mk_advanced_gmaps latitude=\u00a0\u00bb44.4487337&Prime; longitude=\u00a0\u00bb8.9926925&Prime; address=\u00a0\u00bbVia Gelasio Adamoli 501, 16133 Genova &#8211; Italia\u00a0\u00bb height=\u00a0\u00bb450&Prime; map_zoom=\u00a0\u00bb15&Prime;][\/vc_column][\/vc_row]\n<\/div>","protected":false},"excerpt":{"rendered":"<p>p[mk_page_section bg_image=\u00a0\u00bbhttps:\/\/www.cressidog.com\/wp-content\/uploads\/2018\/10\/contatti.jpg\u00a0\u00bb bg_position=\u00a0\u00bbright bottom\u00a0\u00bb bg_repeat=\u00a0\u00bbno-repeat\u00a0\u00bb min_height=\u00a0\u00bb400&Prime; full_width=\u00a0\u00bbtrue\u00a0\u00bb padding_top=\u00a0\u00bb0&Prime; visibility=\u00a0\u00bbhidden-sm\u00a0\u00bb sidebar=\u00a0\u00bbsidebar-1&Prime;][vc_column][mk_page_title_box page_title=\u00a0\u00bbContacter Cressi\u00a0\u00bb page_subtitle=\u00a0\u00bbTu as des questions ? Nous te donnons les r\u00e9ponses\u00a0\u00bb section_height=\u00a0\u00bb420&Prime; bg_position=\u00a0\u00bbright bottom\u00a0\u00bb bg_repeat=\u00a0\u00bbno-repeat\u00a0\u00bb text_align=\u00a0\u00bbleft\u00a0\u00bb title_letter_spacing=\u00a0\u00bb0&Prime; font_color=\u00a0\u00bb\u00a0\u00bb font_weight=\u00a0\u00bb600&Prime; sub_font_weight=\u00a0\u00bb600&Prime; visibility=\u00a0\u00bbhidden-sm\u00a0\u00bb][\/vc_column][\/mk_page_section][mk_page_section vertical_align=\u00a0\u00bbcenter\u00a0\u00bb bg_image=\u00a0\u00bbhttps:\/\/www.cressidog.com\/wp-content\/uploads\/2018\/10\/contatti.jpg\u00a0\u00bb bg_position=\u00a0\u00bbright bottom\u00a0\u00bb bg_repeat=\u00a0\u00bbno-repeat\u00a0\u00bb min_height=\u00a0\u00bb400&Prime; full_width=\u00a0\u00bbtrue\u00a0\u00bb padding_top=\u00a0\u00bb0&Prime; visibility=\u00a0\u00bbvisible-sm\u00a0\u00bb sidebar=\u00a0\u00bbsidebar-1&Prime;][vc_column width=\u00a0\u00bb1\/2&Prime;][\/vc_column][vc_column width=\u00a0\u00bb1\/2&Prime;][mk_fancy_title tag_name=\u00a0\u00bbh1&Prime; size=\u00a0\u00bb40&Prime; margin_top=\u00a0\u00bb40&Prime; font_family=\u00a0\u00bbnone\u00a0\u00bb align=\u00a0\u00bbright\u00a0\u00bb responsive_align=\u00a0\u00bbright\u00a0\u00bb] Contacter Cressi &nbsp;[\/mk_fancy_title][\/vc_column][\/mk_page_section][vc_row fullwidth=\u00a0\u00bbtrue\u00a0\u00bb equal_columns=\u00a0\u00bbtrue\u00a0\u00bb [&hellip;]<\/p>\n","protected":false},"author":1,"featured_media":0,"parent":0,"menu_order":0,"comment_status":"closed","ping_status":"closed","template":"","meta":{"rs_blank_template":"","rs_page_bg_color":"","slide_template_v7":"","footnotes":""},"class_list":["post-3138","page","type-page","status-publish","hentry"],"yoast_head":"<!-- This site is optimized with the Yoast SEO Premium plugin v27.5 (Yoast SEO v27.6) - https:\/\/yoast.com\/product\/yoast-seo-premium-wordpress\/ -->\n<title>Contact - Cressi Dog<\/title>\n<meta name=\"robots\" content=\"index, follow, max-snippet:-1, max-image-preview:large, max-video-preview:-1\" \/>\n<link rel=\"canonical\" href=\"https:\/\/www.cressidog.com\/contatti\/\" \/>\n<meta property=\"og:locale\" content=\"fr_FR\" \/>\n<meta property=\"og:type\" content=\"article\" \/>\n<meta property=\"og:title\" content=\"Contact\" \/>\n<meta property=\"og:description\" content=\"p[mk_page_section bg_image=\u00a0\u00bbhttps:\/\/www.cressidog.com\/wp-content\/uploads\/2018\/10\/contatti.jpg\u00a0\u00bb bg_position=\u00a0\u00bbright bottom\u00a0\u00bb bg_repeat=\u00a0\u00bbno-repeat\u00a0\u00bb min_height=\u00a0\u00bb400&Prime; full_width=\u00a0\u00bbtrue\u00a0\u00bb padding_top=\u00a0\u00bb0&Prime; visibility=\u00a0\u00bbhidden-sm\u00a0\u00bb sidebar=\u00a0\u00bbsidebar-1&Prime;][vc_column][mk_page_title_box page_title=\u00a0\u00bbContacter Cressi\u00a0\u00bb page_subtitle=\u00a0\u00bbTu as des questions ? Nous te donnons les r\u00e9ponses\u00a0\u00bb section_height=\u00a0\u00bb420&Prime; bg_position=\u00a0\u00bbright bottom\u00a0\u00bb bg_repeat=\u00a0\u00bbno-repeat\u00a0\u00bb text_align=\u00a0\u00bbleft\u00a0\u00bb title_letter_spacing=\u00a0\u00bb0&Prime; font_color=\u00a0\u00bb\u00a0\u00bb font_weight=\u00a0\u00bb600&Prime; sub_font_weight=\u00a0\u00bb600&Prime; visibility=\u00a0\u00bbhidden-sm\u00a0\u00bb][\/vc_column][\/mk_page_section][mk_page_section vertical_align=\u00a0\u00bbcenter\u00a0\u00bb bg_image=\u00a0\u00bbhttps:\/\/www.cressidog.com\/wp-content\/uploads\/2018\/10\/contatti.jpg\u00a0\u00bb bg_position=\u00a0\u00bbright bottom\u00a0\u00bb bg_repeat=\u00a0\u00bbno-repeat\u00a0\u00bb min_height=\u00a0\u00bb400&Prime; full_width=\u00a0\u00bbtrue\u00a0\u00bb padding_top=\u00a0\u00bb0&Prime; visibility=\u00a0\u00bbvisible-sm\u00a0\u00bb sidebar=\u00a0\u00bbsidebar-1&Prime;][vc_column width=\u00a0\u00bb1\/2&Prime;][\/vc_column][vc_column width=\u00a0\u00bb1\/2&Prime;][mk_fancy_title tag_name=\u00a0\u00bbh1&Prime; size=\u00a0\u00bb40&Prime; margin_top=\u00a0\u00bb40&Prime; font_family=\u00a0\u00bbnone\u00a0\u00bb align=\u00a0\u00bbright\u00a0\u00bb responsive_align=\u00a0\u00bbright\u00a0\u00bb] Contacter Cressi &nbsp;[\/mk_fancy_title][\/vc_column][\/mk_page_section][vc_row fullwidth=\u00a0\u00bbtrue\u00a0\u00bb equal_columns=\u00a0\u00bbtrue\u00a0\u00bb [&hellip;]\" \/>\n<meta property=\"og:url\" content=\"https:\/\/www.cressidog.com\/contatti\/\" \/>\n<meta property=\"og:site_name\" content=\"Cressi Dog\" \/>\n<meta property=\"article:publisher\" content=\"https:\/\/www.facebook.com\/cressidoggear\/\" \/>\n<meta property=\"article:modified_time\" content=\"2023-05-05T10:58:09+00:00\" \/>\n<meta name=\"twitter:card\" content=\"summary_large_image\" \/>\n<meta name=\"twitter:site\" content=\"@cressiitaly\" \/>\n<meta name=\"twitter:label1\" content=\"Dur\u00e9e de lecture estim\u00e9e\" \/>\n\t<meta name=\"twitter:data1\" content=\"2 minutes\" \/>\n<script type=\"application\/ld+json\" class=\"yoast-schema-graph\">{\"@context\":\"https:\\\/\\\/schema.org\",\"@graph\":[{\"@type\":\"WebPage\",\"@id\":\"https:\\\/\\\/www.cressidog.com\\\/contatti\\\/\",\"url\":\"https:\\\/\\\/www.cressidog.com\\\/contatti\\\/\",\"name\":\"Contact - Cressi Dog\",\"isPartOf\":{\"@id\":\"https:\\\/\\\/www.cressidog.com\\\/#website\"},\"datePublished\":\"2023-05-05T10:58:08+00:00\",\"dateModified\":\"2023-05-05T10:58:09+00:00\",\"breadcrumb\":{\"@id\":\"https:\\\/\\\/www.cressidog.com\\\/contatti\\\/#breadcrumb\"},\"inLanguage\":\"fr-FR\",\"potentialAction\":[{\"@type\":\"ReadAction\",\"target\":[\"https:\\\/\\\/www.cressidog.com\\\/contatti\\\/\"]}]},{\"@type\":\"BreadcrumbList\",\"@id\":\"https:\\\/\\\/www.cressidog.com\\\/contatti\\\/#breadcrumb\",\"itemListElement\":[{\"@type\":\"ListItem\",\"position\":1,\"name\":\"Home\",\"item\":\"https:\\\/\\\/www.cressidog.com\\\/fr\\\/\"},{\"@type\":\"ListItem\",\"position\":2,\"name\":\"Contact\"}]},{\"@type\":\"WebSite\",\"@id\":\"https:\\\/\\\/www.cressidog.com\\\/#website\",\"url\":\"https:\\\/\\\/www.cressidog.com\\\/\",\"name\":\"Cressi Dog\",\"description\":\"Giubbotto salvagente per cani - dog life jacket per la sicurezza in del cane in acqua\",\"publisher\":{\"@id\":\"https:\\\/\\\/www.cressidog.com\\\/#organization\"},\"potentialAction\":[{\"@type\":\"SearchAction\",\"target\":{\"@type\":\"EntryPoint\",\"urlTemplate\":\"https:\\\/\\\/www.cressidog.com\\\/?s={search_term_string}\"},\"query-input\":{\"@type\":\"PropertyValueSpecification\",\"valueRequired\":true,\"valueName\":\"search_term_string\"}}],\"inLanguage\":\"fr-FR\"},{\"@type\":\"Organization\",\"@id\":\"https:\\\/\\\/www.cressidog.com\\\/#organization\",\"name\":\"Cressi Sub\",\"url\":\"https:\\\/\\\/www.cressidog.com\\\/\",\"logo\":{\"@type\":\"ImageObject\",\"inLanguage\":\"fr-FR\",\"@id\":\"https:\\\/\\\/www.cressidog.com\\\/#\\\/schema\\\/logo\\\/image\\\/\",\"url\":\"https:\\\/\\\/www.cressidog.com\\\/wp-content\\\/uploads\\\/2018\\\/09\\\/cressidog144.png\",\"contentUrl\":\"https:\\\/\\\/www.cressidog.com\\\/wp-content\\\/uploads\\\/2018\\\/09\\\/cressidog144.png\",\"width\":144,\"height\":144,\"caption\":\"Cressi Sub\"},\"image\":{\"@id\":\"https:\\\/\\\/www.cressidog.com\\\/#\\\/schema\\\/logo\\\/image\\\/\"},\"sameAs\":[\"https:\\\/\\\/www.facebook.com\\\/cressidoggear\\\/\",\"https:\\\/\\\/x.com\\\/cressiitaly\",\"https:\\\/\\\/www.instagram.com\\\/cressi.dog\\\/\",\"https:\\\/\\\/www.youtube.com\\\/channel\\\/UCmmmuYck73YIT08fiSvVbxw\"]}]}<\/script>\n<!-- \/ Yoast SEO Premium plugin. -->","yoast_head_json":{"title":"Contact - Cressi Dog","robots":{"index":"index","follow":"follow","max-snippet":"max-snippet:-1","max-image-preview":"max-image-preview:large","max-video-preview":"max-video-preview:-1"},"canonical":"https:\/\/www.cressidog.com\/contatti\/","og_locale":"fr_FR","og_type":"article","og_title":"Contact","og_description":"p[mk_page_section bg_image=\u00a0\u00bbhttps:\/\/www.cressidog.com\/wp-content\/uploads\/2018\/10\/contatti.jpg\u00a0\u00bb bg_position=\u00a0\u00bbright bottom\u00a0\u00bb bg_repeat=\u00a0\u00bbno-repeat\u00a0\u00bb min_height=\u00a0\u00bb400&Prime; full_width=\u00a0\u00bbtrue\u00a0\u00bb padding_top=\u00a0\u00bb0&Prime; visibility=\u00a0\u00bbhidden-sm\u00a0\u00bb sidebar=\u00a0\u00bbsidebar-1&Prime;][vc_column][mk_page_title_box page_title=\u00a0\u00bbContacter Cressi\u00a0\u00bb page_subtitle=\u00a0\u00bbTu as des questions ? Nous te donnons les r\u00e9ponses\u00a0\u00bb section_height=\u00a0\u00bb420&Prime; bg_position=\u00a0\u00bbright bottom\u00a0\u00bb bg_repeat=\u00a0\u00bbno-repeat\u00a0\u00bb text_align=\u00a0\u00bbleft\u00a0\u00bb title_letter_spacing=\u00a0\u00bb0&Prime; font_color=\u00a0\u00bb\u00a0\u00bb font_weight=\u00a0\u00bb600&Prime; sub_font_weight=\u00a0\u00bb600&Prime; visibility=\u00a0\u00bbhidden-sm\u00a0\u00bb][\/vc_column][\/mk_page_section][mk_page_section vertical_align=\u00a0\u00bbcenter\u00a0\u00bb bg_image=\u00a0\u00bbhttps:\/\/www.cressidog.com\/wp-content\/uploads\/2018\/10\/contatti.jpg\u00a0\u00bb bg_position=\u00a0\u00bbright bottom\u00a0\u00bb bg_repeat=\u00a0\u00bbno-repeat\u00a0\u00bb min_height=\u00a0\u00bb400&Prime; full_width=\u00a0\u00bbtrue\u00a0\u00bb padding_top=\u00a0\u00bb0&Prime; visibility=\u00a0\u00bbvisible-sm\u00a0\u00bb sidebar=\u00a0\u00bbsidebar-1&Prime;][vc_column width=\u00a0\u00bb1\/2&Prime;][\/vc_column][vc_column width=\u00a0\u00bb1\/2&Prime;][mk_fancy_title tag_name=\u00a0\u00bbh1&Prime; size=\u00a0\u00bb40&Prime; margin_top=\u00a0\u00bb40&Prime; font_family=\u00a0\u00bbnone\u00a0\u00bb align=\u00a0\u00bbright\u00a0\u00bb responsive_align=\u00a0\u00bbright\u00a0\u00bb] Contacter Cressi &nbsp;[\/mk_fancy_title][\/vc_column][\/mk_page_section][vc_row fullwidth=\u00a0\u00bbtrue\u00a0\u00bb equal_columns=\u00a0\u00bbtrue\u00a0\u00bb [&hellip;]","og_url":"https:\/\/www.cressidog.com\/contatti\/","og_site_name":"Cressi Dog","article_publisher":"https:\/\/www.facebook.com\/cressidoggear\/","article_modified_time":"2023-05-05T10:58:09+00:00","twitter_card":"summary_large_image","twitter_site":"@cressiitaly","twitter_misc":{"Dur\u00e9e de lecture estim\u00e9e":"2 minutes"},"schema":{"@context":"https:\/\/schema.org","@graph":[{"@type":"WebPage","@id":"https:\/\/www.cressidog.com\/contatti\/","url":"https:\/\/www.cressidog.com\/contatti\/","name":"Contact - Cressi Dog","isPartOf":{"@id":"https:\/\/www.cressidog.com\/#website"},"datePublished":"2023-05-05T10:58:08+00:00","dateModified":"2023-05-05T10:58:09+00:00","breadcrumb":{"@id":"https:\/\/www.cressidog.com\/contatti\/#breadcrumb"},"inLanguage":"fr-FR","potentialAction":[{"@type":"ReadAction","target":["https:\/\/www.cressidog.com\/contatti\/"]}]},{"@type":"BreadcrumbList","@id":"https:\/\/www.cressidog.com\/contatti\/#breadcrumb","itemListElement":[{"@type":"ListItem","position":1,"name":"Home","item":"https:\/\/www.cressidog.com\/fr\/"},{"@type":"ListItem","position":2,"name":"Contact"}]},{"@type":"WebSite","@id":"https:\/\/www.cressidog.com\/#website","url":"https:\/\/www.cressidog.com\/","name":"Cressi Dog","description":"Giubbotto salvagente per cani - dog life jacket per la sicurezza in del cane in acqua","publisher":{"@id":"https:\/\/www.cressidog.com\/#organization"},"potentialAction":[{"@type":"SearchAction","target":{"@type":"EntryPoint","urlTemplate":"https:\/\/www.cressidog.com\/?s={search_term_string}"},"query-input":{"@type":"PropertyValueSpecification","valueRequired":true,"valueName":"search_term_string"}}],"inLanguage":"fr-FR"},{"@type":"Organization","@id":"https:\/\/www.cressidog.com\/#organization","name":"Cressi Sub","url":"https:\/\/www.cressidog.com\/","logo":{"@type":"ImageObject","inLanguage":"fr-FR","@id":"https:\/\/www.cressidog.com\/#\/schema\/logo\/image\/","url":"https:\/\/www.cressidog.com\/wp-content\/uploads\/2018\/09\/cressidog144.png","contentUrl":"https:\/\/www.cressidog.com\/wp-content\/uploads\/2018\/09\/cressidog144.png","width":144,"height":144,"caption":"Cressi Sub"},"image":{"@id":"https:\/\/www.cressidog.com\/#\/schema\/logo\/image\/"},"sameAs":["https:\/\/www.facebook.com\/cressidoggear\/","https:\/\/x.com\/cressiitaly","https:\/\/www.instagram.com\/cressi.dog\/","https:\/\/www.youtube.com\/channel\/UCmmmuYck73YIT08fiSvVbxw"]}]}},"_links":{"self":[{"href":"https:\/\/www.cressidog.com\/fr\/wp-json\/wp\/v2\/pages\/3138","targetHints":{"allow":["GET"]}}],"collection":[{"href":"https:\/\/www.cressidog.com\/fr\/wp-json\/wp\/v2\/pages"}],"about":[{"href":"https:\/\/www.cressidog.com\/fr\/wp-json\/wp\/v2\/types\/page"}],"author":[{"embeddable":true,"href":"https:\/\/www.cressidog.com\/fr\/wp-json\/wp\/v2\/users\/1"}],"replies":[{"embeddable":true,"href":"https:\/\/www.cressidog.com\/fr\/wp-json\/wp\/v2\/comments?post=3138"}],"version-history":[{"count":2,"href":"https:\/\/www.cressidog.com\/fr\/wp-json\/wp\/v2\/pages\/3138\/revisions"}],"predecessor-version":[{"id":3140,"href":"https:\/\/www.cressidog.com\/fr\/wp-json\/wp\/v2\/pages\/3138\/revisions\/3140"}],"wp:attachment":[{"href":"https:\/\/www.cressidog.com\/fr\/wp-json\/wp\/v2\/media?parent=3138"}],"curies":[{"name":"wp","href":"https:\/\/api.w.org\/{rel}","templated":true}]}}