{"id":3113,"date":"2023-05-03T10:43:48","date_gmt":"2023-05-03T08:43:48","guid":{"rendered":"https:\/\/www.cressidog.com\/home\/"},"modified":"2023-05-10T16:52:16","modified_gmt":"2023-05-10T14:52:16","slug":"home","status":"publish","type":"page","link":"https:\/\/www.cressidog.com\/fr\/","title":{"rendered":"Home"},"content":{"rendered":"<div class=\"wpb-content-wrapper\">[mk_page_section attachment=\u00a0\u00bbfixed\u00a0\u00bb bg_position=\u00a0\u00bbcenter center\u00a0\u00bb bg_repeat=\u00a0\u00bbno-repeat\u00a0\u00bb full_width=\u00a0\u00bbtrue\u00a0\u00bb padding_top=\u00a0\u00bb0&Prime; padding_bottom=\u00a0\u00bb0&Prime; sidebar=\u00a0\u00bbsidebar-1&Prime;][vc_column][rev_slider_vc alias=\u00a0\u00bbvideo-home-en-1&Prime;][\/vc_column][\/mk_page_section][vc_row][vc_column][mk_fancy_title size=\u00a0\u00bb50&Prime; font_weight=\u00a0\u00bb500&Prime; font_style=\u00a0\u00bbnormal\u00a0\u00bb txt_transform=\u00a0\u00bbuppercase\u00a0\u00bb margin_top=\u00a0\u00bb70&Prime; margin_bottom=\u00a0\u00bb50&Prime; font_family=\u00a0\u00bbnone\u00a0\u00bb align=\u00a0\u00bbcenter\u00a0\u00bb]Cressi Dog s\u00e9curit\u00e9 aquatique, gilet de sauvetage et combinaison en n\u00e9opr\u00e8ne.[\/mk_fancy_title][vc_column_text css=\u00a0\u00bb.vc_custom_1683730332657{margin-bottom: 0px !important;}\u00a0\u00bb]Cressi Dog safety pour les chiens dans l&rsquo;eau, est une ligne exclusive d\u00e9di\u00e9e par Cressi \u00e0 nos amis \u00e0 quatre pattes. Deux produits : la combinaison en n\u00e9opr\u00e8ne et le gilet de sauvetage pour chiens.<\/p>\n<p>Cressi est une entreprise familiale italienne, qui depuis 1946 r\u00e9alise produits de haute qualit\u00e9 pour la plong\u00e9e sous-marine, le snorkeling, la natation et l\u2019apn\u00e9e.<\/p>\n<p>Le secret du succ\u00e8s mondial de Cressi r\u00e9side dans la recherche, l&rsquo;innovation et la qualit\u00e9 des mat\u00e9riaux utilis\u00e9s. L&rsquo;originalit\u00e9, la facilit\u00e9 d&rsquo;utilisation et la fiabilit\u00e9 sont les marques de fabrique du nom Cressi dans le monde entier.<\/p>\n<p>La ligne Cressi Dog a conserv\u00e9 pr\u00e9cieusement tout ce patrimoine d&rsquo;histoire et d&rsquo;\u00e9volution, en le traduisant dans une ligne de produits qui est une fois de plus unique et originale.<\/p>\n<p>La recherche, la conception, le d\u00e9veloppement de la ligne Cressi Dog et m\u00eame sa cr\u00e9ation ont suivi pas \u00e0 pas les m\u00eames \u00e9tapes que celles qui sont suivies pour la cr\u00e9ation d&rsquo;articles pour hommes.<\/p>\n<p>M\u00eames mat\u00e9riaux. M\u00eame attention. M\u00eame garantie : la marque Cressi.<\/p>\n<p>Visite le site www.cressi.com pour plus d&rsquo;informations sur les produits de l&rsquo;entreprise.<\/p>\n<p>Pour des informations utiles, des points de vue et des curiosit\u00e9s sur le monde des chiens, viens nous rendre visite sur notre blog www.blog.cressidog.com.<\/p>\n<p>D\u00e9couvre, ach\u00e8te et essaie la ligne Cressi Dog : gilet de sauvetage et combinaison en n\u00e9opr\u00e8ne pour chiens.<\/p>\n<p><a href=\"https:\/\/www.cressidog.com\/fr\/dog-wetsuit\/\">COMBINAISON EN N\u00c9OPR\u00c8NE POUR CHIENS<\/a><\/p>\n<p><a href=\"https:\/\/www.cressidog.com\/fr\/gilet-de-sauvetage\/\">GILET DE SAUVETAGE POUR CHIENS<\/a>[\/vc_column_text][vc_empty_space height=\u00a0\u00bb40px\u00a0\u00bb][\/vc_column][\/vc_row]\n<\/div>","protected":false},"excerpt":{"rendered":"<p>[mk_page_section attachment=\u00a0\u00bbfixed\u00a0\u00bb bg_position=\u00a0\u00bbcenter center\u00a0\u00bb bg_repeat=\u00a0\u00bbno-repeat\u00a0\u00bb full_width=\u00a0\u00bbtrue\u00a0\u00bb padding_top=\u00a0\u00bb0&Prime; padding_bottom=\u00a0\u00bb0&Prime; sidebar=\u00a0\u00bbsidebar-1&Prime;][vc_column][rev_slider_vc alias=\u00a0\u00bbvideo-home-en-1&Prime;][\/vc_column][\/mk_page_section][vc_row][vc_column][mk_fancy_title size=\u00a0\u00bb50&Prime; font_weight=\u00a0\u00bb500&Prime; font_style=\u00a0\u00bbnormal\u00a0\u00bb txt_transform=\u00a0\u00bbuppercase\u00a0\u00bb margin_top=\u00a0\u00bb70&Prime; margin_bottom=\u00a0\u00bb50&Prime; font_family=\u00a0\u00bbnone\u00a0\u00bb align=\u00a0\u00bbcenter\u00a0\u00bb]Cressi Dog s\u00e9curit\u00e9 aquatique, gilet de sauvetage et combinaison en n\u00e9opr\u00e8ne.[\/mk_fancy_title][vc_column_text css=\u00a0\u00bb.vc_custom_1683730332657{margin-bottom: 0px !important;}\u00a0\u00bb]Cressi Dog safety pour les chiens dans l&rsquo;eau, est une ligne exclusive d\u00e9di\u00e9e par Cressi \u00e0 nos amis \u00e0 quatre pattes. Deux produits : la [&hellip;]<\/p>\n","protected":false},"author":1,"featured_media":2158,"parent":0,"menu_order":0,"comment_status":"closed","ping_status":"closed","template":"","meta":{"rs_blank_template":"","rs_page_bg_color":"","slide_template_v7":"","footnotes":""},"class_list":["post-3113","page","type-page","status-publish","has-post-thumbnail","hentry"],"yoast_head":"<!-- This site is optimized with the Yoast SEO Premium plugin v26.9 (Yoast SEO v27.5) - https:\/\/yoast.com\/product\/yoast-seo-premium-wordpress\/ -->\n<title>Cressi Dog - s\u00e9curit\u00e9 aquatique - gilet de sauvetage pour chien et combinaison de plong\u00e9e en n\u00e9opr\u00e8ne<\/title>\n<meta name=\"description\" content=\"Cressi Dog la nouvelle ligne pour offrir \u00e0 ton chien des moments de bonheur dans l&#039;eau Combinaison et gilet de sauvetage en n\u00e9opr\u00e8ne pour chien.\" \/>\n<meta name=\"robots\" content=\"index, follow, max-snippet:-1, max-image-preview:large, max-video-preview:-1\" \/>\n<link rel=\"canonical\" href=\"https:\/\/www.cressidog.com\/fr\/\" \/>\n<meta property=\"og:locale\" content=\"fr_FR\" \/>\n<meta property=\"og:type\" content=\"article\" \/>\n<meta property=\"og:title\" content=\"Home\" \/>\n<meta property=\"og:description\" content=\"Cressi Dog la nouvelle ligne pour offrir \u00e0 ton chien des moments de bonheur dans l&#039;eau Combinaison et gilet de sauvetage en n\u00e9opr\u00e8ne pour chien.\" \/>\n<meta property=\"og:url\" content=\"https:\/\/www.cressidog.com\/fr\/\" \/>\n<meta property=\"og:site_name\" content=\"Cressi Dog\" \/>\n<meta property=\"article:publisher\" content=\"https:\/\/www.facebook.com\/cressidoggear\/\" \/>\n<meta property=\"article:modified_time\" content=\"2023-05-10T14:52:16+00:00\" \/>\n<meta property=\"og:image\" content=\"https:\/\/www.cressidog.com\/wp-content\/uploads\/2018\/10\/wesuit-shop.jpg\" \/>\n\t<meta property=\"og:image:width\" content=\"960\" \/>\n\t<meta property=\"og:image:height\" content=\"457\" \/>\n\t<meta property=\"og:image:type\" content=\"image\/jpeg\" \/>\n<meta name=\"twitter:card\" content=\"summary_large_image\" \/>\n<meta name=\"twitter:site\" content=\"@cressiitaly\" \/>\n<meta name=\"twitter:label1\" content=\"Dur\u00e9e de lecture estim\u00e9e\" \/>\n\t<meta name=\"twitter:data1\" content=\"2 minutes\" \/>\n<script type=\"application\/ld+json\" class=\"yoast-schema-graph\">{\"@context\":\"https:\\\/\\\/schema.org\",\"@graph\":[{\"@type\":\"WebPage\",\"@id\":\"https:\\\/\\\/www.cressidog.com\\\/fr\\\/\",\"url\":\"https:\\\/\\\/www.cressidog.com\\\/fr\\\/\",\"name\":\"Cressi Dog - s\u00e9curit\u00e9 aquatique - gilet de sauvetage pour chien et combinaison de plong\u00e9e en n\u00e9opr\u00e8ne\",\"isPartOf\":{\"@id\":\"https:\\\/\\\/www.cressidog.com\\\/#website\"},\"primaryImageOfPage\":{\"@id\":\"https:\\\/\\\/www.cressidog.com\\\/fr\\\/#primaryimage\"},\"image\":{\"@id\":\"https:\\\/\\\/www.cressidog.com\\\/fr\\\/#primaryimage\"},\"thumbnailUrl\":\"https:\\\/\\\/www.cressidog.com\\\/wp-content\\\/uploads\\\/2018\\\/10\\\/wesuit-shop.jpg\",\"datePublished\":\"2023-05-03T08:43:48+00:00\",\"dateModified\":\"2023-05-10T14:52:16+00:00\",\"description\":\"Cressi Dog la nouvelle ligne pour offrir \u00e0 ton chien des moments de bonheur dans l'eau Combinaison et gilet de sauvetage en n\u00e9opr\u00e8ne pour chien.\",\"breadcrumb\":{\"@id\":\"https:\\\/\\\/www.cressidog.com\\\/fr\\\/#breadcrumb\"},\"inLanguage\":\"fr-FR\",\"potentialAction\":[{\"@type\":\"ReadAction\",\"target\":[\"https:\\\/\\\/www.cressidog.com\\\/fr\\\/\"]}]},{\"@type\":\"ImageObject\",\"inLanguage\":\"fr-FR\",\"@id\":\"https:\\\/\\\/www.cressidog.com\\\/fr\\\/#primaryimage\",\"url\":\"https:\\\/\\\/www.cressidog.com\\\/wp-content\\\/uploads\\\/2018\\\/10\\\/wesuit-shop.jpg\",\"contentUrl\":\"https:\\\/\\\/www.cressidog.com\\\/wp-content\\\/uploads\\\/2018\\\/10\\\/wesuit-shop.jpg\",\"width\":960,\"height\":457},{\"@type\":\"BreadcrumbList\",\"@id\":\"https:\\\/\\\/www.cressidog.com\\\/fr\\\/#breadcrumb\",\"itemListElement\":[{\"@type\":\"ListItem\",\"position\":1,\"name\":\"Home\",\"item\":\"https:\\\/\\\/www.cressidog.com\\\/fr\\\/\"},{\"@type\":\"ListItem\",\"position\":2,\"name\":\"Home\"}]},{\"@type\":\"WebSite\",\"@id\":\"https:\\\/\\\/www.cressidog.com\\\/#website\",\"url\":\"https:\\\/\\\/www.cressidog.com\\\/\",\"name\":\"Cressi Dog\",\"description\":\"Giubbotto salvagente per cani - dog life jacket per la sicurezza in del cane in acqua\",\"publisher\":{\"@id\":\"https:\\\/\\\/www.cressidog.com\\\/#organization\"},\"potentialAction\":[{\"@type\":\"SearchAction\",\"target\":{\"@type\":\"EntryPoint\",\"urlTemplate\":\"https:\\\/\\\/www.cressidog.com\\\/?s={search_term_string}\"},\"query-input\":{\"@type\":\"PropertyValueSpecification\",\"valueRequired\":true,\"valueName\":\"search_term_string\"}}],\"inLanguage\":\"fr-FR\"},{\"@type\":\"Organization\",\"@id\":\"https:\\\/\\\/www.cressidog.com\\\/#organization\",\"name\":\"Cressi Sub\",\"url\":\"https:\\\/\\\/www.cressidog.com\\\/\",\"logo\":{\"@type\":\"ImageObject\",\"inLanguage\":\"fr-FR\",\"@id\":\"https:\\\/\\\/www.cressidog.com\\\/#\\\/schema\\\/logo\\\/image\\\/\",\"url\":\"https:\\\/\\\/www.cressidog.com\\\/wp-content\\\/uploads\\\/2018\\\/09\\\/cressidog144.png\",\"contentUrl\":\"https:\\\/\\\/www.cressidog.com\\\/wp-content\\\/uploads\\\/2018\\\/09\\\/cressidog144.png\",\"width\":144,\"height\":144,\"caption\":\"Cressi Sub\"},\"image\":{\"@id\":\"https:\\\/\\\/www.cressidog.com\\\/#\\\/schema\\\/logo\\\/image\\\/\"},\"sameAs\":[\"https:\\\/\\\/www.facebook.com\\\/cressidoggear\\\/\",\"https:\\\/\\\/x.com\\\/cressiitaly\",\"https:\\\/\\\/www.instagram.com\\\/cressi.dog\\\/\",\"https:\\\/\\\/www.youtube.com\\\/channel\\\/UCmmmuYck73YIT08fiSvVbxw\"]}]}<\/script>\n<!-- \/ Yoast SEO Premium plugin. -->","yoast_head_json":{"title":"Cressi Dog - s\u00e9curit\u00e9 aquatique - gilet de sauvetage pour chien et combinaison de plong\u00e9e en n\u00e9opr\u00e8ne","description":"Cressi Dog la nouvelle ligne pour offrir \u00e0 ton chien des moments de bonheur dans l'eau Combinaison et gilet de sauvetage en n\u00e9opr\u00e8ne pour chien.","robots":{"index":"index","follow":"follow","max-snippet":"max-snippet:-1","max-image-preview":"max-image-preview:large","max-video-preview":"max-video-preview:-1"},"canonical":"https:\/\/www.cressidog.com\/fr\/","og_locale":"fr_FR","og_type":"article","og_title":"Home","og_description":"Cressi Dog la nouvelle ligne pour offrir \u00e0 ton chien des moments de bonheur dans l'eau Combinaison et gilet de sauvetage en n\u00e9opr\u00e8ne pour chien.","og_url":"https:\/\/www.cressidog.com\/fr\/","og_site_name":"Cressi Dog","article_publisher":"https:\/\/www.facebook.com\/cressidoggear\/","article_modified_time":"2023-05-10T14:52:16+00:00","og_image":[{"width":960,"height":457,"url":"https:\/\/www.cressidog.com\/wp-content\/uploads\/2018\/10\/wesuit-shop.jpg","type":"image\/jpeg"}],"twitter_card":"summary_large_image","twitter_site":"@cressiitaly","twitter_misc":{"Dur\u00e9e de lecture estim\u00e9e":"2 minutes"},"schema":{"@context":"https:\/\/schema.org","@graph":[{"@type":"WebPage","@id":"https:\/\/www.cressidog.com\/fr\/","url":"https:\/\/www.cressidog.com\/fr\/","name":"Cressi Dog - s\u00e9curit\u00e9 aquatique - gilet de sauvetage pour chien et combinaison de plong\u00e9e en n\u00e9opr\u00e8ne","isPartOf":{"@id":"https:\/\/www.cressidog.com\/#website"},"primaryImageOfPage":{"@id":"https:\/\/www.cressidog.com\/fr\/#primaryimage"},"image":{"@id":"https:\/\/www.cressidog.com\/fr\/#primaryimage"},"thumbnailUrl":"https:\/\/www.cressidog.com\/wp-content\/uploads\/2018\/10\/wesuit-shop.jpg","datePublished":"2023-05-03T08:43:48+00:00","dateModified":"2023-05-10T14:52:16+00:00","description":"Cressi Dog la nouvelle ligne pour offrir \u00e0 ton chien des moments de bonheur dans l'eau Combinaison et gilet de sauvetage en n\u00e9opr\u00e8ne pour chien.","breadcrumb":{"@id":"https:\/\/www.cressidog.com\/fr\/#breadcrumb"},"inLanguage":"fr-FR","potentialAction":[{"@type":"ReadAction","target":["https:\/\/www.cressidog.com\/fr\/"]}]},{"@type":"ImageObject","inLanguage":"fr-FR","@id":"https:\/\/www.cressidog.com\/fr\/#primaryimage","url":"https:\/\/www.cressidog.com\/wp-content\/uploads\/2018\/10\/wesuit-shop.jpg","contentUrl":"https:\/\/www.cressidog.com\/wp-content\/uploads\/2018\/10\/wesuit-shop.jpg","width":960,"height":457},{"@type":"BreadcrumbList","@id":"https:\/\/www.cressidog.com\/fr\/#breadcrumb","itemListElement":[{"@type":"ListItem","position":1,"name":"Home","item":"https:\/\/www.cressidog.com\/fr\/"},{"@type":"ListItem","position":2,"name":"Home"}]},{"@type":"WebSite","@id":"https:\/\/www.cressidog.com\/#website","url":"https:\/\/www.cressidog.com\/","name":"Cressi Dog","description":"Giubbotto salvagente per cani - dog life jacket per la sicurezza in del cane in acqua","publisher":{"@id":"https:\/\/www.cressidog.com\/#organization"},"potentialAction":[{"@type":"SearchAction","target":{"@type":"EntryPoint","urlTemplate":"https:\/\/www.cressidog.com\/?s={search_term_string}"},"query-input":{"@type":"PropertyValueSpecification","valueRequired":true,"valueName":"search_term_string"}}],"inLanguage":"fr-FR"},{"@type":"Organization","@id":"https:\/\/www.cressidog.com\/#organization","name":"Cressi Sub","url":"https:\/\/www.cressidog.com\/","logo":{"@type":"ImageObject","inLanguage":"fr-FR","@id":"https:\/\/www.cressidog.com\/#\/schema\/logo\/image\/","url":"https:\/\/www.cressidog.com\/wp-content\/uploads\/2018\/09\/cressidog144.png","contentUrl":"https:\/\/www.cressidog.com\/wp-content\/uploads\/2018\/09\/cressidog144.png","width":144,"height":144,"caption":"Cressi Sub"},"image":{"@id":"https:\/\/www.cressidog.com\/#\/schema\/logo\/image\/"},"sameAs":["https:\/\/www.facebook.com\/cressidoggear\/","https:\/\/x.com\/cressiitaly","https:\/\/www.instagram.com\/cressi.dog\/","https:\/\/www.youtube.com\/channel\/UCmmmuYck73YIT08fiSvVbxw"]}]}},"_links":{"self":[{"href":"https:\/\/www.cressidog.com\/fr\/wp-json\/wp\/v2\/pages\/3113","targetHints":{"allow":["GET"]}}],"collection":[{"href":"https:\/\/www.cressidog.com\/fr\/wp-json\/wp\/v2\/pages"}],"about":[{"href":"https:\/\/www.cressidog.com\/fr\/wp-json\/wp\/v2\/types\/page"}],"author":[{"embeddable":true,"href":"https:\/\/www.cressidog.com\/fr\/wp-json\/wp\/v2\/users\/1"}],"replies":[{"embeddable":true,"href":"https:\/\/www.cressidog.com\/fr\/wp-json\/wp\/v2\/comments?post=3113"}],"version-history":[{"count":5,"href":"https:\/\/www.cressidog.com\/fr\/wp-json\/wp\/v2\/pages\/3113\/revisions"}],"predecessor-version":[{"id":3250,"href":"https:\/\/www.cressidog.com\/fr\/wp-json\/wp\/v2\/pages\/3113\/revisions\/3250"}],"wp:featuredmedia":[{"embeddable":true,"href":"https:\/\/www.cressidog.com\/fr\/wp-json\/wp\/v2\/media\/2158"}],"wp:attachment":[{"href":"https:\/\/www.cressidog.com\/fr\/wp-json\/wp\/v2\/media?parent=3113"}],"curies":[{"name":"wp","href":"https:\/\/api.w.org\/{rel}","templated":true}]}}