{"id":3466,"date":"2018-12-15T09:24:39","date_gmt":"2018-12-15T08:24:39","guid":{"rendered":"https:\/\/www.cressidog.com\/prodotto\/schwimmweste-fur-hunde-micro\/"},"modified":"2023-09-27T09:18:12","modified_gmt":"2023-09-27T07:18:12","slug":"schwimmweste-fur-hunde-micro","status":"publish","type":"product","link":"https:\/\/www.cressidog.com\/de\/prodotto\/schwimmweste-fur-hunde-micro\/","title":{"rendered":"Schwimmweste f\u00fcr Hunde micro"},"content":{"rendered":"<p>Die Mikro-Hundeschwimmweste, Cressi Dog Life Jacket, ist die ideale Unterst\u00fctzung f\u00fcr ein ruhiges und sicheres Erlebnis im Wasser. Sie ist f\u00fcr <strong>Chihuahua, Pincher und Toy Dogs<\/strong> geeignet.<\/p>\n<p>Sie ist also <strong>N\u00dcTZLICH<\/strong>, wenn Sie sich mit Ihrem Hund am Meer oder See, am Strand, in einem Boot, auf einem Surfbrett oder SUP, in einem Kajak oder Kanu befinden, um ihn zu sichern oder seine Spielzeit zu erleichtern.<\/p>\n<p>Die Hundeschwimmweste ist <strong>daher ergonomisch, bequem und einfach zu tragen<\/strong>: aus den besten Materialien und mit h\u00f6chst zuverl\u00e4ssigen Produktionsverfahren hergestellt.<\/p>\n<p>Die CRESSI DOG <strong>Schwimmweste<\/strong> ist so <strong>bequem<\/strong>, dass sich der Hund sowohl beim Schwimmen als auch au\u00dferhalb des Wassers leicht bewegen kann.<\/p>\n<p>Sie erleichtert also das sichere Schwimmen im Meer, Pool, See und Fluss, indem sie den Hund an der Oberfl\u00e4che h\u00e4lt und ihn mit weniger Anstrengung schwimmen l\u00e4sst.<\/p>\n<p><strong>DESIGN &#8211; HUNDESCHWIMMWESTE<\/strong><br \/>\nDer Schnitt der Hundeschwimmweste (Mikro-Hundeschwimmweste) wurde speziell entwickelt, um den Hund in der richtigen Schwimmlage zu halten und die Bewegung zu erleichtern, sowohl unter Wasser als auch an der Oberfl\u00e4che. Dies ist die perfekte Schwimmweste f\u00fcr Chihuahuas, Zwerghunde und Zwergpinscher.<\/p>\n<p><strong>MERKMALE<\/strong><\/p>\n<ul>\n<li>Schwarzes Duratex 1000 Denier-Gewebe (Cordura-\u00e4hnlich) und Polyester 500 Denier in G\u00e4nseschnabelgelb.<\/li>\n<li>Die g\u00e4nsegeschnabelgelbe Farbe erh\u00f6ht die Sichtbarkeit im Wasser auch bei schlechten Sichtverh\u00e4ltnissen.<\/li>\n<li>Robuste, verschlei\u00dffeste Acetatschnallen, die sich leicht schlie\u00dfen lassen, sorgen daf\u00fcr, dass die Gurte auch im Laufe der Zeit fest an ihrem Platz bleiben.<\/li>\n<li>Die gepolsterten und verstellbaren Gurtb\u00e4nder sorgen f\u00fcr einen ergonomischen und sicheren Sitz.<\/li>\n<li>Die reflektierenden Details sorgen f\u00fcr mehr Sicherheit bei Nacht und bei schlechten Sichtverh\u00e4ltnissen.<\/li>\n<li>CRESSI DOG-Logos aus thermoplastischem Material auf beiden Seiten. Aufgestickte CRESSI DOG-Logos am Hals und auf der R\u00fcckseite der Jacke.<\/li>\n<li>Sie hat eine praktische Schlaufe zur Befestigung der Leine.<\/li>\n<li>Sie verf\u00fcgt \u00fcber einen praktischen Griff (drei in den Gr\u00f6\u00dfen L und XL), um das Apportieren Ihres Hundes zu erleichtern, wenn Sie sich auf einem Boot oder im Schwimmbad befinden.<\/li>\n<li>Dank der drei Griffe kann der Hund von zwei Personen gleichzeitig apportiert werden.<\/li>\n<li>Hergestellt in 7 Gr\u00f6\u00dfen von Micro 2XS bis XL, um einer Vielzahl von Hunderassen zu passen.<\/li>\n<li>Sie kann \u00fcber einem Neoprenanzug f\u00fcr Hunde (Cressi Dog Wetsuit) getragen werden, um den Auftrieb noch zu erh\u00f6hen und die K\u00f6rpertemperatur des Hundes konstant zu halten.<\/li>\n<li>Die Hundeschwimmweste ist ein notwendiger Ausr\u00fcstungsgegenstand f\u00fcr Wasserrettungshunde.<\/li>\n<li>Schwimmweste f\u00fcr die Rehabilitation von Hunden<\/li>\n<li>Gr\u00f6\u00dfe der Schwimmweste f\u00fcr Zwerghunde &#8211; Pinscher-Hunde &#8211; Chihuahua-Hunde<\/li>\n<\/ul>\n<p><strong>WASCHANLEITUNG<\/strong><\/p>\n<ul>\n<li>In kaltem Wasser waschen, Schonwaschgang<\/li>\n<li>Verwenden Sie ein Feinwaschmittel<\/li>\n<li>Zum Trocknen aufh\u00e4ngen<\/li>\n<li>Nicht bleichen, b\u00fcgeln oder chemisch reinigen<\/li>\n<\/ul>\n<p><strong>TECHNISCHE INFORMATIONEN<\/strong><br \/>\nDa es keine Referenznormen f\u00fcr Schwimmhilfen f\u00fcr Hunde gibt, wurde beschlossen, die Norm <strong>EN 13138-1<\/strong> (Schwimmhilfen f\u00fcr Hunde &#8211; Teil 1: SICHERHEITSANFORDERUNGEN UND TESTMETHODEN f\u00fcr Schwimmhilfen f\u00fcr Hunde) als Inspiration f\u00fcr die Durchf\u00fchrung der Tests zu verwenden.<\/p>\n<p>Im Einzelnen wurden die folgenden Tests durchgef\u00fchrt:<\/p>\n<p>BUOYANCY TEST:<br \/>\n5.3.3 der oben genannten Norm (MESSUNG DER AUFTRIEBSST\u00c4RKE DES KOMPLETTEN SCHWIMMGER\u00c4TS)<\/p>\n<p>TEST ZUR VER\u00c4NDERUNG DES AUFTRIEBS:<br \/>\n5.6.3 der oben genannten Vorschrift (WASSERABSORPTIONSWIDERSTAND VON SCHAUMSTOFF UND ANDEREM WASSERABSORBIERENDEN MATERIAL).<br \/>\nDieser Test best\u00e4tigt, dass die Weste nach 24 Stunden Eintauchen nicht mehr als 10% ihres urspr\u00fcnglichen Auftriebs verloren hat:<\/p>\n<p><strong>&#8222;Unsere Hundeschwimmwesten haben ihren urspr\u00fcnglichen Wert beibehalten&#8220;.<\/strong><\/p>\n<p><strong>HERGESTELLT IN UNGARN<\/strong><br \/>\nhttps:\/\/www.youtube.com\/channel\/UCmmmuYck73YIT08fiSvVbxw<\/p>\n<p>&nbsp;<\/p>\n<p><strong>Siehe:<a class=\"wp-colorbox-image\" href=\"https:\/\/www.cressidog.com\/wp-content\/uploads\/2019\/01\/cressi-dog-taglie-lifejacket-ita.jpg\">Wie Sie die richtige Gr\u00f6\u00dfe ausw\u00e4hlen<\/a>.<\/strong><\/p>\n","protected":false},"excerpt":{"rendered":"<p>Die Schwimmweste f\u00fcr Hunde, Cressi Dog Life Jacket, ist das ideale Hilfsmittel f\u00fcr ein ruhiges und sicheres Erlebnis im Wasser.<\/p>\n<p>Die Hundeschwimmweste ist das ideale Hilfsmittel f\u00fcr Ihren Hund am Meer oder See, am Strand, in einem Boot, im Pool, auf einem Surfbrett oder SUP, in einem Kajak oder Kanu, um ihn sicher zu halten oder seine Spielzeit zu erleichtern.<\/p>\n<p>Es handelt sich um ein Kleidungsst\u00fcck, das speziell entwickelt wurde, um das Tier an der Oberfl\u00e4che zu halten, wenn es kein ge\u00fcbter Schwimmer ist, oder um ihm das Schwimmen zu erleichtern, vor allem, wenn es so viel Zeit im fl\u00fcssigen Element verbringt; es ist ein notwendiger Ausr\u00fcstungsgegenstand f\u00fcr Wasserrettungshunde und auch sehr n\u00fctzlich f\u00fcr die Rehabilitation.<\/p>\n<p>Der Schnitt der Jacke ist so konzipiert, dass der Hund in der richtigen Schwimmlage bleibt und seine Bewegungen sowohl unter Wasser als auch an der Oberfl\u00e4che erleichtert werden.<\/p>\n<p>Die Hundeschwimmweste ist daher ergonomisch, bequem und einfach zu tragen: Sie wird aus den besten Materialien und in einem \u00e4u\u00dferst zuverl\u00e4ssigen Produktionsverfahren hergestellt und verf\u00fcgt \u00fcber einen praktischen Ring f\u00fcr die Leine und einen praktischen Griff (drei in den Gr\u00f6\u00dfen L und XL), um das Apportieren des Hundes im Boot zu erleichtern.<\/p>\n<p>Eins\u00e4tze und Zierleisten sind reflektierend und erh\u00f6hen die Sichtbarkeit des Tieres im Wasser auch bei schwierigen Bedingungen.<\/p>\n<p>Erf\u00fcllt alle Sicherheitsanforderungen f\u00fcr den Auftrieb:<\/p>\n<p>EN 13138-1 <strong>(SCHWIMMHILFEN F\u00dcR DEN SCHWIMMUNTERRICHT &#8211; TEIL 1: SICHERHEITSANFORDERUNGEN UND PR\u00dcFVERFAHREN <\/strong><strong>F\u00dcR AUFTRIEBSK\u00d6RPER, DIE GEWICKELT WERDEN SOLLEN)<\/strong><\/p>\n<p>&nbsp;<\/p>\n<p><strong>Siehe: <a class=\"wp-colorbox-image\" href=\"https:\/\/www.cressidog.com\/wp-content\/uploads\/2019\/01\/cressi-dog-taglie-lifejacket-ita.jpg\">Wie Sie die richtige Gr\u00f6\u00dfe ausw\u00e4hlen<\/a>.<\/strong><\/p>\n","protected":false},"featured_media":3478,"template":"","meta":{"rs_blank_template":"","rs_page_bg_color":"","slide_template_v7":""},"product_brand":[],"product_cat":[472],"product_tag":[474,473],"class_list":{"0":"post-3466","1":"product","2":"type-product","3":"status-publish","4":"has-post-thumbnail","6":"product_cat-schwimmweste-fur-hunde","7":"product_tag-dog-wetsuit-de","8":"product_tag-neoprenanzug-fur-hunde-de","10":"first","11":"instock","12":"shipping-taxable","13":"purchasable","14":"product-type-variable"},"yoast_head":"<!-- This site is optimized with the Yoast SEO Premium plugin v27.5 (Yoast SEO v27.5) - https:\/\/yoast.com\/product\/yoast-seo-premium-wordpress\/ -->\n<title>Schwimmweste f\u00fcr Hunde micro -<\/title>\n<meta name=\"description\" content=\"Die Dog Life Jacket Schwimmweste f\u00fcr Spielzeughunde ist ideal f\u00fcr die schwimmende Rehabilitationsrettung auf See und in Booten.\" \/>\n<meta name=\"robots\" content=\"index, follow, max-snippet:-1, max-image-preview:large, max-video-preview:-1\" \/>\n<link rel=\"canonical\" href=\"https:\/\/www.cressidog.com\/de\/prodotto\/schwimmweste-fur-hunde-micro\/\" \/>\n<meta property=\"og:locale\" content=\"de_DE\" \/>\n<meta property=\"og:type\" content=\"article\" \/>\n<meta property=\"og:title\" content=\"Schwimmweste f\u00fcr Hunde micro\" \/>\n<meta property=\"og:description\" content=\"Die Dog Life Jacket Schwimmweste f\u00fcr Spielzeughunde ist ideal f\u00fcr die schwimmende Rehabilitationsrettung auf See und in Booten.\" \/>\n<meta property=\"og:url\" content=\"https:\/\/www.cressidog.com\/de\/prodotto\/schwimmweste-fur-hunde-micro\/\" \/>\n<meta property=\"og:site_name\" content=\"Cressi Dog\" \/>\n<meta property=\"article:publisher\" content=\"https:\/\/www.facebook.com\/cressidoggear\/\" \/>\n<meta property=\"article:modified_time\" content=\"2023-09-27T07:18:12+00:00\" \/>\n<meta property=\"og:image\" content=\"https:\/\/www.cressidog.com\/wp-content\/uploads\/2018\/12\/dog-life-jacket-pincher.jpg\" \/>\n<meta name=\"twitter:card\" content=\"summary_large_image\" \/>\n<meta name=\"twitter:image\" content=\"https:\/\/www.cressidog.com\/wp-content\/uploads\/2018\/12\/dog-life-jacket-pincher.jpg\" \/>\n<meta name=\"twitter:site\" content=\"@cressiitaly\" \/>\n<meta name=\"twitter:label1\" content=\"Gesch\u00e4tzte Lesezeit\" \/>\n\t<meta name=\"twitter:data1\" content=\"3\u00a0Minuten\" \/>\n<script type=\"application\/ld+json\" class=\"yoast-schema-graph\">{\"@context\":\"https:\\\/\\\/schema.org\",\"@graph\":[{\"@type\":\"WebPage\",\"@id\":\"https:\\\/\\\/www.cressidog.com\\\/de\\\/prodotto\\\/schwimmweste-fur-hunde-micro\\\/\",\"url\":\"https:\\\/\\\/www.cressidog.com\\\/de\\\/prodotto\\\/schwimmweste-fur-hunde-micro\\\/\",\"name\":\"Schwimmweste f\u00fcr Hunde micro -\",\"isPartOf\":{\"@id\":\"https:\\\/\\\/www.cressidog.com\\\/#website\"},\"primaryImageOfPage\":{\"@id\":\"https:\\\/\\\/www.cressidog.com\\\/de\\\/prodotto\\\/schwimmweste-fur-hunde-micro\\\/#primaryimage\"},\"image\":{\"@id\":\"https:\\\/\\\/www.cressidog.com\\\/de\\\/prodotto\\\/schwimmweste-fur-hunde-micro\\\/#primaryimage\"},\"thumbnailUrl\":\"https:\\\/\\\/www.cressidog.com\\\/wp-content\\\/uploads\\\/2018\\\/12\\\/cressi-dog-salvagente-per-cani-dog-life-jacket-chihuahua-fronte.jpg\",\"datePublished\":\"2018-12-15T08:24:39+00:00\",\"dateModified\":\"2023-09-27T07:18:12+00:00\",\"description\":\"Die Dog Life Jacket Schwimmweste f\u00fcr Spielzeughunde ist ideal f\u00fcr die schwimmende Rehabilitationsrettung auf See und in Booten.\",\"breadcrumb\":{\"@id\":\"https:\\\/\\\/www.cressidog.com\\\/de\\\/prodotto\\\/schwimmweste-fur-hunde-micro\\\/#breadcrumb\"},\"inLanguage\":\"de\",\"potentialAction\":[{\"@type\":\"ReadAction\",\"target\":[\"https:\\\/\\\/www.cressidog.com\\\/de\\\/prodotto\\\/schwimmweste-fur-hunde-micro\\\/\"]}]},{\"@type\":\"ImageObject\",\"inLanguage\":\"de\",\"@id\":\"https:\\\/\\\/www.cressidog.com\\\/de\\\/prodotto\\\/schwimmweste-fur-hunde-micro\\\/#primaryimage\",\"url\":\"https:\\\/\\\/www.cressidog.com\\\/wp-content\\\/uploads\\\/2018\\\/12\\\/cressi-dog-salvagente-per-cani-dog-life-jacket-chihuahua-fronte.jpg\",\"contentUrl\":\"https:\\\/\\\/www.cressidog.com\\\/wp-content\\\/uploads\\\/2018\\\/12\\\/cressi-dog-salvagente-per-cani-dog-life-jacket-chihuahua-fronte.jpg\",\"width\":1870,\"height\":2000},{\"@type\":\"BreadcrumbList\",\"@id\":\"https:\\\/\\\/www.cressidog.com\\\/de\\\/prodotto\\\/schwimmweste-fur-hunde-micro\\\/#breadcrumb\",\"itemListElement\":[{\"@type\":\"ListItem\",\"position\":1,\"name\":\"Home\",\"item\":\"https:\\\/\\\/www.cressidog.com\\\/de\\\/\"},{\"@type\":\"ListItem\",\"position\":2,\"name\":\"Online Shop\",\"item\":\"https:\\\/\\\/www.cressidog.com\\\/negozio-shop\\\/\"},{\"@type\":\"ListItem\",\"position\":3,\"name\":\"Schwimmweste f\u00fcr Hunde micro\"}]},{\"@type\":\"WebSite\",\"@id\":\"https:\\\/\\\/www.cressidog.com\\\/#website\",\"url\":\"https:\\\/\\\/www.cressidog.com\\\/\",\"name\":\"Cressi Dog\",\"description\":\"Giubbotto salvagente per cani - dog life jacket per la sicurezza in del cane in acqua\",\"publisher\":{\"@id\":\"https:\\\/\\\/www.cressidog.com\\\/#organization\"},\"potentialAction\":[{\"@type\":\"SearchAction\",\"target\":{\"@type\":\"EntryPoint\",\"urlTemplate\":\"https:\\\/\\\/www.cressidog.com\\\/?s={search_term_string}\"},\"query-input\":{\"@type\":\"PropertyValueSpecification\",\"valueRequired\":true,\"valueName\":\"search_term_string\"}}],\"inLanguage\":\"de\"},{\"@type\":\"Organization\",\"@id\":\"https:\\\/\\\/www.cressidog.com\\\/#organization\",\"name\":\"Cressi Sub\",\"url\":\"https:\\\/\\\/www.cressidog.com\\\/\",\"logo\":{\"@type\":\"ImageObject\",\"inLanguage\":\"de\",\"@id\":\"https:\\\/\\\/www.cressidog.com\\\/#\\\/schema\\\/logo\\\/image\\\/\",\"url\":\"https:\\\/\\\/www.cressidog.com\\\/wp-content\\\/uploads\\\/2018\\\/09\\\/cressidog144.png\",\"contentUrl\":\"https:\\\/\\\/www.cressidog.com\\\/wp-content\\\/uploads\\\/2018\\\/09\\\/cressidog144.png\",\"width\":144,\"height\":144,\"caption\":\"Cressi Sub\"},\"image\":{\"@id\":\"https:\\\/\\\/www.cressidog.com\\\/#\\\/schema\\\/logo\\\/image\\\/\"},\"sameAs\":[\"https:\\\/\\\/www.facebook.com\\\/cressidoggear\\\/\",\"https:\\\/\\\/x.com\\\/cressiitaly\",\"https:\\\/\\\/www.instagram.com\\\/cressi.dog\\\/\",\"https:\\\/\\\/www.youtube.com\\\/channel\\\/UCmmmuYck73YIT08fiSvVbxw\"]}]}<\/script>\n<!-- \/ Yoast SEO Premium plugin. -->","yoast_head_json":{"title":"Schwimmweste f\u00fcr Hunde micro -","description":"Die Dog Life Jacket Schwimmweste f\u00fcr Spielzeughunde ist ideal f\u00fcr die schwimmende Rehabilitationsrettung auf See und in Booten.","robots":{"index":"index","follow":"follow","max-snippet":"max-snippet:-1","max-image-preview":"max-image-preview:large","max-video-preview":"max-video-preview:-1"},"canonical":"https:\/\/www.cressidog.com\/de\/prodotto\/schwimmweste-fur-hunde-micro\/","og_locale":"de_DE","og_type":"article","og_title":"Schwimmweste f\u00fcr Hunde micro","og_description":"Die Dog Life Jacket Schwimmweste f\u00fcr Spielzeughunde ist ideal f\u00fcr die schwimmende Rehabilitationsrettung auf See und in Booten.","og_url":"https:\/\/www.cressidog.com\/de\/prodotto\/schwimmweste-fur-hunde-micro\/","og_site_name":"Cressi Dog","article_publisher":"https:\/\/www.facebook.com\/cressidoggear\/","article_modified_time":"2023-09-27T07:18:12+00:00","og_image":[{"url":"https:\/\/www.cressidog.com\/wp-content\/uploads\/2018\/12\/dog-life-jacket-pincher.jpg","type":"","width":"","height":""}],"twitter_card":"summary_large_image","twitter_image":"https:\/\/www.cressidog.com\/wp-content\/uploads\/2018\/12\/dog-life-jacket-pincher.jpg","twitter_site":"@cressiitaly","twitter_misc":{"Gesch\u00e4tzte Lesezeit":"3\u00a0Minuten"},"schema":{"@context":"https:\/\/schema.org","@graph":[{"@type":"WebPage","@id":"https:\/\/www.cressidog.com\/de\/prodotto\/schwimmweste-fur-hunde-micro\/","url":"https:\/\/www.cressidog.com\/de\/prodotto\/schwimmweste-fur-hunde-micro\/","name":"Schwimmweste f\u00fcr Hunde micro -","isPartOf":{"@id":"https:\/\/www.cressidog.com\/#website"},"primaryImageOfPage":{"@id":"https:\/\/www.cressidog.com\/de\/prodotto\/schwimmweste-fur-hunde-micro\/#primaryimage"},"image":{"@id":"https:\/\/www.cressidog.com\/de\/prodotto\/schwimmweste-fur-hunde-micro\/#primaryimage"},"thumbnailUrl":"https:\/\/www.cressidog.com\/wp-content\/uploads\/2018\/12\/cressi-dog-salvagente-per-cani-dog-life-jacket-chihuahua-fronte.jpg","datePublished":"2018-12-15T08:24:39+00:00","dateModified":"2023-09-27T07:18:12+00:00","description":"Die Dog Life Jacket Schwimmweste f\u00fcr Spielzeughunde ist ideal f\u00fcr die schwimmende Rehabilitationsrettung auf See und in Booten.","breadcrumb":{"@id":"https:\/\/www.cressidog.com\/de\/prodotto\/schwimmweste-fur-hunde-micro\/#breadcrumb"},"inLanguage":"de","potentialAction":[{"@type":"ReadAction","target":["https:\/\/www.cressidog.com\/de\/prodotto\/schwimmweste-fur-hunde-micro\/"]}]},{"@type":"ImageObject","inLanguage":"de","@id":"https:\/\/www.cressidog.com\/de\/prodotto\/schwimmweste-fur-hunde-micro\/#primaryimage","url":"https:\/\/www.cressidog.com\/wp-content\/uploads\/2018\/12\/cressi-dog-salvagente-per-cani-dog-life-jacket-chihuahua-fronte.jpg","contentUrl":"https:\/\/www.cressidog.com\/wp-content\/uploads\/2018\/12\/cressi-dog-salvagente-per-cani-dog-life-jacket-chihuahua-fronte.jpg","width":1870,"height":2000},{"@type":"BreadcrumbList","@id":"https:\/\/www.cressidog.com\/de\/prodotto\/schwimmweste-fur-hunde-micro\/#breadcrumb","itemListElement":[{"@type":"ListItem","position":1,"name":"Home","item":"https:\/\/www.cressidog.com\/de\/"},{"@type":"ListItem","position":2,"name":"Online Shop","item":"https:\/\/www.cressidog.com\/negozio-shop\/"},{"@type":"ListItem","position":3,"name":"Schwimmweste f\u00fcr Hunde micro"}]},{"@type":"WebSite","@id":"https:\/\/www.cressidog.com\/#website","url":"https:\/\/www.cressidog.com\/","name":"Cressi Dog","description":"Giubbotto salvagente per cani - dog life jacket per la sicurezza in del cane in acqua","publisher":{"@id":"https:\/\/www.cressidog.com\/#organization"},"potentialAction":[{"@type":"SearchAction","target":{"@type":"EntryPoint","urlTemplate":"https:\/\/www.cressidog.com\/?s={search_term_string}"},"query-input":{"@type":"PropertyValueSpecification","valueRequired":true,"valueName":"search_term_string"}}],"inLanguage":"de"},{"@type":"Organization","@id":"https:\/\/www.cressidog.com\/#organization","name":"Cressi Sub","url":"https:\/\/www.cressidog.com\/","logo":{"@type":"ImageObject","inLanguage":"de","@id":"https:\/\/www.cressidog.com\/#\/schema\/logo\/image\/","url":"https:\/\/www.cressidog.com\/wp-content\/uploads\/2018\/09\/cressidog144.png","contentUrl":"https:\/\/www.cressidog.com\/wp-content\/uploads\/2018\/09\/cressidog144.png","width":144,"height":144,"caption":"Cressi Sub"},"image":{"@id":"https:\/\/www.cressidog.com\/#\/schema\/logo\/image\/"},"sameAs":["https:\/\/www.facebook.com\/cressidoggear\/","https:\/\/x.com\/cressiitaly","https:\/\/www.instagram.com\/cressi.dog\/","https:\/\/www.youtube.com\/channel\/UCmmmuYck73YIT08fiSvVbxw"]}]}},"_links":{"self":[{"href":"https:\/\/www.cressidog.com\/de\/wp-json\/wp\/v2\/product\/3466","targetHints":{"allow":["GET"]}}],"collection":[{"href":"https:\/\/www.cressidog.com\/de\/wp-json\/wp\/v2\/product"}],"about":[{"href":"https:\/\/www.cressidog.com\/de\/wp-json\/wp\/v2\/types\/product"}],"wp:featuredmedia":[{"embeddable":true,"href":"https:\/\/www.cressidog.com\/de\/wp-json\/wp\/v2\/media\/3478"}],"wp:attachment":[{"href":"https:\/\/www.cressidog.com\/de\/wp-json\/wp\/v2\/media?parent=3466"}],"wp:term":[{"taxonomy":"product_brand","embeddable":true,"href":"https:\/\/www.cressidog.com\/de\/wp-json\/wp\/v2\/product_brand?post=3466"},{"taxonomy":"product_cat","embeddable":true,"href":"https:\/\/www.cressidog.com\/de\/wp-json\/wp\/v2\/product_cat?post=3466"},{"taxonomy":"product_tag","embeddable":true,"href":"https:\/\/www.cressidog.com\/de\/wp-json\/wp\/v2\/product_tag?post=3466"}],"curies":[{"name":"wp","href":"https:\/\/api.w.org\/{rel}","templated":true}]}}