{"id":3442,"date":"2018-12-15T09:28:35","date_gmt":"2018-12-15T08:28:35","guid":{"rendered":"https:\/\/www.cressidog.com\/prodotto\/schwimmweste-fur-grosse-hunde\/"},"modified":"2025-02-07T18:38:47","modified_gmt":"2025-02-07T17:38:47","slug":"schwimmweste-fur-grosse-hunde","status":"publish","type":"product","link":"https:\/\/www.cressidog.com\/de\/prodotto\/schwimmweste-fur-grosse-hunde\/","title":{"rendered":"SCHWIMMWESTE F\u00dcR GROSSE HUNDE"},"content":{"rendered":"<h2>SCHWIMMWESTE F\u00dcR HUNDE &#8211; DOG LIFE JACKET<\/h2>\n<p>Die Schwimmweste f\u00fcr Hunde, Cressi Dog Life Jacket, ist die ideale Unterst\u00fctzung f\u00fcr ein ruhiges und sicheres Erlebnis im Wasser. Sie ist also N\u00dcTZLICH, wenn Sie mit Ihrem Hund am Meer oder See, am Strand, in einem Boot, auf einem Surfbrett oder SUP, in einem Kajak oder Kanu sind, um ihn zu sch\u00fctzen oder seine Spielzeit zu erleichtern. Die Hundeschwimmweste ist ergonomisch, bequem und einfach zu tragen: Die CRESSI DOG-Schwimmweste wird aus den besten Materialien und mit Hilfe zuverl\u00e4ssiger Produktionsverfahren hergestellt und ist so bequem, dass der Hund sich sowohl beim Schwimmen als auch au\u00dferhalb des Wassers leicht bewegen kann. Sie erleichtert also das sichere Schwimmen im Meer, Pool, See und Fluss, indem sie den Hund an der Oberfl\u00e4che h\u00e4lt und ihn mit weniger Anstrengung schwimmen l\u00e4sst.<\/p>\n<p><strong>DESIGN &#8211; HUNDESCHWIMMWESTE<\/strong><\/p>\n<ul>\n<li>Der Schnitt der Hundeschwimmweste wurde speziell entwickelt, um den Hund in der richtigen Schwimmlage zu halten und die Bewegung zu erleichtern, sowohl unter Wasser als auch an der Oberfl\u00e4che.<\/li>\n<\/ul>\n<p><strong>MERKMALE<\/strong><\/p>\n<ul>\n<li>Schwarzes Duratex 1000 Denier Gewebe (Cordura-\u00e4hnlich) und Polyester 500 Denier G\u00e4nseschnabel gelb.<\/li>\n<li>Die gelbe Farbe des G\u00e4nseschnabels erh\u00f6ht die Sichtbarkeit im Wasser bei allen schlechten Sichtverh\u00e4ltnissen.<\/li>\n<li>Robuste, verschlei\u00dffeste Acetatschnallen, die sich leicht schlie\u00dfen lassen, sorgen daf\u00fcr, dass die Gurte \u00fcber lange Zeit fest an ihrem Platz bleiben.<\/li>\n<li>Die gepolsterten und verstellbaren Gurtb\u00e4nder sorgen f\u00fcr einen ergonomischen und sicheren Sitz.<\/li>\n<li>Die reflektierenden Details sorgen f\u00fcr mehr Sicherheit bei Nacht und bei schlechten Sichtverh\u00e4ltnissen.<\/li>\n<li>Das CRESSI DOG-Logo ist auf beiden Seiten und im Nacken der Schwimmweste aufgestickt, au\u00dferdem ist ein thermoplastisches Logo auf der R\u00fcckseite der Schwimmweste aufgen\u00e4ht.<\/li>\n<li>Sie hat eine praktische Schlaufe zum Befestigen der Leine.<\/li>\n<li>Sie verf\u00fcgt \u00fcber einen praktischen Griff (drei in den Gr\u00f6\u00dfen L und XL), um das Apportieren Ihres Hundes zu erleichtern, wenn Sie sich auf einem Boot oder im Schwimmbad befinden.<\/li>\n<li>Dank der drei Griffe kann der Hund von zwei Personen gleichzeitig apportiert werden.<\/li>\n<li>Hergestellt in 7 Gr\u00f6\u00dfen von Micro 2XS bis XL, um einer Vielzahl von Hunderassen zu passen.<\/li>\n<li>Sie kann \u00fcber einem Neoprenanzug f\u00fcr Hunde (Cressi Dog Wetsuit) getragen werden, um den Auftrieb noch zu erh\u00f6hen und die K\u00f6rpertemperatur des Hundes konstant zu halten.<\/li>\n<li>Die Hundeschwimmweste ist ein notwendiger Ausr\u00fcstungsgegenstand f\u00fcr Wasserrettungshunde und ist sehr n\u00fctzlich f\u00fcr die Rehabilitation.<\/li>\n<\/ul>\n<p><strong>WASCHANLEITUNG<\/strong><br \/>\nIn kaltem Wasser waschen, Schonwaschgang<br \/>\nVerwenden Sie ein Feinwaschmittel<br \/>\nZum Trocknen aufh\u00e4ngen<br \/>\nNicht bleichen, b\u00fcgeln oder chemisch reinigen<\/p>\n<p><strong>TECHNISCHE INFORMATIONEN<br \/>\n<\/strong>Da es keine Referenznormen f\u00fcr Schwimmhilfen f\u00fcr Hunde gibt, wurde beschlossen, die Norm EN 13138-1 <strong>(<span dir=\"ltr\" role=\"presentation\">BUOYANT AIDS FOR SWIMMING INSTRUCTION \u2010 PART 1: SAFETY REQUIREMENTS AND TEST\u00a0<\/span><span dir=\"ltr\" role=\"presentation\">METHODS FOR BUOYANT AIDS TO BE WORN)<\/span><\/strong> als Inspiration f\u00fcr die Durchf\u00fchrung der Tests zu verwenden.<\/p>\n<p>Im Einzelnen wurden die folgenden Tests durchgef\u00fchrt:<\/p>\n<p><strong>BUOYANCY TEST:<br \/>\n<\/strong>5.3.3 der oben genannten Norm <strong><span dir=\"ltr\" role=\"presentation\">(MEASUREMENT OF BUOYANCY OF COMPLETE SWIMMING DEVICE).<\/span><\/strong><\/p>\n<p><strong>TEST ZUR VER\u00c4NDERUNG DES AUFTRIEBS:<br \/>\n<\/strong>5.6.3 der oben genannten Norm <span dir=\"ltr\" role=\"presentation\"><strong>(RESISTEANCE OF FOAM ANOTHER INHERENT BUOYANT MATERIAL TO WATER ABSORPTION)<\/strong><\/span><strong>.<\/strong><\/p>\n<p>Dieser Test best\u00e4tigt, dass die Weste nach 24 Stunden Eintauchen nicht mehr als 10% ihres urspr\u00fcnglichen Auftriebs verloren hat:<\/p>\n<p><strong>&#8222;Unsere Hundeschwimmwesten haben ihren urspr\u00fcnglichen Wert beibehalten&#8220;.<\/strong><\/p>\n<p>&nbsp;<\/p>\n<p><strong>HERGESTELLT IN UNGARN<\/strong><\/p>\n<p>https:\/\/www.youtube.com\/channel\/UCmmmuYck73YIT08fiSvVbxw<\/p>\n<p><strong>Siehe: <a class=\"wp-colorbox-image\" href=\"https:\/\/www.cressidog.com\/wp-content\/uploads\/2019\/01\/cressi-dog-taglie-lifejacket-ita.jpg\">Wie Sie die richtige Gr\u00f6\u00dfe ausw\u00e4hlen<\/a>.<\/strong><\/p>\n","protected":false},"excerpt":{"rendered":"<p>Die Schwimmweste f\u00fcr Hunde, Cressi Dog Life Jacket, ist das ideale Hilfsmittel f\u00fcr ein ruhiges und sicheres Erlebnis im Wasser.<\/p>\n<p>Die Hundeschwimmweste ist das ideale Hilfsmittel f\u00fcr Ihren Hund am Meer oder See, am Strand, in einem Boot, im Pool, auf einem Surfbrett oder SUP, in einem Kajak oder Kanu, um ihn sicher zu halten oder seine Spielzeit zu erleichtern.<\/p>\n<p>Es handelt sich um ein Kleidungsst\u00fcck, das speziell entwickelt wurde, um das Tier an der Oberfl\u00e4che zu halten, wenn es kein ge\u00fcbter Schwimmer ist, oder um ihm das Schwimmen zu erleichtern, vor allem, wenn es so viel Zeit im fl\u00fcssigen Element verbringt; es ist ein notwendiger Ausr\u00fcstungsgegenstand f\u00fcr Wasserrettungshunde und auch sehr n\u00fctzlich f\u00fcr die Rehabilitation.<\/p>\n<p>Der Schnitt der Jacke ist so konzipiert, dass der Hund in der richtigen Schwimmlage bleibt und seine Bewegungen sowohl unter Wasser als auch an der Oberfl\u00e4che erleichtert werden.<\/p>\n<p>Die Hundeschwimmweste ist daher ergonomisch, bequem und einfach zu tragen: Sie wird aus den besten Materialien und in einem \u00e4u\u00dferst zuverl\u00e4ssigen Produktionsverfahren hergestellt und verf\u00fcgt \u00fcber einen praktischen Ring f\u00fcr die Leine und einen praktischen Griff (drei in den Gr\u00f6\u00dfen L und XL), um das Apportieren des Hundes im Boot zu erleichtern.<\/p>\n<p>Eins\u00e4tze und Zierleisten sind reflektierend und erh\u00f6hen die Sichtbarkeit des Tieres im Wasser auch bei schwierigen Bedingungen.<\/p>\n<p>Erf\u00fcllt alle Sicherheitsanforderungen f\u00fcr den Auftrieb:<\/p>\n<p>EN 13138-1 <strong>(SCHWIMMHILFEN F\u00dcR DEN SCHWIMMUNTERRICHT &#8211; TEIL 1: <\/strong><strong>Sicherheitsanforderungen und Pr\u00fcfverfahren f\u00fcr zu tragende Schwimmhilfen)<\/strong><\/p>\n<p><strong>Siehe: <a class=\"wp-colorbox-image\" href=\"https:\/\/www.cressidog.com\/wp-content\/uploads\/2019\/01\/cressi-dog-taglie-lifejacket-ita.jpg\">Wie Sie die richtige Gr\u00f6\u00dfe ausw\u00e4hlen<\/a>.<\/strong><\/p>\n","protected":false},"featured_media":3094,"template":"","meta":{"rs_blank_template":"","rs_page_bg_color":"","slide_template_v7":""},"product_brand":[],"product_cat":[472],"product_tag":[474,473],"class_list":{"0":"post-3442","1":"product","2":"type-product","3":"status-publish","4":"has-post-thumbnail","6":"product_cat-schwimmweste-fur-hunde","7":"product_tag-dog-wetsuit-de","8":"product_tag-neoprenanzug-fur-hunde-de","10":"first","11":"instock","12":"sale","13":"shipping-taxable","14":"purchasable","15":"product-type-variable"},"yoast_head":"<!-- This site is optimized with the Yoast SEO Premium plugin v27.5 (Yoast SEO v27.5) - https:\/\/yoast.com\/product\/yoast-seo-premium-wordpress\/ -->\n<title>SCHWIMMWESTE F\u00dcR GROSSE HUNDE Cressi Dog<\/title>\n<meta name=\"description\" content=\"Die Hundeschwimmweste ist ideal f\u00fcr die Schwimmrehabilitation und die Rettung auf See mit drei Griffen zur Rettung des Hundes\" \/>\n<meta name=\"robots\" content=\"index, follow, max-snippet:-1, max-image-preview:large, max-video-preview:-1\" \/>\n<link rel=\"canonical\" href=\"https:\/\/www.cressidog.com\/de\/prodotto\/schwimmweste-fur-grosse-hunde\/\" \/>\n<meta property=\"og:locale\" content=\"de_DE\" \/>\n<meta property=\"og:type\" content=\"article\" \/>\n<meta property=\"og:title\" content=\"SCHWIMMWESTE F\u00dcR GROSSE HUNDE\" \/>\n<meta property=\"og:description\" content=\"Die Hundeschwimmweste ist ideal f\u00fcr die Schwimmrehabilitation und die Rettung auf See mit drei Griffen zur Rettung des Hundes\" \/>\n<meta property=\"og:url\" content=\"https:\/\/www.cressidog.com\/de\/prodotto\/schwimmweste-fur-grosse-hunde\/\" \/>\n<meta property=\"og:site_name\" content=\"Cressi Dog\" \/>\n<meta property=\"article:publisher\" content=\"https:\/\/www.facebook.com\/cressidoggear\/\" \/>\n<meta property=\"article:modified_time\" content=\"2025-02-07T17:38:47+00:00\" \/>\n<meta property=\"og:image\" content=\"https:\/\/www.cressidog.com\/wp-content\/uploads\/2018\/12\/rm_life_jacket_tgl_6099.jpg\" \/>\n<meta name=\"twitter:card\" content=\"summary_large_image\" \/>\n<meta name=\"twitter:site\" content=\"@cressiitaly\" \/>\n<meta name=\"twitter:label1\" content=\"Gesch\u00e4tzte Lesezeit\" \/>\n\t<meta name=\"twitter:data1\" content=\"3\u00a0Minuten\" \/>\n<script type=\"application\/ld+json\" class=\"yoast-schema-graph\">{\"@context\":\"https:\\\/\\\/schema.org\",\"@graph\":[{\"@type\":\"WebPage\",\"@id\":\"https:\\\/\\\/www.cressidog.com\\\/de\\\/prodotto\\\/schwimmweste-fur-grosse-hunde\\\/\",\"url\":\"https:\\\/\\\/www.cressidog.com\\\/de\\\/prodotto\\\/schwimmweste-fur-grosse-hunde\\\/\",\"name\":\"SCHWIMMWESTE F\u00dcR GROSSE HUNDE Cressi Dog\",\"isPartOf\":{\"@id\":\"https:\\\/\\\/www.cressidog.com\\\/#website\"},\"primaryImageOfPage\":{\"@id\":\"https:\\\/\\\/www.cressidog.com\\\/de\\\/prodotto\\\/schwimmweste-fur-grosse-hunde\\\/#primaryimage\"},\"image\":{\"@id\":\"https:\\\/\\\/www.cressidog.com\\\/de\\\/prodotto\\\/schwimmweste-fur-grosse-hunde\\\/#primaryimage\"},\"thumbnailUrl\":\"https:\\\/\\\/www.cressidog.com\\\/wp-content\\\/uploads\\\/2019\\\/04\\\/giubbotto-salvagente-per-cani-dog-life-jacket-segugio-cressi-dog-1.jpg\",\"datePublished\":\"2018-12-15T08:28:35+00:00\",\"dateModified\":\"2025-02-07T17:38:47+00:00\",\"description\":\"Die Hundeschwimmweste ist ideal f\u00fcr die Schwimmrehabilitation und die Rettung auf See mit drei Griffen zur Rettung des Hundes\",\"breadcrumb\":{\"@id\":\"https:\\\/\\\/www.cressidog.com\\\/de\\\/prodotto\\\/schwimmweste-fur-grosse-hunde\\\/#breadcrumb\"},\"inLanguage\":\"de\",\"potentialAction\":[{\"@type\":\"ReadAction\",\"target\":[\"https:\\\/\\\/www.cressidog.com\\\/de\\\/prodotto\\\/schwimmweste-fur-grosse-hunde\\\/\"]}]},{\"@type\":\"ImageObject\",\"inLanguage\":\"de\",\"@id\":\"https:\\\/\\\/www.cressidog.com\\\/de\\\/prodotto\\\/schwimmweste-fur-grosse-hunde\\\/#primaryimage\",\"url\":\"https:\\\/\\\/www.cressidog.com\\\/wp-content\\\/uploads\\\/2019\\\/04\\\/giubbotto-salvagente-per-cani-dog-life-jacket-segugio-cressi-dog-1.jpg\",\"contentUrl\":\"https:\\\/\\\/www.cressidog.com\\\/wp-content\\\/uploads\\\/2019\\\/04\\\/giubbotto-salvagente-per-cani-dog-life-jacket-segugio-cressi-dog-1.jpg\",\"width\":1671,\"height\":2000},{\"@type\":\"BreadcrumbList\",\"@id\":\"https:\\\/\\\/www.cressidog.com\\\/de\\\/prodotto\\\/schwimmweste-fur-grosse-hunde\\\/#breadcrumb\",\"itemListElement\":[{\"@type\":\"ListItem\",\"position\":1,\"name\":\"Home\",\"item\":\"https:\\\/\\\/www.cressidog.com\\\/de\\\/\"},{\"@type\":\"ListItem\",\"position\":2,\"name\":\"Online Shop\",\"item\":\"https:\\\/\\\/www.cressidog.com\\\/negozio-shop\\\/\"},{\"@type\":\"ListItem\",\"position\":3,\"name\":\"SCHWIMMWESTE F\u00dcR GROSSE HUNDE\"}]},{\"@type\":\"WebSite\",\"@id\":\"https:\\\/\\\/www.cressidog.com\\\/#website\",\"url\":\"https:\\\/\\\/www.cressidog.com\\\/\",\"name\":\"Cressi Dog\",\"description\":\"Giubbotto salvagente per cani - dog life jacket per la sicurezza in del cane in acqua\",\"publisher\":{\"@id\":\"https:\\\/\\\/www.cressidog.com\\\/#organization\"},\"potentialAction\":[{\"@type\":\"SearchAction\",\"target\":{\"@type\":\"EntryPoint\",\"urlTemplate\":\"https:\\\/\\\/www.cressidog.com\\\/?s={search_term_string}\"},\"query-input\":{\"@type\":\"PropertyValueSpecification\",\"valueRequired\":true,\"valueName\":\"search_term_string\"}}],\"inLanguage\":\"de\"},{\"@type\":\"Organization\",\"@id\":\"https:\\\/\\\/www.cressidog.com\\\/#organization\",\"name\":\"Cressi Sub\",\"url\":\"https:\\\/\\\/www.cressidog.com\\\/\",\"logo\":{\"@type\":\"ImageObject\",\"inLanguage\":\"de\",\"@id\":\"https:\\\/\\\/www.cressidog.com\\\/#\\\/schema\\\/logo\\\/image\\\/\",\"url\":\"https:\\\/\\\/www.cressidog.com\\\/wp-content\\\/uploads\\\/2018\\\/09\\\/cressidog144.png\",\"contentUrl\":\"https:\\\/\\\/www.cressidog.com\\\/wp-content\\\/uploads\\\/2018\\\/09\\\/cressidog144.png\",\"width\":144,\"height\":144,\"caption\":\"Cressi Sub\"},\"image\":{\"@id\":\"https:\\\/\\\/www.cressidog.com\\\/#\\\/schema\\\/logo\\\/image\\\/\"},\"sameAs\":[\"https:\\\/\\\/www.facebook.com\\\/cressidoggear\\\/\",\"https:\\\/\\\/x.com\\\/cressiitaly\",\"https:\\\/\\\/www.instagram.com\\\/cressi.dog\\\/\",\"https:\\\/\\\/www.youtube.com\\\/channel\\\/UCmmmuYck73YIT08fiSvVbxw\"]}]}<\/script>\n<!-- \/ Yoast SEO Premium plugin. -->","yoast_head_json":{"title":"SCHWIMMWESTE F\u00dcR GROSSE HUNDE Cressi Dog","description":"Die Hundeschwimmweste ist ideal f\u00fcr die Schwimmrehabilitation und die Rettung auf See mit drei Griffen zur Rettung des Hundes","robots":{"index":"index","follow":"follow","max-snippet":"max-snippet:-1","max-image-preview":"max-image-preview:large","max-video-preview":"max-video-preview:-1"},"canonical":"https:\/\/www.cressidog.com\/de\/prodotto\/schwimmweste-fur-grosse-hunde\/","og_locale":"de_DE","og_type":"article","og_title":"SCHWIMMWESTE F\u00dcR GROSSE HUNDE","og_description":"Die Hundeschwimmweste ist ideal f\u00fcr die Schwimmrehabilitation und die Rettung auf See mit drei Griffen zur Rettung des Hundes","og_url":"https:\/\/www.cressidog.com\/de\/prodotto\/schwimmweste-fur-grosse-hunde\/","og_site_name":"Cressi Dog","article_publisher":"https:\/\/www.facebook.com\/cressidoggear\/","article_modified_time":"2025-02-07T17:38:47+00:00","og_image":[{"url":"https:\/\/www.cressidog.com\/wp-content\/uploads\/2018\/12\/rm_life_jacket_tgl_6099.jpg","type":"","width":"","height":""}],"twitter_card":"summary_large_image","twitter_site":"@cressiitaly","twitter_misc":{"Gesch\u00e4tzte Lesezeit":"3\u00a0Minuten"},"schema":{"@context":"https:\/\/schema.org","@graph":[{"@type":"WebPage","@id":"https:\/\/www.cressidog.com\/de\/prodotto\/schwimmweste-fur-grosse-hunde\/","url":"https:\/\/www.cressidog.com\/de\/prodotto\/schwimmweste-fur-grosse-hunde\/","name":"SCHWIMMWESTE F\u00dcR GROSSE HUNDE Cressi Dog","isPartOf":{"@id":"https:\/\/www.cressidog.com\/#website"},"primaryImageOfPage":{"@id":"https:\/\/www.cressidog.com\/de\/prodotto\/schwimmweste-fur-grosse-hunde\/#primaryimage"},"image":{"@id":"https:\/\/www.cressidog.com\/de\/prodotto\/schwimmweste-fur-grosse-hunde\/#primaryimage"},"thumbnailUrl":"https:\/\/www.cressidog.com\/wp-content\/uploads\/2019\/04\/giubbotto-salvagente-per-cani-dog-life-jacket-segugio-cressi-dog-1.jpg","datePublished":"2018-12-15T08:28:35+00:00","dateModified":"2025-02-07T17:38:47+00:00","description":"Die Hundeschwimmweste ist ideal f\u00fcr die Schwimmrehabilitation und die Rettung auf See mit drei Griffen zur Rettung des Hundes","breadcrumb":{"@id":"https:\/\/www.cressidog.com\/de\/prodotto\/schwimmweste-fur-grosse-hunde\/#breadcrumb"},"inLanguage":"de","potentialAction":[{"@type":"ReadAction","target":["https:\/\/www.cressidog.com\/de\/prodotto\/schwimmweste-fur-grosse-hunde\/"]}]},{"@type":"ImageObject","inLanguage":"de","@id":"https:\/\/www.cressidog.com\/de\/prodotto\/schwimmweste-fur-grosse-hunde\/#primaryimage","url":"https:\/\/www.cressidog.com\/wp-content\/uploads\/2019\/04\/giubbotto-salvagente-per-cani-dog-life-jacket-segugio-cressi-dog-1.jpg","contentUrl":"https:\/\/www.cressidog.com\/wp-content\/uploads\/2019\/04\/giubbotto-salvagente-per-cani-dog-life-jacket-segugio-cressi-dog-1.jpg","width":1671,"height":2000},{"@type":"BreadcrumbList","@id":"https:\/\/www.cressidog.com\/de\/prodotto\/schwimmweste-fur-grosse-hunde\/#breadcrumb","itemListElement":[{"@type":"ListItem","position":1,"name":"Home","item":"https:\/\/www.cressidog.com\/de\/"},{"@type":"ListItem","position":2,"name":"Online Shop","item":"https:\/\/www.cressidog.com\/negozio-shop\/"},{"@type":"ListItem","position":3,"name":"SCHWIMMWESTE F\u00dcR GROSSE HUNDE"}]},{"@type":"WebSite","@id":"https:\/\/www.cressidog.com\/#website","url":"https:\/\/www.cressidog.com\/","name":"Cressi Dog","description":"Giubbotto salvagente per cani - dog life jacket per la sicurezza in del cane in acqua","publisher":{"@id":"https:\/\/www.cressidog.com\/#organization"},"potentialAction":[{"@type":"SearchAction","target":{"@type":"EntryPoint","urlTemplate":"https:\/\/www.cressidog.com\/?s={search_term_string}"},"query-input":{"@type":"PropertyValueSpecification","valueRequired":true,"valueName":"search_term_string"}}],"inLanguage":"de"},{"@type":"Organization","@id":"https:\/\/www.cressidog.com\/#organization","name":"Cressi Sub","url":"https:\/\/www.cressidog.com\/","logo":{"@type":"ImageObject","inLanguage":"de","@id":"https:\/\/www.cressidog.com\/#\/schema\/logo\/image\/","url":"https:\/\/www.cressidog.com\/wp-content\/uploads\/2018\/09\/cressidog144.png","contentUrl":"https:\/\/www.cressidog.com\/wp-content\/uploads\/2018\/09\/cressidog144.png","width":144,"height":144,"caption":"Cressi Sub"},"image":{"@id":"https:\/\/www.cressidog.com\/#\/schema\/logo\/image\/"},"sameAs":["https:\/\/www.facebook.com\/cressidoggear\/","https:\/\/x.com\/cressiitaly","https:\/\/www.instagram.com\/cressi.dog\/","https:\/\/www.youtube.com\/channel\/UCmmmuYck73YIT08fiSvVbxw"]}]}},"_links":{"self":[{"href":"https:\/\/www.cressidog.com\/de\/wp-json\/wp\/v2\/product\/3442","targetHints":{"allow":["GET"]}}],"collection":[{"href":"https:\/\/www.cressidog.com\/de\/wp-json\/wp\/v2\/product"}],"about":[{"href":"https:\/\/www.cressidog.com\/de\/wp-json\/wp\/v2\/types\/product"}],"wp:featuredmedia":[{"embeddable":true,"href":"https:\/\/www.cressidog.com\/de\/wp-json\/wp\/v2\/media\/3094"}],"wp:attachment":[{"href":"https:\/\/www.cressidog.com\/de\/wp-json\/wp\/v2\/media?parent=3442"}],"wp:term":[{"taxonomy":"product_brand","embeddable":true,"href":"https:\/\/www.cressidog.com\/de\/wp-json\/wp\/v2\/product_brand?post=3442"},{"taxonomy":"product_cat","embeddable":true,"href":"https:\/\/www.cressidog.com\/de\/wp-json\/wp\/v2\/product_cat?post=3442"},{"taxonomy":"product_tag","embeddable":true,"href":"https:\/\/www.cressidog.com\/de\/wp-json\/wp\/v2\/product_tag?post=3442"}],"curies":[{"name":"wp","href":"https:\/\/api.w.org\/{rel}","templated":true}]}}