{"id":3429,"date":"2018-10-06T00:46:36","date_gmt":"2018-10-05T22:46:36","guid":{"rendered":"https:\/\/www.cressidog.com\/prodotto\/cressi-dog-wetsuit-neoprenanzug-fur-hunde-kleine-grose\/"},"modified":"2023-09-26T16:47:42","modified_gmt":"2023-09-26T14:47:42","slug":"cressi-dog-wetsuit-neoprenanzug-fur-hunde-kleine-grose","status":"publish","type":"product","link":"https:\/\/www.cressidog.com\/de\/prodotto\/cressi-dog-wetsuit-neoprenanzug-fur-hunde-kleine-grose\/","title":{"rendered":"Cressi Dog Wetsuit &#8211; Neoprenanzug f\u00fcr Hunde -Kleine Gr\u00f6\u00dfe"},"content":{"rendered":"<p>Der Cressi Dog Wetsuit (Neoprenanzug f\u00fcr Hunde) ist die <strong>ideale Unterst\u00fctzung<\/strong> f\u00fcr Hundeaktivit\u00e4ten im Wasser.<\/p>\n<ul>\n<li>Er kann auch im Schnee, an kalten Tagen bei Spazierg\u00e4ngen und als Mackintosh verwendet werden.<\/li>\n<li>Die orange Farbe ist sehr gut sichtbar.<\/li>\n<li>Neoprenanzug f\u00fcr <strong>kleine Hunde<\/strong>.<\/li>\n<li>Der Cressi Dog Wetsuit (Neoprenanzug f\u00fcr Hunde) hat einen Schnitt, der der Anatomie des Hundes folgt und eine freie Bewegung ohne Einschn\u00fcrungen erm\u00f6glicht.<\/li>\n<li>CRESSI DOG-Logos und Schriftz\u00fcge auf beiden Seiten.<\/li>\n<li>Schwarze Eins\u00e4tze aus verschlei\u00dffestem <strong>Small Diamond\u00a9<\/strong> Material.<\/li>\n<li>Der <strong>100%ige Neoprenanzug<\/strong> mit einer <strong>Dicke von 3 mm<\/strong> isoliert den K\u00f6rper des Tieres, verhindert den W\u00e4rmeverlust und sch\u00fctzt es vor K\u00e4lte, dank der Luftzellen in seiner Struktur, die gleichzeitig den Auftrieb erleichtern und so das Vergn\u00fcgen des Hundes im Wasser ohne Risiko verl\u00e4ngern.<\/li>\n<li>Au\u00dferdem wirkt das weiche Material, das den Hund umh\u00fcllt, beruhigend und f\u00f6rdert Ruhe und Selbstbeherrschung, insbesondere bei Angstzust\u00e4nden.<\/li>\n<li>Einfaches Anlegen dank des durchgehenden Rei\u00dfverschlusses auf der R\u00fcckseite.<\/li>\n<li>Kann auch unter einer Cressi Hundeschwimmweste verwendet werden.<\/li>\n<\/ul>\n<p>Hervorragender Mackintosh f\u00fcr Hunde:<\/p>\n<ul>\n<li>Der Cressi Dog Neoprenanzug f\u00fcr Hunde kann auch an regnerischen Tagen und in den Bergen im Schnee als Mantel verwendet werden. Durch das Tragen des Neoprenanzugs ist der Hund vor K\u00e4lte gesch\u00fctzt, das Fell wird nicht nass und er ist auch vor Schlammspritzern gesch\u00fctzt.<\/li>\n<\/ul>\n<p>Cressi Dog Wetsuit (Neoprenanzug f\u00fcr Hunde) ist in folgenden Gr\u00f6\u00dfen erh\u00e4ltlich: Micro XS- XXXS &#8211; XXS &#8211; XS &#8211; S &#8211; SM &#8211; M &#8211; ML &#8211; L &#8211; XL &#8211; XXL<\/p>\n<p>Uhr: <a class=\"wp-colorbox-image\" href=\"https:\/\/www.cressidog.com\/wp-content\/uploads\/2018\/10\/taglie-wetsuit-ita.jpg\">wie man die richtige Gr\u00f6\u00dfe w\u00e4hlt<\/a>\n<p>MADE IN ITALY<\/p>\n<p>http:\/\/www.blog.cressidog.com<\/p>\n","protected":false},"excerpt":{"rendered":"<p>Der Cressi Neoprenanzug f\u00fcr Hunde ist die ideale Unterst\u00fctzung f\u00fcr ein entspanntes und sicheres Wassererlebnis.<\/p>\n<p>Der 3 mm dicke Neoprenanzug sch\u00fctzt das Tier vor K\u00e4lte und erleichtert ihm das Schwimmen. Das weiche Material, das ihn umgibt, hat eine beruhigende Wirkung auf den Hund, so dass er das Spielen und den Aufenthalt im Wasser ohne Angst und Furcht genie\u00dfen kann.<\/p>\n<p>Au\u00dferdem bietet der Cressi Dog Neoprenanzug f\u00fcr Hunde dank seiner Form, die sich perfekt an die Anatomie des Hundes anpasst, viel Bewegungsfreiheit, ohne ihn in irgendeiner Weise einzuschr\u00e4nken. Dadurch kann der Cressi Dog Neoprenanzug f\u00fcr Hunde auch als Mantel an Regentagen und in den Bergen im Schnee verwendet werden, da er den Hund vor K\u00e4lte sch\u00fctzt und das Fell nicht nass wird und ihn auch vor Schlammspritzern bewahrt.<\/p>\n<p><a class=\"wp-colorbox-image\" href=\"https:\/\/www.cressidog.com\/wp-content\/uploads\/2018\/10\/taglie-wetsuit-ita.jpg\">Wie Sie die richtige Gr\u00f6\u00dfe ausw\u00e4hlen<\/a>.<\/p>\n","protected":false},"featured_media":3021,"template":"","meta":{"rs_blank_template":"","rs_page_bg_color":"","slide_template_v7":""},"product_brand":[],"product_cat":[471],"product_tag":[],"class_list":{"0":"post-3429","1":"product","2":"type-product","3":"status-publish","4":"has-post-thumbnail","6":"product_cat-dog-wetsuit-neoprenanzug-fur-hunde","8":"first","9":"instock","10":"sale","11":"shipping-taxable","12":"purchasable","13":"product-type-variable"},"yoast_head":"<!-- This site is optimized with the Yoast SEO Premium plugin v26.9 (Yoast SEO v27.5) - https:\/\/yoast.com\/product\/yoast-seo-premium-wordpress\/ -->\n<title>Cressi Cressi Dog Wetsuit - Neoprenanzug f\u00fcr Hunde -Kleine Gr\u00f6\u00dfe<\/title>\n<meta name=\"description\" content=\"Der Cressi Dog Neoprenanzug ist die ideale Unterst\u00fctzung f\u00fcr ein ruhiges und sicheres Wassererlebnis.\" \/>\n<meta name=\"robots\" content=\"index, follow, max-snippet:-1, max-image-preview:large, max-video-preview:-1\" \/>\n<link rel=\"canonical\" href=\"https:\/\/www.cressidog.com\/de\/prodotto\/cressi-dog-wetsuit-neoprenanzug-fur-hunde-kleine-grose\/\" \/>\n<meta property=\"og:locale\" content=\"de_DE\" \/>\n<meta property=\"og:type\" content=\"article\" \/>\n<meta property=\"og:title\" content=\"Cressi Dog Wetsuit - Neoprenanzug f\u00fcr Hunde -Kleine Gr\u00f6\u00dfe\" \/>\n<meta property=\"og:description\" content=\"Der Cressi Dog Neoprenanzug ist die ideale Unterst\u00fctzung f\u00fcr ein ruhiges und sicheres Wassererlebnis.\" \/>\n<meta property=\"og:url\" content=\"https:\/\/www.cressidog.com\/de\/prodotto\/cressi-dog-wetsuit-neoprenanzug-fur-hunde-kleine-grose\/\" \/>\n<meta property=\"og:site_name\" content=\"Cressi Dog\" \/>\n<meta property=\"article:publisher\" content=\"https:\/\/www.facebook.com\/cressidoggear\/\" \/>\n<meta property=\"article:modified_time\" content=\"2023-09-26T14:47:42+00:00\" \/>\n<meta property=\"og:image\" content=\"https:\/\/www.cressidog.com\/wp-content\/uploads\/2018\/10\/dog-wetsuit-1.jpg\" \/>\n\t<meta property=\"og:image:width\" content=\"496\" \/>\n\t<meta property=\"og:image:height\" content=\"496\" \/>\n\t<meta property=\"og:image:type\" content=\"image\/jpeg\" \/>\n<meta name=\"twitter:card\" content=\"summary_large_image\" \/>\n<meta name=\"twitter:site\" content=\"@cressiitaly\" \/>\n<meta name=\"twitter:label1\" content=\"Gesch\u00e4tzte Lesezeit\" \/>\n\t<meta name=\"twitter:data1\" content=\"2\u00a0Minuten\" \/>\n<script type=\"application\/ld+json\" class=\"yoast-schema-graph\">{\"@context\":\"https:\\\/\\\/schema.org\",\"@graph\":[{\"@type\":\"WebPage\",\"@id\":\"https:\\\/\\\/www.cressidog.com\\\/de\\\/prodotto\\\/cressi-dog-wetsuit-neoprenanzug-fur-hunde-kleine-grose\\\/\",\"url\":\"https:\\\/\\\/www.cressidog.com\\\/de\\\/prodotto\\\/cressi-dog-wetsuit-neoprenanzug-fur-hunde-kleine-grose\\\/\",\"name\":\"Cressi Cressi Dog Wetsuit - Neoprenanzug f\u00fcr Hunde -Kleine Gr\u00f6\u00dfe\",\"isPartOf\":{\"@id\":\"https:\\\/\\\/www.cressidog.com\\\/#website\"},\"primaryImageOfPage\":{\"@id\":\"https:\\\/\\\/www.cressidog.com\\\/de\\\/prodotto\\\/cressi-dog-wetsuit-neoprenanzug-fur-hunde-kleine-grose\\\/#primaryimage\"},\"image\":{\"@id\":\"https:\\\/\\\/www.cressidog.com\\\/de\\\/prodotto\\\/cressi-dog-wetsuit-neoprenanzug-fur-hunde-kleine-grose\\\/#primaryimage\"},\"thumbnailUrl\":\"https:\\\/\\\/www.cressidog.com\\\/wp-content\\\/uploads\\\/2018\\\/10\\\/dog-wetsuit-1.jpg\",\"datePublished\":\"2018-10-05T22:46:36+00:00\",\"dateModified\":\"2023-09-26T14:47:42+00:00\",\"description\":\"Der Cressi Dog Neoprenanzug ist die ideale Unterst\u00fctzung f\u00fcr ein ruhiges und sicheres Wassererlebnis.\",\"breadcrumb\":{\"@id\":\"https:\\\/\\\/www.cressidog.com\\\/de\\\/prodotto\\\/cressi-dog-wetsuit-neoprenanzug-fur-hunde-kleine-grose\\\/#breadcrumb\"},\"inLanguage\":\"de\",\"potentialAction\":[{\"@type\":\"ReadAction\",\"target\":[\"https:\\\/\\\/www.cressidog.com\\\/de\\\/prodotto\\\/cressi-dog-wetsuit-neoprenanzug-fur-hunde-kleine-grose\\\/\"]}]},{\"@type\":\"ImageObject\",\"inLanguage\":\"de\",\"@id\":\"https:\\\/\\\/www.cressidog.com\\\/de\\\/prodotto\\\/cressi-dog-wetsuit-neoprenanzug-fur-hunde-kleine-grose\\\/#primaryimage\",\"url\":\"https:\\\/\\\/www.cressidog.com\\\/wp-content\\\/uploads\\\/2018\\\/10\\\/dog-wetsuit-1.jpg\",\"contentUrl\":\"https:\\\/\\\/www.cressidog.com\\\/wp-content\\\/uploads\\\/2018\\\/10\\\/dog-wetsuit-1.jpg\",\"width\":496,\"height\":496},{\"@type\":\"BreadcrumbList\",\"@id\":\"https:\\\/\\\/www.cressidog.com\\\/de\\\/prodotto\\\/cressi-dog-wetsuit-neoprenanzug-fur-hunde-kleine-grose\\\/#breadcrumb\",\"itemListElement\":[{\"@type\":\"ListItem\",\"position\":1,\"name\":\"Home\",\"item\":\"https:\\\/\\\/www.cressidog.com\\\/de\\\/\"},{\"@type\":\"ListItem\",\"position\":2,\"name\":\"Online Shop\",\"item\":\"https:\\\/\\\/www.cressidog.com\\\/negozio-shop\\\/\"},{\"@type\":\"ListItem\",\"position\":3,\"name\":\"Cressi Dog Wetsuit &#8211; Neoprenanzug f\u00fcr Hunde -Kleine Gr\u00f6\u00dfe\"}]},{\"@type\":\"WebSite\",\"@id\":\"https:\\\/\\\/www.cressidog.com\\\/#website\",\"url\":\"https:\\\/\\\/www.cressidog.com\\\/\",\"name\":\"Cressi Dog\",\"description\":\"Giubbotto salvagente per cani - dog life jacket per la sicurezza in del cane in acqua\",\"publisher\":{\"@id\":\"https:\\\/\\\/www.cressidog.com\\\/#organization\"},\"potentialAction\":[{\"@type\":\"SearchAction\",\"target\":{\"@type\":\"EntryPoint\",\"urlTemplate\":\"https:\\\/\\\/www.cressidog.com\\\/?s={search_term_string}\"},\"query-input\":{\"@type\":\"PropertyValueSpecification\",\"valueRequired\":true,\"valueName\":\"search_term_string\"}}],\"inLanguage\":\"de\"},{\"@type\":\"Organization\",\"@id\":\"https:\\\/\\\/www.cressidog.com\\\/#organization\",\"name\":\"Cressi Sub\",\"url\":\"https:\\\/\\\/www.cressidog.com\\\/\",\"logo\":{\"@type\":\"ImageObject\",\"inLanguage\":\"de\",\"@id\":\"https:\\\/\\\/www.cressidog.com\\\/#\\\/schema\\\/logo\\\/image\\\/\",\"url\":\"https:\\\/\\\/www.cressidog.com\\\/wp-content\\\/uploads\\\/2018\\\/09\\\/cressidog144.png\",\"contentUrl\":\"https:\\\/\\\/www.cressidog.com\\\/wp-content\\\/uploads\\\/2018\\\/09\\\/cressidog144.png\",\"width\":144,\"height\":144,\"caption\":\"Cressi Sub\"},\"image\":{\"@id\":\"https:\\\/\\\/www.cressidog.com\\\/#\\\/schema\\\/logo\\\/image\\\/\"},\"sameAs\":[\"https:\\\/\\\/www.facebook.com\\\/cressidoggear\\\/\",\"https:\\\/\\\/x.com\\\/cressiitaly\",\"https:\\\/\\\/www.instagram.com\\\/cressi.dog\\\/\",\"https:\\\/\\\/www.youtube.com\\\/channel\\\/UCmmmuYck73YIT08fiSvVbxw\"]}]}<\/script>\n<!-- \/ Yoast SEO Premium plugin. -->","yoast_head_json":{"title":"Cressi Cressi Dog Wetsuit - Neoprenanzug f\u00fcr Hunde -Kleine Gr\u00f6\u00dfe","description":"Der Cressi Dog Neoprenanzug ist die ideale Unterst\u00fctzung f\u00fcr ein ruhiges und sicheres Wassererlebnis.","robots":{"index":"index","follow":"follow","max-snippet":"max-snippet:-1","max-image-preview":"max-image-preview:large","max-video-preview":"max-video-preview:-1"},"canonical":"https:\/\/www.cressidog.com\/de\/prodotto\/cressi-dog-wetsuit-neoprenanzug-fur-hunde-kleine-grose\/","og_locale":"de_DE","og_type":"article","og_title":"Cressi Dog Wetsuit - Neoprenanzug f\u00fcr Hunde -Kleine Gr\u00f6\u00dfe","og_description":"Der Cressi Dog Neoprenanzug ist die ideale Unterst\u00fctzung f\u00fcr ein ruhiges und sicheres Wassererlebnis.","og_url":"https:\/\/www.cressidog.com\/de\/prodotto\/cressi-dog-wetsuit-neoprenanzug-fur-hunde-kleine-grose\/","og_site_name":"Cressi Dog","article_publisher":"https:\/\/www.facebook.com\/cressidoggear\/","article_modified_time":"2023-09-26T14:47:42+00:00","og_image":[{"width":496,"height":496,"url":"https:\/\/www.cressidog.com\/wp-content\/uploads\/2018\/10\/dog-wetsuit-1.jpg","type":"image\/jpeg"}],"twitter_card":"summary_large_image","twitter_site":"@cressiitaly","twitter_misc":{"Gesch\u00e4tzte Lesezeit":"2\u00a0Minuten"},"schema":{"@context":"https:\/\/schema.org","@graph":[{"@type":"WebPage","@id":"https:\/\/www.cressidog.com\/de\/prodotto\/cressi-dog-wetsuit-neoprenanzug-fur-hunde-kleine-grose\/","url":"https:\/\/www.cressidog.com\/de\/prodotto\/cressi-dog-wetsuit-neoprenanzug-fur-hunde-kleine-grose\/","name":"Cressi Cressi Dog Wetsuit - Neoprenanzug f\u00fcr Hunde -Kleine Gr\u00f6\u00dfe","isPartOf":{"@id":"https:\/\/www.cressidog.com\/#website"},"primaryImageOfPage":{"@id":"https:\/\/www.cressidog.com\/de\/prodotto\/cressi-dog-wetsuit-neoprenanzug-fur-hunde-kleine-grose\/#primaryimage"},"image":{"@id":"https:\/\/www.cressidog.com\/de\/prodotto\/cressi-dog-wetsuit-neoprenanzug-fur-hunde-kleine-grose\/#primaryimage"},"thumbnailUrl":"https:\/\/www.cressidog.com\/wp-content\/uploads\/2018\/10\/dog-wetsuit-1.jpg","datePublished":"2018-10-05T22:46:36+00:00","dateModified":"2023-09-26T14:47:42+00:00","description":"Der Cressi Dog Neoprenanzug ist die ideale Unterst\u00fctzung f\u00fcr ein ruhiges und sicheres Wassererlebnis.","breadcrumb":{"@id":"https:\/\/www.cressidog.com\/de\/prodotto\/cressi-dog-wetsuit-neoprenanzug-fur-hunde-kleine-grose\/#breadcrumb"},"inLanguage":"de","potentialAction":[{"@type":"ReadAction","target":["https:\/\/www.cressidog.com\/de\/prodotto\/cressi-dog-wetsuit-neoprenanzug-fur-hunde-kleine-grose\/"]}]},{"@type":"ImageObject","inLanguage":"de","@id":"https:\/\/www.cressidog.com\/de\/prodotto\/cressi-dog-wetsuit-neoprenanzug-fur-hunde-kleine-grose\/#primaryimage","url":"https:\/\/www.cressidog.com\/wp-content\/uploads\/2018\/10\/dog-wetsuit-1.jpg","contentUrl":"https:\/\/www.cressidog.com\/wp-content\/uploads\/2018\/10\/dog-wetsuit-1.jpg","width":496,"height":496},{"@type":"BreadcrumbList","@id":"https:\/\/www.cressidog.com\/de\/prodotto\/cressi-dog-wetsuit-neoprenanzug-fur-hunde-kleine-grose\/#breadcrumb","itemListElement":[{"@type":"ListItem","position":1,"name":"Home","item":"https:\/\/www.cressidog.com\/de\/"},{"@type":"ListItem","position":2,"name":"Online Shop","item":"https:\/\/www.cressidog.com\/negozio-shop\/"},{"@type":"ListItem","position":3,"name":"Cressi Dog Wetsuit &#8211; Neoprenanzug f\u00fcr Hunde -Kleine Gr\u00f6\u00dfe"}]},{"@type":"WebSite","@id":"https:\/\/www.cressidog.com\/#website","url":"https:\/\/www.cressidog.com\/","name":"Cressi Dog","description":"Giubbotto salvagente per cani - dog life jacket per la sicurezza in del cane in acqua","publisher":{"@id":"https:\/\/www.cressidog.com\/#organization"},"potentialAction":[{"@type":"SearchAction","target":{"@type":"EntryPoint","urlTemplate":"https:\/\/www.cressidog.com\/?s={search_term_string}"},"query-input":{"@type":"PropertyValueSpecification","valueRequired":true,"valueName":"search_term_string"}}],"inLanguage":"de"},{"@type":"Organization","@id":"https:\/\/www.cressidog.com\/#organization","name":"Cressi Sub","url":"https:\/\/www.cressidog.com\/","logo":{"@type":"ImageObject","inLanguage":"de","@id":"https:\/\/www.cressidog.com\/#\/schema\/logo\/image\/","url":"https:\/\/www.cressidog.com\/wp-content\/uploads\/2018\/09\/cressidog144.png","contentUrl":"https:\/\/www.cressidog.com\/wp-content\/uploads\/2018\/09\/cressidog144.png","width":144,"height":144,"caption":"Cressi Sub"},"image":{"@id":"https:\/\/www.cressidog.com\/#\/schema\/logo\/image\/"},"sameAs":["https:\/\/www.facebook.com\/cressidoggear\/","https:\/\/x.com\/cressiitaly","https:\/\/www.instagram.com\/cressi.dog\/","https:\/\/www.youtube.com\/channel\/UCmmmuYck73YIT08fiSvVbxw"]}]}},"_links":{"self":[{"href":"https:\/\/www.cressidog.com\/de\/wp-json\/wp\/v2\/product\/3429","targetHints":{"allow":["GET"]}}],"collection":[{"href":"https:\/\/www.cressidog.com\/de\/wp-json\/wp\/v2\/product"}],"about":[{"href":"https:\/\/www.cressidog.com\/de\/wp-json\/wp\/v2\/types\/product"}],"wp:featuredmedia":[{"embeddable":true,"href":"https:\/\/www.cressidog.com\/de\/wp-json\/wp\/v2\/media\/3021"}],"wp:attachment":[{"href":"https:\/\/www.cressidog.com\/de\/wp-json\/wp\/v2\/media?parent=3429"}],"wp:term":[{"taxonomy":"product_brand","embeddable":true,"href":"https:\/\/www.cressidog.com\/de\/wp-json\/wp\/v2\/product_brand?post=3429"},{"taxonomy":"product_cat","embeddable":true,"href":"https:\/\/www.cressidog.com\/de\/wp-json\/wp\/v2\/product_cat?post=3429"},{"taxonomy":"product_tag","embeddable":true,"href":"https:\/\/www.cressidog.com\/de\/wp-json\/wp\/v2\/product_tag?post=3429"}],"curies":[{"name":"wp","href":"https:\/\/api.w.org\/{rel}","templated":true}]}}