{"id":3397,"date":"2023-09-26T13:45:38","date_gmt":"2023-09-26T11:45:38","guid":{"rendered":"https:\/\/www.cressidog.com\/online-shop\/"},"modified":"2023-09-26T15:20:18","modified_gmt":"2023-09-26T13:20:18","slug":"online-shop","status":"publish","type":"page","link":"https:\/\/www.cressidog.com\/de\/online-shop\/","title":{"rendered":"Online Shop"},"content":{"rendered":"<div class=\"wpb-content-wrapper\">[mk_page_section bg_image=&#8220;https:\/\/www.cressidog.com\/wp-content\/uploads\/2018\/10\/wesuit-shop.jpg&#8220; bg_image_portrait=&#8220;https:\/\/www.cressidog.com\/wp-content\/uploads\/2018\/10\/momenti-cressi.jpg&#8220; bg_position=&#8220;center center&#8220; bg_repeat=&#8220;no-repeat&#8220; bg_stretch=&#8220;true&#8220; min_height=&#8220;500&#8243; js_vertical_centered=&#8220;true&#8220; padding_top=&#8220;0&#8243; padding_bottom=&#8220;0&#8243; skip_arrow=&#8220;true&#8220; sidebar=&#8220;sidebar-1&#8243;][vc_column][mk_fancy_title color=&#8220;#ffffff&#8220; size=&#8220;50&#8243; force_font_size=&#8220;true&#8220; size_smallscreen=&#8220;50&#8243; size_tablet=&#8220;30&#8243; size_phone=&#8220;20&#8243; font_weight=&#8220;600&#8243; txt_transform=&#8220;uppercase&#8220; font_family=&#8220;none&#8220; responsive_align=&#8220;left&#8220;]<span style=\"color: #ffffff;\">Unvergessliche<\/span><br \/>\n<span style=\"color: #ffffff;\">Momente<\/span>[\/mk_fancy_title][\/vc_column][\/mk_page_section][vc_row][vc_column][vc_empty_space][\/vc_column][\/vc_row]\n<\/div>","protected":false},"excerpt":{"rendered":"<p>[mk_page_section bg_image=&#8220;https:\/\/www.cressidog.com\/wp-content\/uploads\/2018\/10\/wesuit-shop.jpg&#8220; bg_image_portrait=&#8220;https:\/\/www.cressidog.com\/wp-content\/uploads\/2018\/10\/momenti-cressi.jpg&#8220; bg_position=&#8220;center center&#8220; bg_repeat=&#8220;no-repeat&#8220; bg_stretch=&#8220;true&#8220; min_height=&#8220;500&#8243; js_vertical_centered=&#8220;true&#8220; padding_top=&#8220;0&#8243; padding_bottom=&#8220;0&#8243; skip_arrow=&#8220;true&#8220; sidebar=&#8220;sidebar-1&#8243;][vc_column][mk_fancy_title color=&#8220;#ffffff&#8220; size=&#8220;50&#8243; force_font_size=&#8220;true&#8220; size_smallscreen=&#8220;50&#8243; size_tablet=&#8220;30&#8243; size_phone=&#8220;20&#8243; font_weight=&#8220;600&#8243; txt_transform=&#8220;uppercase&#8220; font_family=&#8220;none&#8220; responsive_align=&#8220;left&#8220;]Unvergessliche Momente[\/mk_fancy_title][\/vc_column][\/mk_page_section][vc_row][vc_column][vc_empty_space][\/vc_column][\/vc_row]<\/p>\n","protected":false},"author":1,"featured_media":0,"parent":0,"menu_order":0,"comment_status":"closed","ping_status":"closed","template":"","meta":{"rs_blank_template":"","rs_page_bg_color":"","slide_template_v7":"","footnotes":""},"class_list":["post-3397","page","type-page","status-publish","hentry"],"yoast_head":"<!-- This site is optimized with the Yoast SEO Premium plugin v26.9 (Yoast SEO v27.5) - https:\/\/yoast.com\/product\/yoast-seo-premium-wordpress\/ -->\n<title>Online Shop - Cressi Dog technische Leine f\u00fcr die Sicherheit von Hunden im Wasser.<\/title>\n<meta name=\"description\" content=\"Cressi Dog ist der Shop, in dem Sie Produkte aus unserer Linie, Schwimmwesten f\u00fcr Hunde und den Neoprenanzug f\u00fcr Hunde, kaufen k\u00f6nnen.\" \/>\n<meta name=\"robots\" content=\"index, follow, max-snippet:-1, max-image-preview:large, max-video-preview:-1\" \/>\n<link rel=\"canonical\" href=\"https:\/\/www.cressidog.com\/negozio-shop\/\" \/>\n<meta property=\"og:locale\" content=\"de_DE\" \/>\n<meta property=\"og:type\" content=\"article\" \/>\n<meta property=\"og:title\" content=\"Online Shop\" \/>\n<meta property=\"og:description\" content=\"Cressi Dog ist der Shop, in dem Sie Produkte aus unserer Linie, Schwimmwesten f\u00fcr Hunde und den Neoprenanzug f\u00fcr Hunde, kaufen k\u00f6nnen.\" \/>\n<meta property=\"og:url\" content=\"https:\/\/www.cressidog.com\/negozio-shop\/\" \/>\n<meta property=\"og:site_name\" content=\"Cressi Dog\" \/>\n<meta property=\"article:publisher\" content=\"https:\/\/www.facebook.com\/cressidoggear\/\" \/>\n<meta property=\"article:modified_time\" content=\"2023-09-26T13:20:18+00:00\" \/>\n<meta name=\"twitter:card\" content=\"summary_large_image\" \/>\n<meta name=\"twitter:site\" content=\"@cressiitaly\" \/>\n<script type=\"application\/ld+json\" class=\"yoast-schema-graph\">{\"@context\":\"https:\\\/\\\/schema.org\",\"@graph\":[{\"@type\":\"WebPage\",\"@id\":\"https:\\\/\\\/www.cressidog.com\\\/negozio-shop\\\/\",\"url\":\"https:\\\/\\\/www.cressidog.com\\\/negozio-shop\\\/\",\"name\":\"Online Shop - Cressi Dog technische Leine f\u00fcr die Sicherheit von Hunden im Wasser.\",\"isPartOf\":{\"@id\":\"https:\\\/\\\/www.cressidog.com\\\/#website\"},\"datePublished\":\"2023-09-26T11:45:38+00:00\",\"dateModified\":\"2023-09-26T13:20:18+00:00\",\"description\":\"Cressi Dog ist der Shop, in dem Sie Produkte aus unserer Linie, Schwimmwesten f\u00fcr Hunde und den Neoprenanzug f\u00fcr Hunde, kaufen k\u00f6nnen.\",\"breadcrumb\":{\"@id\":\"https:\\\/\\\/www.cressidog.com\\\/negozio-shop\\\/#breadcrumb\"},\"inLanguage\":\"de\",\"potentialAction\":[{\"@type\":\"ReadAction\",\"target\":[\"https:\\\/\\\/www.cressidog.com\\\/negozio-shop\\\/\"]}]},{\"@type\":\"BreadcrumbList\",\"@id\":\"https:\\\/\\\/www.cressidog.com\\\/negozio-shop\\\/#breadcrumb\",\"itemListElement\":[{\"@type\":\"ListItem\",\"position\":1,\"name\":\"Home\",\"item\":\"https:\\\/\\\/www.cressidog.com\\\/de\\\/\"},{\"@type\":\"ListItem\",\"position\":2,\"name\":\"Online Shop\"}]},{\"@type\":\"WebSite\",\"@id\":\"https:\\\/\\\/www.cressidog.com\\\/#website\",\"url\":\"https:\\\/\\\/www.cressidog.com\\\/\",\"name\":\"Cressi Dog\",\"description\":\"Giubbotto salvagente per cani - dog life jacket per la sicurezza in del cane in acqua\",\"publisher\":{\"@id\":\"https:\\\/\\\/www.cressidog.com\\\/#organization\"},\"potentialAction\":[{\"@type\":\"SearchAction\",\"target\":{\"@type\":\"EntryPoint\",\"urlTemplate\":\"https:\\\/\\\/www.cressidog.com\\\/?s={search_term_string}\"},\"query-input\":{\"@type\":\"PropertyValueSpecification\",\"valueRequired\":true,\"valueName\":\"search_term_string\"}}],\"inLanguage\":\"de\"},{\"@type\":\"Organization\",\"@id\":\"https:\\\/\\\/www.cressidog.com\\\/#organization\",\"name\":\"Cressi Sub\",\"url\":\"https:\\\/\\\/www.cressidog.com\\\/\",\"logo\":{\"@type\":\"ImageObject\",\"inLanguage\":\"de\",\"@id\":\"https:\\\/\\\/www.cressidog.com\\\/#\\\/schema\\\/logo\\\/image\\\/\",\"url\":\"https:\\\/\\\/www.cressidog.com\\\/wp-content\\\/uploads\\\/2018\\\/09\\\/cressidog144.png\",\"contentUrl\":\"https:\\\/\\\/www.cressidog.com\\\/wp-content\\\/uploads\\\/2018\\\/09\\\/cressidog144.png\",\"width\":144,\"height\":144,\"caption\":\"Cressi Sub\"},\"image\":{\"@id\":\"https:\\\/\\\/www.cressidog.com\\\/#\\\/schema\\\/logo\\\/image\\\/\"},\"sameAs\":[\"https:\\\/\\\/www.facebook.com\\\/cressidoggear\\\/\",\"https:\\\/\\\/x.com\\\/cressiitaly\",\"https:\\\/\\\/www.instagram.com\\\/cressi.dog\\\/\",\"https:\\\/\\\/www.youtube.com\\\/channel\\\/UCmmmuYck73YIT08fiSvVbxw\"]}]}<\/script>\n<!-- \/ Yoast SEO Premium plugin. -->","yoast_head_json":{"title":"Online Shop - Cressi Dog technische Leine f\u00fcr die Sicherheit von Hunden im Wasser.","description":"Cressi Dog ist der Shop, in dem Sie Produkte aus unserer Linie, Schwimmwesten f\u00fcr Hunde und den Neoprenanzug f\u00fcr Hunde, kaufen k\u00f6nnen.","robots":{"index":"index","follow":"follow","max-snippet":"max-snippet:-1","max-image-preview":"max-image-preview:large","max-video-preview":"max-video-preview:-1"},"canonical":"https:\/\/www.cressidog.com\/negozio-shop\/","og_locale":"de_DE","og_type":"article","og_title":"Online Shop","og_description":"Cressi Dog ist der Shop, in dem Sie Produkte aus unserer Linie, Schwimmwesten f\u00fcr Hunde und den Neoprenanzug f\u00fcr Hunde, kaufen k\u00f6nnen.","og_url":"https:\/\/www.cressidog.com\/negozio-shop\/","og_site_name":"Cressi Dog","article_publisher":"https:\/\/www.facebook.com\/cressidoggear\/","article_modified_time":"2023-09-26T13:20:18+00:00","twitter_card":"summary_large_image","twitter_site":"@cressiitaly","schema":{"@context":"https:\/\/schema.org","@graph":[{"@type":"WebPage","@id":"https:\/\/www.cressidog.com\/negozio-shop\/","url":"https:\/\/www.cressidog.com\/negozio-shop\/","name":"Online Shop - Cressi Dog technische Leine f\u00fcr die Sicherheit von Hunden im Wasser.","isPartOf":{"@id":"https:\/\/www.cressidog.com\/#website"},"datePublished":"2023-09-26T11:45:38+00:00","dateModified":"2023-09-26T13:20:18+00:00","description":"Cressi Dog ist der Shop, in dem Sie Produkte aus unserer Linie, Schwimmwesten f\u00fcr Hunde und den Neoprenanzug f\u00fcr Hunde, kaufen k\u00f6nnen.","breadcrumb":{"@id":"https:\/\/www.cressidog.com\/negozio-shop\/#breadcrumb"},"inLanguage":"de","potentialAction":[{"@type":"ReadAction","target":["https:\/\/www.cressidog.com\/negozio-shop\/"]}]},{"@type":"BreadcrumbList","@id":"https:\/\/www.cressidog.com\/negozio-shop\/#breadcrumb","itemListElement":[{"@type":"ListItem","position":1,"name":"Home","item":"https:\/\/www.cressidog.com\/de\/"},{"@type":"ListItem","position":2,"name":"Online Shop"}]},{"@type":"WebSite","@id":"https:\/\/www.cressidog.com\/#website","url":"https:\/\/www.cressidog.com\/","name":"Cressi Dog","description":"Giubbotto salvagente per cani - dog life jacket per la sicurezza in del cane in acqua","publisher":{"@id":"https:\/\/www.cressidog.com\/#organization"},"potentialAction":[{"@type":"SearchAction","target":{"@type":"EntryPoint","urlTemplate":"https:\/\/www.cressidog.com\/?s={search_term_string}"},"query-input":{"@type":"PropertyValueSpecification","valueRequired":true,"valueName":"search_term_string"}}],"inLanguage":"de"},{"@type":"Organization","@id":"https:\/\/www.cressidog.com\/#organization","name":"Cressi Sub","url":"https:\/\/www.cressidog.com\/","logo":{"@type":"ImageObject","inLanguage":"de","@id":"https:\/\/www.cressidog.com\/#\/schema\/logo\/image\/","url":"https:\/\/www.cressidog.com\/wp-content\/uploads\/2018\/09\/cressidog144.png","contentUrl":"https:\/\/www.cressidog.com\/wp-content\/uploads\/2018\/09\/cressidog144.png","width":144,"height":144,"caption":"Cressi Sub"},"image":{"@id":"https:\/\/www.cressidog.com\/#\/schema\/logo\/image\/"},"sameAs":["https:\/\/www.facebook.com\/cressidoggear\/","https:\/\/x.com\/cressiitaly","https:\/\/www.instagram.com\/cressi.dog\/","https:\/\/www.youtube.com\/channel\/UCmmmuYck73YIT08fiSvVbxw"]}]}},"_links":{"self":[{"href":"https:\/\/www.cressidog.com\/de\/wp-json\/wp\/v2\/pages\/3397","targetHints":{"allow":["GET"]}}],"collection":[{"href":"https:\/\/www.cressidog.com\/de\/wp-json\/wp\/v2\/pages"}],"about":[{"href":"https:\/\/www.cressidog.com\/de\/wp-json\/wp\/v2\/types\/page"}],"author":[{"embeddable":true,"href":"https:\/\/www.cressidog.com\/de\/wp-json\/wp\/v2\/users\/1"}],"replies":[{"embeddable":true,"href":"https:\/\/www.cressidog.com\/de\/wp-json\/wp\/v2\/comments?post=3397"}],"version-history":[{"count":5,"href":"https:\/\/www.cressidog.com\/de\/wp-json\/wp\/v2\/pages\/3397\/revisions"}],"predecessor-version":[{"id":3410,"href":"https:\/\/www.cressidog.com\/de\/wp-json\/wp\/v2\/pages\/3397\/revisions\/3410"}],"wp:attachment":[{"href":"https:\/\/www.cressidog.com\/de\/wp-json\/wp\/v2\/media?parent=3397"}],"curies":[{"name":"wp","href":"https:\/\/api.w.org\/{rel}","templated":true}]}}