{"id":2421,"date":"2021-04-06T16:11:46","date_gmt":"2021-04-06T14:11:46","guid":{"rendered":"https:\/\/www.cressidog.com\/?page_id=2421"},"modified":"2025-02-07T18:25:29","modified_gmt":"2025-02-07T17:25:29","slug":"dog-life-jacket-de","status":"publish","type":"page","link":"https:\/\/www.cressidog.com\/de\/dog-life-jacket-de\/","title":{"rendered":"Schwimmweste f\u00fcr Hunde"},"content":{"rendered":"<div class=\"wpb-content-wrapper\">[mk_page_section layout_structure=&#8220;half_left&#8220; bg_image=&#8220;https:\/\/www.cressidog.com\/wp-content\/uploads\/2018\/10\/cressi-dog-lifejacket.jpg&#8220; bg_image_portrait=&#8220;https:\/\/www.cressidog.com\/wp-content\/uploads\/2018\/10\/cressi-dog-lifejacket-2-3.jpg&#8220; bg_color=&#8220;#f97252&#8243; full_width=&#8220;true&#8220; js_vertical_centered=&#8220;true&#8220; padding_top=&#8220;0&#8243; padding_bottom=&#8220;0&#8243;][vc_column][mk_padding_divider][mk_page_title_box page_title=&#8220;Cressi Dog Life Jacket:&#8220; page_subtitle=&#8220;totale Sicherheit&#8220; section_height=&#8220;200&#8243; bg_position=&#8220;center center&#8220; bg_repeat=&#8220;no-repeat&#8220; text_align=&#8220;left&#8220; title_force_font_size=&#8220;true&#8220; title_size_smallscreen=&#8220;40&#8243; title_size_tablet=&#8220;40&#8243; title_size_phone=&#8220;40&#8243; title_letter_spacing=&#8220;0&#8243; font_color=&#8220;#ffffff&#8220; underline=&#8220;false&#8220; padding=&#8220;0&#8243; sub_font_size=&#8220;50&#8243; subtitle_force_font_size=&#8220;true&#8220; subtitle_size_smallscreen=&#8220;40&#8243; subtitle_size_tablet=&#8220;40&#8243; subtitle_size_phone=&#8220;40&#8243; sub_font_color=&#8220;#ffffff&#8220;][vc_column_text css=&#8220;.vc_custom_1540425503671{margin-bottom: 0px !important;}&#8220;]<span style=\"color: #ffffff;\">Ob am Meer oder am See, im Boot oder am Strand, die Cressi Dog Schwimmweste garantiert Ihnen und Ihrem Hund absolute Ruhe f\u00fcr entspannte Momente.<\/span><\/p>\n<p><span style=\"color: #ffffff;\">Die fortschrittlichste Technologie und die Qualit\u00e4t der von Cressi verwendeten Materialien sind die ideale Unterst\u00fctzung f\u00fcr Stunden voller Spa\u00df und Freude.<\/span>[\/vc_column_text][mk_padding_divider][mk_button dimension=&#8220;double-outline&#8220; size=&#8220;medium&#8220; url=&#8220;https:\/\/www.cressidog.com\/de\/online-shop\/&#8220; outline_skin=&#8220;custom&#8220; outline_active_color=&#8220;#ffffff&#8220; outline_active_text_color=&#8220;#f97252&#8243; outline_hover_bg_color=&#8220;#ffed00&#8243; outline_hover_color=&#8220;#000000&#8243;]Zum Shop gehen[\/mk_button][\/vc_column][\/mk_page_section][mk_page_section][vc_column][mk_padding_divider size=&#8220;80&#8243;][mk_fancy_title color=&#8220;#000000&#8243; size=&#8220;50&#8243; force_font_size=&#8220;true&#8220; size_smallscreen=&#8220;40&#8243; size_tablet=&#8220;40&#8243; size_phone=&#8220;40&#8243; font_weight=&#8220;600&#8243; font_family=&#8220;none&#8220; align=&#8220;center&#8220; visibility=&#8220;hidden-sm&#8220;]Spa\u00df ohne Sorgen.[\/mk_fancy_title][mk_fancy_title color=&#8220;#000000&#8243; size=&#8220;30&#8243; font_weight=&#8220;600&#8243; font_family=&#8220;none&#8220; align=&#8220;center&#8220; visibility=&#8220;visible-sm&#8220;]Spa\u00df ohne Sorgen.[\/mk_fancy_title][vc_row_inner attached=&#8220;true&#8220; column_padding=&#8220;3&#8243;][vc_column_inner width=&#8220;1\/2&#8243;][mk_padding_divider][mk_custom_list style=&#8220;mk-li-like&#8220; animation=&#8220;left-to-right&#8220;]<strong>DOG LIFE JACKET &#8211;\u00a0 SCHWIMMWESTE F\u00dcR HUNDE<\/strong><\/p>\n<ul>\n<li>Erh\u00e4ltlich in 7 verschiedenen Gr\u00f6\u00dfen.<\/li>\n<li>Erh\u00f6ht den Auftrieb.<\/li>\n<li>Erleichtert das Schwimmen.<\/li>\n<li>H\u00e4lt eine korrekte Schwimmlage aufrecht.<\/li>\n<li>Totale Bewegungsfreiheit in und ausserhalb des Wassers.<\/li>\n<li>Ergonomisches Design.<\/li>\n<li>Verst\u00e4rkter Ring f\u00fcr die Leine.<\/li>\n<li>Komfortabler Griff (3 Griffe bei den Gr\u00f6\u00dfen L und XL), um das Bergen des Hundes zu erleichtern.<\/li>\n<li>Reflektierende Eins\u00e4tze und Details, um die Sichtbarkeit des Hundes in allen Situationen zu erh\u00f6hen.<\/li>\n<\/ul>\n<p><em><strong>Erf\u00fcllt alle Sicherheitsanforderungen f\u00fcr den Auftrieb: <\/strong><\/em><strong>EN 13138-1 (<span dir=\"ltr\" role=\"presentation\">BUOYANT AIDS FOR SWIMMING INSTRUCTION \u2010 PART 1: SAFETY REQUIREMENTS AND TEST \u00a0<\/span><\/strong><strong><span dir=\"ltr\" role=\"presentation\">METHODS FOR BUOYANT AIDS TO BE WORN)<\/span><\/strong>[\/mk_custom_list][mk_button dimension=&#8220;double-outline&#8220; size=&#8220;medium&#8220; url=&#8220;https:\/\/www.cressidog.com\/de\/online-shop\/&#8220; outline_skin=&#8220;custom&#8220; outline_active_color=&#8220;#f97252&#8243; outline_active_text_color=&#8220;#ffffff&#8220; outline_hover_bg_color=&#8220;#ffed00&#8243; outline_hover_color=&#8220;#000000&#8243;]Kaufen Sie jetzt[\/mk_button][\/vc_column_inner][vc_column_inner width=&#8220;1\/2&#8243;][vc_single_image image=&#8220;252&#8243; img_size=&#8220;full&#8220; css_animation=&#8220;slideInRight&#8220;][\/vc_column_inner][\/vc_row_inner][\/vc_column][\/mk_page_section][mk_page_section bg_color=&#8220;#e0f4ff&#8220; sidebar=&#8220;sidebar-1&#8243;][vc_column][mk_padding_divider size=&#8220;80&#8243;][mk_fancy_title color=&#8220;#000000&#8243; size=&#8220;50&#8243; font_weight=&#8220;600&#8243; font_family=&#8220;none&#8220; align=&#8220;center&#8220;]Schau mir beim Schwimmen zu![\/mk_fancy_title][vc_row_inner][vc_column_inner width=&#8220;1\/2&#8243;][vc_video link=&#8220;https:\/\/vimeo.com\/296326432&#8243; autoplay=&#8220;true&#8220; loop=&#8220;true&#8220; hide_controls=&#8220;true&#8220; animation=&#8220;left-to-right&#8220;][\/vc_column_inner][vc_column_inner width=&#8220;1\/2&#8243;][mk_padding_divider][vc_column_text animation=&#8220;right-to-left&#8220; css=&#8220;.vc_custom_1541781923827{margin-bottom: 0px !important;}&#8220;]Wie erstaunlich ist Schwimmen! Sich frei in alle Richtungen bewegen und das ohne jede Gefahr. Schweben ist leicht, M\u00fcdigkeit kommt nie: Der Spa\u00df ist zu gro\u00df, um aufzuh\u00f6ren.<\/p>\n<p>Jeder kann mich mit diesen leuchtenden Farben sehen. Sie l\u00e4cheln. Und vielleicht beneiden sie mich ein bisschen![\/vc_column_text][mk_button dimension=&#8220;double-outline&#8220; size=&#8220;medium&#8220; url=&#8220;https:\/\/www.cressidog.com\/de\/online-shop\/&#8220; outline_skin=&#8220;custom&#8220; outline_active_color=&#8220;#f97252&#8243; outline_active_text_color=&#8220;#ffffff&#8220; outline_hover_bg_color=&#8220;#ffed00&#8243; outline_hover_color=&#8220;#000000&#8243;]Kaufen Sie jetzt[\/mk_button][\/vc_column_inner][\/vc_row_inner][mk_padding_divider size=&#8220;80&#8243;][\/vc_column][\/mk_page_section][mk_page_section bg_color=&#8220;#4486bf&#8220; bg_stretch=&#8220;true&#8220; min_height=&#8220;250&#8243; full_width=&#8220;true&#8220; js_vertical_centered=&#8220;true&#8220; padding_top=&#8220;40&#8243; padding_bottom=&#8220;40&#8243; sidebar=&#8220;sidebar-1&#8243;][vc_column width=&#8220;1\/4&#8243;][vc_single_image image=&#8220;20&#8243; img_size=&#8220;full&#8220; alignment=&#8220;center&#8220;][\/vc_column][vc_column width=&#8220;1\/4&#8243;][mk_milestone align=&#8220;center&#8220; suffix=&#8220;%&#8220; text=&#8220;Unterhaltung&#8220; text_color=&#8220;#ffffff&#8220; text_size=&#8220;50&#8243; font_family=&#8220;none&#8220; font_weight=&#8220;600&#8243; desc_size=&#8220;30&#8243;][\/vc_column][vc_column width=&#8220;1\/4&#8243;][mk_milestone align=&#8220;center&#8220; stop=&#8220;7&#8243; text=&#8220;Verschiedene Gr\u00f6\u00dfen&#8220; text_color=&#8220;#ffffff&#8220; text_size=&#8220;50&#8243; font_family=&#8220;none&#8220; font_weight=&#8220;600&#8243; desc_size=&#8220;30&#8243;][\/vc_column][vc_column width=&#8220;1\/4&#8243;][mk_milestone align=&#8220;center&#8220; stop=&#8220;0&#8243; text=&#8220;Versandkosten&#8220; text_color=&#8220;#ffffff&#8220; text_size=&#8220;50&#8243; font_family=&#8220;none&#8220; font_weight=&#8220;600&#8243; desc_size=&#8220;30&#8243;][\/vc_column][\/mk_page_section]\n<\/div>","protected":false},"excerpt":{"rendered":"<p>[mk_page_section layout_structure=&#8220;half_left&#8220; bg_image=&#8220;https:\/\/www.cressidog.com\/wp-content\/uploads\/2018\/10\/cressi-dog-lifejacket.jpg&#8220; bg_image_portrait=&#8220;https:\/\/www.cressidog.com\/wp-content\/uploads\/2018\/10\/cressi-dog-lifejacket-2-3.jpg&#8220; bg_color=&#8220;#f97252&#8243; full_width=&#8220;true&#8220; js_vertical_centered=&#8220;true&#8220; padding_top=&#8220;0&#8243; padding_bottom=&#8220;0&#8243;][vc_column][mk_padding_divider][mk_page_title_box page_title=&#8220;Cressi Dog Life Jacket:&#8220; page_subtitle=&#8220;totale Sicherheit&#8220; section_height=&#8220;200&#8243; bg_position=&#8220;center center&#8220; bg_repeat=&#8220;no-repeat&#8220; text_align=&#8220;left&#8220; title_force_font_size=&#8220;true&#8220; title_size_smallscreen=&#8220;40&#8243; title_size_tablet=&#8220;40&#8243; title_size_phone=&#8220;40&#8243; title_letter_spacing=&#8220;0&#8243; font_color=&#8220;#ffffff&#8220; underline=&#8220;false&#8220; padding=&#8220;0&#8243; sub_font_size=&#8220;50&#8243; subtitle_force_font_size=&#8220;true&#8220; subtitle_size_smallscreen=&#8220;40&#8243; subtitle_size_tablet=&#8220;40&#8243; subtitle_size_phone=&#8220;40&#8243; sub_font_color=&#8220;#ffffff&#8220;][vc_column_text css=&#8220;.vc_custom_1540425503671{margin-bottom: 0px !important;}&#8220;]Ob am Meer oder am See, im Boot oder am Strand, die Cressi Dog Schwimmweste garantiert Ihnen und Ihrem [&hellip;]<\/p>\n","protected":false},"author":1,"featured_media":0,"parent":0,"menu_order":0,"comment_status":"closed","ping_status":"closed","template":"","meta":{"rs_blank_template":"","rs_page_bg_color":"","slide_template_v7":"","footnotes":""},"class_list":["post-2421","page","type-page","status-publish","hentry"],"yoast_head":"<!-- This site is optimized with the Yoast SEO Premium plugin v26.9 (Yoast SEO v27.5) - https:\/\/yoast.com\/product\/yoast-seo-premium-wordpress\/ -->\n<title>Schwimmweste f\u00fcr Hunde - Schwimmweste f\u00fcr Hunde - Cressi Dog<\/title>\n<meta name=\"description\" content=\"Schwimmweste f\u00fcr Hunde, Dog Life Jacket, Cressi Dog, ein ideales Hilfsmittel f\u00fcr optimalen Auftrieb und Sicherheit Ihres Hundes im Wasser\" \/>\n<meta name=\"robots\" content=\"index, follow, max-snippet:-1, max-image-preview:large, max-video-preview:-1\" \/>\n<link rel=\"canonical\" href=\"https:\/\/www.cressidog.com\/de\/dog-life-jacket-de\/\" \/>\n<meta property=\"og:locale\" content=\"de_DE\" \/>\n<meta property=\"og:type\" content=\"article\" \/>\n<meta property=\"og:title\" content=\"Schwimmweste f\u00fcr Hunde\" \/>\n<meta property=\"og:description\" content=\"Schwimmweste f\u00fcr Hunde, Dog Life Jacket, Cressi Dog, ein ideales Hilfsmittel f\u00fcr optimalen Auftrieb und Sicherheit Ihres Hundes im Wasser\" \/>\n<meta property=\"og:url\" content=\"https:\/\/www.cressidog.com\/de\/dog-life-jacket-de\/\" \/>\n<meta property=\"og:site_name\" content=\"Cressi Dog\" \/>\n<meta property=\"article:publisher\" content=\"https:\/\/www.facebook.com\/cressidoggear\/\" \/>\n<meta property=\"article:modified_time\" content=\"2025-02-07T17:25:29+00:00\" \/>\n<meta name=\"twitter:card\" content=\"summary_large_image\" \/>\n<meta name=\"twitter:site\" content=\"@cressiitaly\" \/>\n<meta name=\"twitter:label1\" content=\"Gesch\u00e4tzte Lesezeit\" \/>\n\t<meta name=\"twitter:data1\" content=\"3\u00a0Minuten\" \/>\n<script type=\"application\/ld+json\" class=\"yoast-schema-graph\">{\"@context\":\"https:\\\/\\\/schema.org\",\"@graph\":[{\"@type\":\"WebPage\",\"@id\":\"https:\\\/\\\/www.cressidog.com\\\/de\\\/dog-life-jacket-de\\\/\",\"url\":\"https:\\\/\\\/www.cressidog.com\\\/de\\\/dog-life-jacket-de\\\/\",\"name\":\"Schwimmweste f\u00fcr Hunde - Schwimmweste f\u00fcr Hunde - Cressi Dog\",\"isPartOf\":{\"@id\":\"https:\\\/\\\/www.cressidog.com\\\/#website\"},\"datePublished\":\"2021-04-06T14:11:46+00:00\",\"dateModified\":\"2025-02-07T17:25:29+00:00\",\"description\":\"Schwimmweste f\u00fcr Hunde, Dog Life Jacket, Cressi Dog, ein ideales Hilfsmittel f\u00fcr optimalen Auftrieb und Sicherheit Ihres Hundes im Wasser\",\"breadcrumb\":{\"@id\":\"https:\\\/\\\/www.cressidog.com\\\/de\\\/dog-life-jacket-de\\\/#breadcrumb\"},\"inLanguage\":\"de\",\"potentialAction\":[{\"@type\":\"ReadAction\",\"target\":[\"https:\\\/\\\/www.cressidog.com\\\/de\\\/dog-life-jacket-de\\\/\"]}]},{\"@type\":\"BreadcrumbList\",\"@id\":\"https:\\\/\\\/www.cressidog.com\\\/de\\\/dog-life-jacket-de\\\/#breadcrumb\",\"itemListElement\":[{\"@type\":\"ListItem\",\"position\":1,\"name\":\"Home\",\"item\":\"https:\\\/\\\/www.cressidog.com\\\/de\\\/\"},{\"@type\":\"ListItem\",\"position\":2,\"name\":\"Schwimmweste f\u00fcr Hunde\"}]},{\"@type\":\"WebSite\",\"@id\":\"https:\\\/\\\/www.cressidog.com\\\/#website\",\"url\":\"https:\\\/\\\/www.cressidog.com\\\/\",\"name\":\"Cressi Dog\",\"description\":\"Giubbotto salvagente per cani - dog life jacket per la sicurezza in del cane in acqua\",\"publisher\":{\"@id\":\"https:\\\/\\\/www.cressidog.com\\\/#organization\"},\"potentialAction\":[{\"@type\":\"SearchAction\",\"target\":{\"@type\":\"EntryPoint\",\"urlTemplate\":\"https:\\\/\\\/www.cressidog.com\\\/?s={search_term_string}\"},\"query-input\":{\"@type\":\"PropertyValueSpecification\",\"valueRequired\":true,\"valueName\":\"search_term_string\"}}],\"inLanguage\":\"de\"},{\"@type\":\"Organization\",\"@id\":\"https:\\\/\\\/www.cressidog.com\\\/#organization\",\"name\":\"Cressi Sub\",\"url\":\"https:\\\/\\\/www.cressidog.com\\\/\",\"logo\":{\"@type\":\"ImageObject\",\"inLanguage\":\"de\",\"@id\":\"https:\\\/\\\/www.cressidog.com\\\/#\\\/schema\\\/logo\\\/image\\\/\",\"url\":\"https:\\\/\\\/www.cressidog.com\\\/wp-content\\\/uploads\\\/2018\\\/09\\\/cressidog144.png\",\"contentUrl\":\"https:\\\/\\\/www.cressidog.com\\\/wp-content\\\/uploads\\\/2018\\\/09\\\/cressidog144.png\",\"width\":144,\"height\":144,\"caption\":\"Cressi Sub\"},\"image\":{\"@id\":\"https:\\\/\\\/www.cressidog.com\\\/#\\\/schema\\\/logo\\\/image\\\/\"},\"sameAs\":[\"https:\\\/\\\/www.facebook.com\\\/cressidoggear\\\/\",\"https:\\\/\\\/x.com\\\/cressiitaly\",\"https:\\\/\\\/www.instagram.com\\\/cressi.dog\\\/\",\"https:\\\/\\\/www.youtube.com\\\/channel\\\/UCmmmuYck73YIT08fiSvVbxw\"]}]}<\/script>\n<!-- \/ Yoast SEO Premium plugin. -->","yoast_head_json":{"title":"Schwimmweste f\u00fcr Hunde - Schwimmweste f\u00fcr Hunde - Cressi Dog","description":"Schwimmweste f\u00fcr Hunde, Dog Life Jacket, Cressi Dog, ein ideales Hilfsmittel f\u00fcr optimalen Auftrieb und Sicherheit Ihres Hundes im Wasser","robots":{"index":"index","follow":"follow","max-snippet":"max-snippet:-1","max-image-preview":"max-image-preview:large","max-video-preview":"max-video-preview:-1"},"canonical":"https:\/\/www.cressidog.com\/de\/dog-life-jacket-de\/","og_locale":"de_DE","og_type":"article","og_title":"Schwimmweste f\u00fcr Hunde","og_description":"Schwimmweste f\u00fcr Hunde, Dog Life Jacket, Cressi Dog, ein ideales Hilfsmittel f\u00fcr optimalen Auftrieb und Sicherheit Ihres Hundes im Wasser","og_url":"https:\/\/www.cressidog.com\/de\/dog-life-jacket-de\/","og_site_name":"Cressi Dog","article_publisher":"https:\/\/www.facebook.com\/cressidoggear\/","article_modified_time":"2025-02-07T17:25:29+00:00","twitter_card":"summary_large_image","twitter_site":"@cressiitaly","twitter_misc":{"Gesch\u00e4tzte Lesezeit":"3\u00a0Minuten"},"schema":{"@context":"https:\/\/schema.org","@graph":[{"@type":"WebPage","@id":"https:\/\/www.cressidog.com\/de\/dog-life-jacket-de\/","url":"https:\/\/www.cressidog.com\/de\/dog-life-jacket-de\/","name":"Schwimmweste f\u00fcr Hunde - Schwimmweste f\u00fcr Hunde - Cressi Dog","isPartOf":{"@id":"https:\/\/www.cressidog.com\/#website"},"datePublished":"2021-04-06T14:11:46+00:00","dateModified":"2025-02-07T17:25:29+00:00","description":"Schwimmweste f\u00fcr Hunde, Dog Life Jacket, Cressi Dog, ein ideales Hilfsmittel f\u00fcr optimalen Auftrieb und Sicherheit Ihres Hundes im Wasser","breadcrumb":{"@id":"https:\/\/www.cressidog.com\/de\/dog-life-jacket-de\/#breadcrumb"},"inLanguage":"de","potentialAction":[{"@type":"ReadAction","target":["https:\/\/www.cressidog.com\/de\/dog-life-jacket-de\/"]}]},{"@type":"BreadcrumbList","@id":"https:\/\/www.cressidog.com\/de\/dog-life-jacket-de\/#breadcrumb","itemListElement":[{"@type":"ListItem","position":1,"name":"Home","item":"https:\/\/www.cressidog.com\/de\/"},{"@type":"ListItem","position":2,"name":"Schwimmweste f\u00fcr Hunde"}]},{"@type":"WebSite","@id":"https:\/\/www.cressidog.com\/#website","url":"https:\/\/www.cressidog.com\/","name":"Cressi Dog","description":"Giubbotto salvagente per cani - dog life jacket per la sicurezza in del cane in acqua","publisher":{"@id":"https:\/\/www.cressidog.com\/#organization"},"potentialAction":[{"@type":"SearchAction","target":{"@type":"EntryPoint","urlTemplate":"https:\/\/www.cressidog.com\/?s={search_term_string}"},"query-input":{"@type":"PropertyValueSpecification","valueRequired":true,"valueName":"search_term_string"}}],"inLanguage":"de"},{"@type":"Organization","@id":"https:\/\/www.cressidog.com\/#organization","name":"Cressi Sub","url":"https:\/\/www.cressidog.com\/","logo":{"@type":"ImageObject","inLanguage":"de","@id":"https:\/\/www.cressidog.com\/#\/schema\/logo\/image\/","url":"https:\/\/www.cressidog.com\/wp-content\/uploads\/2018\/09\/cressidog144.png","contentUrl":"https:\/\/www.cressidog.com\/wp-content\/uploads\/2018\/09\/cressidog144.png","width":144,"height":144,"caption":"Cressi Sub"},"image":{"@id":"https:\/\/www.cressidog.com\/#\/schema\/logo\/image\/"},"sameAs":["https:\/\/www.facebook.com\/cressidoggear\/","https:\/\/x.com\/cressiitaly","https:\/\/www.instagram.com\/cressi.dog\/","https:\/\/www.youtube.com\/channel\/UCmmmuYck73YIT08fiSvVbxw"]}]}},"_links":{"self":[{"href":"https:\/\/www.cressidog.com\/de\/wp-json\/wp\/v2\/pages\/2421","targetHints":{"allow":["GET"]}}],"collection":[{"href":"https:\/\/www.cressidog.com\/de\/wp-json\/wp\/v2\/pages"}],"about":[{"href":"https:\/\/www.cressidog.com\/de\/wp-json\/wp\/v2\/types\/page"}],"author":[{"embeddable":true,"href":"https:\/\/www.cressidog.com\/de\/wp-json\/wp\/v2\/users\/1"}],"replies":[{"embeddable":true,"href":"https:\/\/www.cressidog.com\/de\/wp-json\/wp\/v2\/comments?post=2421"}],"version-history":[{"count":6,"href":"https:\/\/www.cressidog.com\/de\/wp-json\/wp\/v2\/pages\/2421\/revisions"}],"predecessor-version":[{"id":3785,"href":"https:\/\/www.cressidog.com\/de\/wp-json\/wp\/v2\/pages\/2421\/revisions\/3785"}],"wp:attachment":[{"href":"https:\/\/www.cressidog.com\/de\/wp-json\/wp\/v2\/media?parent=2421"}],"curies":[{"name":"wp","href":"https:\/\/api.w.org\/{rel}","templated":true}]}}