{"id":2392,"date":"2021-04-04T19:01:42","date_gmt":"2021-04-04T17:01:42","guid":{"rendered":"https:\/\/www.cressidog.com\/?page_id=2392"},"modified":"2023-09-27T09:31:48","modified_gmt":"2023-09-27T07:31:48","slug":"dog-neoprenanzug","status":"publish","type":"page","link":"https:\/\/www.cressidog.com\/de\/dog-neoprenanzug\/","title":{"rendered":"Dog Neoprenanzug"},"content":{"rendered":"<div class=\"wpb-content-wrapper\">[mk_page_section layout_structure=&#8220;half_left&#8220; bg_image=&#8220;https:\/\/www.cressidog.com\/wp-content\/uploads\/2018\/10\/cressi-dog-wetsuit-tuffo.jpg&#8220; bg_color=&#8220;#f97252&#8243; full_width=&#8220;true&#8220; js_vertical_centered=&#8220;true&#8220; padding_top=&#8220;0&#8243; padding_bottom=&#8220;0&#8243;][vc_column][mk_padding_divider][mk_page_title_box page_title=&#8220;Cressi Dog Neoprenanzug:&#8220; page_subtitle=&#8220;Spa\u00df ohne Ende.&#8220; section_height=&#8220;200&#8243; bg_position=&#8220;center center&#8220; bg_repeat=&#8220;no-repeat&#8220; text_align=&#8220;left&#8220; title_force_font_size=&#8220;true&#8220; title_size_smallscreen=&#8220;40&#8243; title_size_tablet=&#8220;40&#8243; title_size_phone=&#8220;40&#8243; title_letter_spacing=&#8220;0&#8243; font_color=&#8220;#ffffff&#8220; underline=&#8220;false&#8220; padding=&#8220;0&#8243; sub_font_size=&#8220;50&#8243; subtitle_force_font_size=&#8220;true&#8220; subtitle_size_smallscreen=&#8220;40&#8243; subtitle_size_tablet=&#8220;40&#8243; subtitle_size_phone=&#8220;40&#8243; sub_font_color=&#8220;#ffffff&#8220;][vc_column_text css=&#8220;.vc_custom_1609975218852{margin-bottom: 0px !important;}&#8220;]<span style=\"color: #ffffff;\">Forschung und Qualit\u00e4t der Marke Cressi sind jetzt ganz Ihrem Hund gewidmet.<\/span><br \/>\n<span style=\"color: #ffffff;\">Der Cressi Dog Neoprenanzug sch\u00fctzt ihn vor der K\u00e4lte im Wasser und garantiert ihm und Ihnen unvergessliche Momente des Spa\u00dfes.<\/span>[\/vc_column_text][mk_button dimension=&#8220;double-outline&#8220; size=&#8220;medium&#8220; url=&#8220;https:\/\/www.cressidog.com\/de\/online-shop\/&#8220; outline_skin=&#8220;custom&#8220; outline_active_color=&#8220;#ffffff&#8220; outline_active_text_color=&#8220;#f97252&#8243; outline_hover_bg_color=&#8220;#ffed00&#8243; outline_hover_color=&#8220;#000000&#8243;]zum Shop[\/mk_button][mk_padding_divider][\/vc_column][\/mk_page_section][mk_page_section][vc_column][mk_padding_divider size=&#8220;80&#8243;][mk_fancy_title color=&#8220;#000000&#8243; size=&#8220;50&#8243; force_font_size=&#8220;true&#8220; size_smallscreen=&#8220;40&#8243; size_tablet=&#8220;40&#8243; size_phone=&#8220;40&#8243; font_weight=&#8220;600&#8243; font_family=&#8220;none&#8220; align=&#8220;center&#8220;]Im Wasser. Sicher und warm.[\/mk_fancy_title][vc_row_inner attached=&#8220;true&#8220; column_padding=&#8220;3&#8243;][vc_column_inner width=&#8220;1\/2&#8243;][mk_custom_list style=&#8220;mk-li-like&#8220; animation=&#8220;left-to-right&#8220;]\n<ul>\n<li>Erh\u00e4ltlich in 11 verschiedenen Gr\u00f6\u00dfen<\/li>\n<li>Verringert die W\u00e4rmeabstrahlung des Hundes und somit das Frieren<\/li>\n<li>Erleichtert das Schwimmen<\/li>\n<li>Reduziert das Risiko des Wasserruten-Syndroms, das durch \u00fcberm\u00e4\u00dfige Abk\u00fchlung des Hundes im Wasser entsteht<\/li>\n<li>Umh\u00fcllender Schnitt f\u00fcr erh\u00f6hten Komfort im Wasser<\/li>\n<li>Bequemer durchgehender Rei\u00dfverschluss auf der R\u00fcckseite, der das Anziehen erleichtert<\/li>\n<li>Hergestellt in Italien von Cressi<\/li>\n<\/ul>\n[\/mk_custom_list][mk_button dimension=&#8220;double-outline&#8220; size=&#8220;medium&#8220; url=&#8220;https:\/\/www.cressidog.com\/de\/online-shop\/&#8220; outline_skin=&#8220;custom&#8220; outline_active_color=&#8220;#f97252&#8243; outline_active_text_color=&#8220;#ffffff&#8220; outline_hover_bg_color=&#8220;#ffed00&#8243; outline_hover_color=&#8220;#000000&#8243;]Zum shop![\/mk_button][\/vc_column_inner][vc_column_inner width=&#8220;1\/2&#8243;][vc_single_image image=&#8220;191&#8243; img_size=&#8220;full&#8220; css_animation=&#8220;slideInRight&#8220;][\/vc_column_inner][\/vc_row_inner][\/vc_column][\/mk_page_section][mk_page_section bg_color=&#8220;#e0f4ff&#8220; sidebar=&#8220;sidebar-1&#8243;][vc_column][mk_padding_divider size=&#8220;80&#8243;][mk_fancy_title color=&#8220;#000000&#8243; size=&#8220;50&#8243; force_font_size=&#8220;true&#8220; size_smallscreen=&#8220;40&#8243; size_tablet=&#8220;40&#8243; size_phone=&#8220;40&#8243; font_weight=&#8220;600&#8243; font_family=&#8220;none&#8220; align=&#8220;center&#8220;]Schau mir beim Spielen zu![\/mk_fancy_title][vc_row_inner][vc_column_inner width=&#8220;1\/2&#8243;][vc_video link=&#8220;https:\/\/vimeo.com\/296218429&#8243; autoplay=&#8220;true&#8220; loop=&#8220;true&#8220; hide_controls=&#8220;true&#8220; animation=&#8220;left-to-right&#8220;][\/vc_column_inner][vc_column_inner width=&#8220;1\/2&#8243;][mk_padding_divider][vc_column_text animation=&#8220;right-to-left&#8220; css=&#8220;.vc_custom_1609975773649{margin-bottom: 0px !important;}&#8220;]Momente des reinen Gl\u00fccks. Die Art, von der man sich w\u00fcnscht sie w\u00fcrde nie enden und an die man sich f\u00fcr immer erinnern wird.<br \/>\nEndlose Tauchg\u00e4nge, gro\u00dfartiges Schwimmen, Sprints im Wasser, ein Knochen, den man sogar hier aufheben kann! Und wir beide immer zusammen, unzertrennlich auch im Meer, See und Pool![\/vc_column_text][mk_button dimension=&#8220;double-outline&#8220; size=&#8220;medium&#8220; url=&#8220;https:\/\/www.cressidog.com\/de\/online-shop\/&#8220; outline_skin=&#8220;custom&#8220; outline_active_color=&#8220;#f97252&#8243; outline_active_text_color=&#8220;#ffffff&#8220; outline_hover_bg_color=&#8220;#ffed00&#8243; outline_hover_color=&#8220;#000000&#8243;]Zum shop![\/mk_button][\/vc_column_inner][\/vc_row_inner][mk_padding_divider size=&#8220;80&#8243;][\/vc_column][\/mk_page_section][mk_page_section bg_color=&#8220;#4486bf&#8220; bg_stretch=&#8220;true&#8220; min_height=&#8220;250&#8243; full_width=&#8220;true&#8220; js_vertical_centered=&#8220;true&#8220; padding_top=&#8220;40&#8243; padding_bottom=&#8220;40&#8243; sidebar=&#8220;sidebar-1&#8243;][vc_column width=&#8220;1\/4&#8243;][vc_single_image image=&#8220;20&#8243; img_size=&#8220;full&#8220; alignment=&#8220;center&#8220;][\/vc_column][vc_column width=&#8220;1\/4&#8243;][mk_milestone align=&#8220;center&#8220; suffix=&#8220;%&#8220; text=&#8220;Neoprenanzug&#8220; text_color=&#8220;#ffffff&#8220; text_size=&#8220;50&#8243; font_family=&#8220;none&#8220; font_weight=&#8220;600&#8243; desc_size=&#8220;30&#8243;][\/vc_column][vc_column width=&#8220;1\/4&#8243;][mk_milestone align=&#8220;center&#8220; stop=&#8220;11&#8243; text=&#8220;verschiedenen Gr\u00f6\u00dfen&#8220; text_color=&#8220;#ffffff&#8220; text_size=&#8220;50&#8243; font_family=&#8220;none&#8220; font_weight=&#8220;600&#8243; desc_size=&#8220;30&#8243;][\/vc_column][vc_column width=&#8220;1\/4&#8243;][mk_milestone align=&#8220;center&#8220; suffix=&#8220;%&#8220; text=&#8220;Hergestellt in Italien von Cressi&#8220; text_color=&#8220;#fcfcfc&#8220; text_size=&#8220;50&#8243; font_family=&#8220;none&#8220; font_weight=&#8220;600&#8243; desc_size=&#8220;30&#8243;][\/vc_column][\/mk_page_section]\n<\/div>","protected":false},"excerpt":{"rendered":"<p>[mk_page_section layout_structure=&#8220;half_left&#8220; bg_image=&#8220;https:\/\/www.cressidog.com\/wp-content\/uploads\/2018\/10\/cressi-dog-wetsuit-tuffo.jpg&#8220; bg_color=&#8220;#f97252&#8243; full_width=&#8220;true&#8220; js_vertical_centered=&#8220;true&#8220; padding_top=&#8220;0&#8243; padding_bottom=&#8220;0&#8243;][vc_column][mk_padding_divider][mk_page_title_box page_title=&#8220;Cressi Dog Neoprenanzug:&#8220; page_subtitle=&#8220;Spa\u00df ohne Ende.&#8220; section_height=&#8220;200&#8243; bg_position=&#8220;center center&#8220; bg_repeat=&#8220;no-repeat&#8220; text_align=&#8220;left&#8220; title_force_font_size=&#8220;true&#8220; title_size_smallscreen=&#8220;40&#8243; title_size_tablet=&#8220;40&#8243; title_size_phone=&#8220;40&#8243; title_letter_spacing=&#8220;0&#8243; font_color=&#8220;#ffffff&#8220; underline=&#8220;false&#8220; padding=&#8220;0&#8243; sub_font_size=&#8220;50&#8243; subtitle_force_font_size=&#8220;true&#8220; subtitle_size_smallscreen=&#8220;40&#8243; subtitle_size_tablet=&#8220;40&#8243; subtitle_size_phone=&#8220;40&#8243; sub_font_color=&#8220;#ffffff&#8220;][vc_column_text css=&#8220;.vc_custom_1609975218852{margin-bottom: 0px !important;}&#8220;]Forschung und Qualit\u00e4t der Marke Cressi sind jetzt ganz Ihrem Hund gewidmet. Der Cressi Dog Neoprenanzug sch\u00fctzt ihn vor der [&hellip;]<\/p>\n","protected":false},"author":4,"featured_media":0,"parent":0,"menu_order":0,"comment_status":"closed","ping_status":"closed","template":"","meta":{"rs_blank_template":"","rs_page_bg_color":"","slide_template_v7":"","footnotes":""},"class_list":["post-2392","page","type-page","status-publish","hentry"],"yoast_head":"<!-- This site is optimized with the Yoast SEO Premium plugin v26.9 (Yoast SEO v27.4) - https:\/\/yoast.com\/product\/yoast-seo-premium-wordpress\/ -->\n<title>Dog Neoprenanzug - Cressi Dog<\/title>\n<meta name=\"robots\" content=\"index, follow, max-snippet:-1, max-image-preview:large, max-video-preview:-1\" \/>\n<link rel=\"canonical\" href=\"https:\/\/www.cressidog.com\/de\/dog-neoprenanzug\/\" \/>\n<meta property=\"og:locale\" content=\"de_DE\" \/>\n<meta property=\"og:type\" content=\"article\" \/>\n<meta property=\"og:title\" content=\"Dog Neoprenanzug\" \/>\n<meta property=\"og:description\" content=\"[mk_page_section layout_structure=&#8220;half_left&#8220; bg_image=&#8220;https:\/\/www.cressidog.com\/wp-content\/uploads\/2018\/10\/cressi-dog-wetsuit-tuffo.jpg&#8220; bg_color=&#8220;#f97252&#8243; full_width=&#8220;true&#8220; js_vertical_centered=&#8220;true&#8220; padding_top=&#8220;0&#8243; padding_bottom=&#8220;0&#8243;][vc_column][mk_padding_divider][mk_page_title_box page_title=&#8220;Cressi Dog Neoprenanzug:&#8220; page_subtitle=&#8220;Spa\u00df ohne Ende.&#8220; section_height=&#8220;200&#8243; bg_position=&#8220;center center&#8220; bg_repeat=&#8220;no-repeat&#8220; text_align=&#8220;left&#8220; title_force_font_size=&#8220;true&#8220; title_size_smallscreen=&#8220;40&#8243; title_size_tablet=&#8220;40&#8243; title_size_phone=&#8220;40&#8243; title_letter_spacing=&#8220;0&#8243; font_color=&#8220;#ffffff&#8220; underline=&#8220;false&#8220; padding=&#8220;0&#8243; sub_font_size=&#8220;50&#8243; subtitle_force_font_size=&#8220;true&#8220; subtitle_size_smallscreen=&#8220;40&#8243; subtitle_size_tablet=&#8220;40&#8243; subtitle_size_phone=&#8220;40&#8243; sub_font_color=&#8220;#ffffff&#8220;][vc_column_text css=&#8220;.vc_custom_1609975218852{margin-bottom: 0px !important;}&#8220;]Forschung und Qualit\u00e4t der Marke Cressi sind jetzt ganz Ihrem Hund gewidmet. Der Cressi Dog Neoprenanzug sch\u00fctzt ihn vor der [&hellip;]\" \/>\n<meta property=\"og:url\" content=\"https:\/\/www.cressidog.com\/de\/dog-neoprenanzug\/\" \/>\n<meta property=\"og:site_name\" content=\"Cressi Dog\" \/>\n<meta property=\"article:publisher\" content=\"https:\/\/www.facebook.com\/cressidoggear\/\" \/>\n<meta property=\"article:modified_time\" content=\"2023-09-27T07:31:48+00:00\" \/>\n<meta name=\"twitter:card\" content=\"summary_large_image\" \/>\n<meta name=\"twitter:site\" content=\"@cressiitaly\" \/>\n<meta name=\"twitter:label1\" content=\"Gesch\u00e4tzte Lesezeit\" \/>\n\t<meta name=\"twitter:data1\" content=\"2\u00a0Minuten\" \/>\n<script type=\"application\/ld+json\" class=\"yoast-schema-graph\">{\"@context\":\"https:\\\/\\\/schema.org\",\"@graph\":[{\"@type\":\"WebPage\",\"@id\":\"https:\\\/\\\/www.cressidog.com\\\/de\\\/dog-neoprenanzug\\\/\",\"url\":\"https:\\\/\\\/www.cressidog.com\\\/de\\\/dog-neoprenanzug\\\/\",\"name\":\"Dog Neoprenanzug - Cressi Dog\",\"isPartOf\":{\"@id\":\"https:\\\/\\\/www.cressidog.com\\\/#website\"},\"datePublished\":\"2021-04-04T17:01:42+00:00\",\"dateModified\":\"2023-09-27T07:31:48+00:00\",\"breadcrumb\":{\"@id\":\"https:\\\/\\\/www.cressidog.com\\\/de\\\/dog-neoprenanzug\\\/#breadcrumb\"},\"inLanguage\":\"de\",\"potentialAction\":[{\"@type\":\"ReadAction\",\"target\":[\"https:\\\/\\\/www.cressidog.com\\\/de\\\/dog-neoprenanzug\\\/\"]}]},{\"@type\":\"BreadcrumbList\",\"@id\":\"https:\\\/\\\/www.cressidog.com\\\/de\\\/dog-neoprenanzug\\\/#breadcrumb\",\"itemListElement\":[{\"@type\":\"ListItem\",\"position\":1,\"name\":\"Home\",\"item\":\"https:\\\/\\\/www.cressidog.com\\\/de\\\/\"},{\"@type\":\"ListItem\",\"position\":2,\"name\":\"Dog Neoprenanzug\"}]},{\"@type\":\"WebSite\",\"@id\":\"https:\\\/\\\/www.cressidog.com\\\/#website\",\"url\":\"https:\\\/\\\/www.cressidog.com\\\/\",\"name\":\"Cressi Dog\",\"description\":\"Giubbotto salvagente per cani - dog life jacket per la sicurezza in del cane in acqua\",\"publisher\":{\"@id\":\"https:\\\/\\\/www.cressidog.com\\\/#organization\"},\"potentialAction\":[{\"@type\":\"SearchAction\",\"target\":{\"@type\":\"EntryPoint\",\"urlTemplate\":\"https:\\\/\\\/www.cressidog.com\\\/?s={search_term_string}\"},\"query-input\":{\"@type\":\"PropertyValueSpecification\",\"valueRequired\":true,\"valueName\":\"search_term_string\"}}],\"inLanguage\":\"de\"},{\"@type\":\"Organization\",\"@id\":\"https:\\\/\\\/www.cressidog.com\\\/#organization\",\"name\":\"Cressi Sub\",\"url\":\"https:\\\/\\\/www.cressidog.com\\\/\",\"logo\":{\"@type\":\"ImageObject\",\"inLanguage\":\"de\",\"@id\":\"https:\\\/\\\/www.cressidog.com\\\/#\\\/schema\\\/logo\\\/image\\\/\",\"url\":\"https:\\\/\\\/www.cressidog.com\\\/wp-content\\\/uploads\\\/2018\\\/09\\\/cressidog144.png\",\"contentUrl\":\"https:\\\/\\\/www.cressidog.com\\\/wp-content\\\/uploads\\\/2018\\\/09\\\/cressidog144.png\",\"width\":144,\"height\":144,\"caption\":\"Cressi Sub\"},\"image\":{\"@id\":\"https:\\\/\\\/www.cressidog.com\\\/#\\\/schema\\\/logo\\\/image\\\/\"},\"sameAs\":[\"https:\\\/\\\/www.facebook.com\\\/cressidoggear\\\/\",\"https:\\\/\\\/x.com\\\/cressiitaly\",\"https:\\\/\\\/www.instagram.com\\\/cressi.dog\\\/\",\"https:\\\/\\\/www.youtube.com\\\/channel\\\/UCmmmuYck73YIT08fiSvVbxw\"]}]}<\/script>\n<!-- \/ Yoast SEO Premium plugin. -->","yoast_head_json":{"title":"Dog Neoprenanzug - Cressi Dog","robots":{"index":"index","follow":"follow","max-snippet":"max-snippet:-1","max-image-preview":"max-image-preview:large","max-video-preview":"max-video-preview:-1"},"canonical":"https:\/\/www.cressidog.com\/de\/dog-neoprenanzug\/","og_locale":"de_DE","og_type":"article","og_title":"Dog Neoprenanzug","og_description":"[mk_page_section layout_structure=&#8220;half_left&#8220; bg_image=&#8220;https:\/\/www.cressidog.com\/wp-content\/uploads\/2018\/10\/cressi-dog-wetsuit-tuffo.jpg&#8220; bg_color=&#8220;#f97252&#8243; full_width=&#8220;true&#8220; js_vertical_centered=&#8220;true&#8220; padding_top=&#8220;0&#8243; padding_bottom=&#8220;0&#8243;][vc_column][mk_padding_divider][mk_page_title_box page_title=&#8220;Cressi Dog Neoprenanzug:&#8220; page_subtitle=&#8220;Spa\u00df ohne Ende.&#8220; section_height=&#8220;200&#8243; bg_position=&#8220;center center&#8220; bg_repeat=&#8220;no-repeat&#8220; text_align=&#8220;left&#8220; title_force_font_size=&#8220;true&#8220; title_size_smallscreen=&#8220;40&#8243; title_size_tablet=&#8220;40&#8243; title_size_phone=&#8220;40&#8243; title_letter_spacing=&#8220;0&#8243; font_color=&#8220;#ffffff&#8220; underline=&#8220;false&#8220; padding=&#8220;0&#8243; sub_font_size=&#8220;50&#8243; subtitle_force_font_size=&#8220;true&#8220; subtitle_size_smallscreen=&#8220;40&#8243; subtitle_size_tablet=&#8220;40&#8243; subtitle_size_phone=&#8220;40&#8243; sub_font_color=&#8220;#ffffff&#8220;][vc_column_text css=&#8220;.vc_custom_1609975218852{margin-bottom: 0px !important;}&#8220;]Forschung und Qualit\u00e4t der Marke Cressi sind jetzt ganz Ihrem Hund gewidmet. Der Cressi Dog Neoprenanzug sch\u00fctzt ihn vor der [&hellip;]","og_url":"https:\/\/www.cressidog.com\/de\/dog-neoprenanzug\/","og_site_name":"Cressi Dog","article_publisher":"https:\/\/www.facebook.com\/cressidoggear\/","article_modified_time":"2023-09-27T07:31:48+00:00","twitter_card":"summary_large_image","twitter_site":"@cressiitaly","twitter_misc":{"Gesch\u00e4tzte Lesezeit":"2\u00a0Minuten"},"schema":{"@context":"https:\/\/schema.org","@graph":[{"@type":"WebPage","@id":"https:\/\/www.cressidog.com\/de\/dog-neoprenanzug\/","url":"https:\/\/www.cressidog.com\/de\/dog-neoprenanzug\/","name":"Dog Neoprenanzug - Cressi Dog","isPartOf":{"@id":"https:\/\/www.cressidog.com\/#website"},"datePublished":"2021-04-04T17:01:42+00:00","dateModified":"2023-09-27T07:31:48+00:00","breadcrumb":{"@id":"https:\/\/www.cressidog.com\/de\/dog-neoprenanzug\/#breadcrumb"},"inLanguage":"de","potentialAction":[{"@type":"ReadAction","target":["https:\/\/www.cressidog.com\/de\/dog-neoprenanzug\/"]}]},{"@type":"BreadcrumbList","@id":"https:\/\/www.cressidog.com\/de\/dog-neoprenanzug\/#breadcrumb","itemListElement":[{"@type":"ListItem","position":1,"name":"Home","item":"https:\/\/www.cressidog.com\/de\/"},{"@type":"ListItem","position":2,"name":"Dog Neoprenanzug"}]},{"@type":"WebSite","@id":"https:\/\/www.cressidog.com\/#website","url":"https:\/\/www.cressidog.com\/","name":"Cressi Dog","description":"Giubbotto salvagente per cani - dog life jacket per la sicurezza in del cane in acqua","publisher":{"@id":"https:\/\/www.cressidog.com\/#organization"},"potentialAction":[{"@type":"SearchAction","target":{"@type":"EntryPoint","urlTemplate":"https:\/\/www.cressidog.com\/?s={search_term_string}"},"query-input":{"@type":"PropertyValueSpecification","valueRequired":true,"valueName":"search_term_string"}}],"inLanguage":"de"},{"@type":"Organization","@id":"https:\/\/www.cressidog.com\/#organization","name":"Cressi Sub","url":"https:\/\/www.cressidog.com\/","logo":{"@type":"ImageObject","inLanguage":"de","@id":"https:\/\/www.cressidog.com\/#\/schema\/logo\/image\/","url":"https:\/\/www.cressidog.com\/wp-content\/uploads\/2018\/09\/cressidog144.png","contentUrl":"https:\/\/www.cressidog.com\/wp-content\/uploads\/2018\/09\/cressidog144.png","width":144,"height":144,"caption":"Cressi Sub"},"image":{"@id":"https:\/\/www.cressidog.com\/#\/schema\/logo\/image\/"},"sameAs":["https:\/\/www.facebook.com\/cressidoggear\/","https:\/\/x.com\/cressiitaly","https:\/\/www.instagram.com\/cressi.dog\/","https:\/\/www.youtube.com\/channel\/UCmmmuYck73YIT08fiSvVbxw"]}]}},"_links":{"self":[{"href":"https:\/\/www.cressidog.com\/de\/wp-json\/wp\/v2\/pages\/2392","targetHints":{"allow":["GET"]}}],"collection":[{"href":"https:\/\/www.cressidog.com\/de\/wp-json\/wp\/v2\/pages"}],"about":[{"href":"https:\/\/www.cressidog.com\/de\/wp-json\/wp\/v2\/types\/page"}],"author":[{"embeddable":true,"href":"https:\/\/www.cressidog.com\/de\/wp-json\/wp\/v2\/users\/4"}],"replies":[{"embeddable":true,"href":"https:\/\/www.cressidog.com\/de\/wp-json\/wp\/v2\/comments?post=2392"}],"version-history":[{"count":5,"href":"https:\/\/www.cressidog.com\/de\/wp-json\/wp\/v2\/pages\/2392\/revisions"}],"predecessor-version":[{"id":3494,"href":"https:\/\/www.cressidog.com\/de\/wp-json\/wp\/v2\/pages\/2392\/revisions\/3494"}],"wp:attachment":[{"href":"https:\/\/www.cressidog.com\/de\/wp-json\/wp\/v2\/media?parent=2392"}],"curies":[{"name":"wp","href":"https:\/\/api.w.org\/{rel}","templated":true}]}}