{"id":2372,"date":"2021-02-18T12:04:13","date_gmt":"2021-02-18T11:04:13","guid":{"rendered":"https:\/\/www.cressidog.com\/?page_id=2372"},"modified":"2023-09-26T15:33:49","modified_gmt":"2023-09-26T13:33:49","slug":"home-de-2","status":"publish","type":"page","link":"https:\/\/www.cressidog.com\/de\/","title":{"rendered":"Home"},"content":{"rendered":"<div class=\"wpb-content-wrapper\">[mk_page_section attachment=&#8220;fixed&#8220; bg_position=&#8220;center center&#8220; bg_repeat=&#8220;no-repeat&#8220; full_width=&#8220;true&#8220; padding_top=&#8220;0&#8243; padding_bottom=&#8220;0&#8243; sidebar=&#8220;sidebar-1&#8243;][vc_column][rev_slider_vc alias=&#8220;video-home-de&#8220;][\/vc_column][\/mk_page_section][vc_row][vc_column][mk_fancy_title tag_name=&#8220;h1&#8243; size=&#8220;50&#8243; font_weight=&#8220;600&#8243; font_style=&#8220;normal&#8220; txt_transform=&#8220;uppercase&#8220; margin_top=&#8220;70&#8243; margin_bottom=&#8220;50&#8243; font_family=&#8220;none&#8220; align=&#8220;center&#8220;]Cressi Dog<br \/>\nHundesicherheit im Wasser,<br \/>\nSchwimmweste und Neoprenanzug[\/mk_fancy_title][vc_column_text css=&#8220;.vc_custom_1677445642406{margin-bottom: 0px !important;}&#8220;]Cressi Dog \u2013 Sicherheit f\u00fcr Hunde im Wasser \u2013 ist eine exklusive Linie von Cressi, die unseren vierbeinigen Freunden gewidmet ist. Zwei Produkte gibt es: den Neoprenanzug und die Schwimmweste f\u00fcr Hunde.<\/p>\n<p>Cressi ist ein Familienunternehmen, das in seiner heutigen Form seit 1946 t\u00e4tig ist und heute weltweit f\u00fchrend in der Herstellung von Wassersportger\u00e4ten ist.<\/p>\n<p>Das Geheimnis des weltweiten Erfolgs von Cressi liegt in der Forschung, der Innovation und der Qualit\u00e4t der verwendeten Materialien. Originalit\u00e4t, Benutzerfreundlichkeit und Zuverl\u00e4ssigkeit sind die Identit\u00e4tszeichen der Marke Cressi auf der ganzen Welt.<\/p>\n<p>Die Linie Cressi Dog ist auf diesem geschichtlichen und evolution\u00e4ren Erbe aufgebaut, das in Produkte umgesetzt wird, die wieder einmal einzigartig und originell sind.<\/p>\n<p>Die Forschung, das Design, die Entwicklung und die Herstellung der Linie Cressi Dog haben die gleichen Schritte durchlaufen die f\u00fcr die Produktion von Artikeln f\u00fcr den Menschen notwendig sind.<\/p>\n<p>Die gleichen Materialien. Die gleiche Aufmerksamkeit. Die gleiche Garantie: eben Cressi.<\/p>\n<p>F\u00fcr weitere Informationen \u00fcber die Produkte des Unternehmens besuchen Sie die Website\u00a0<a href=\"http:\/\/www.cressi.com\/\">www.cressi.com<\/a>.<\/p>\n<p>F\u00fcr n\u00fctzliche Informationen, Einblicke und andere Kuriosit\u00e4ten aus der Hundewelt besuchen Sie unseren Blog<a href=\"https:\/\/www.blog.cressidog.com\/\" target=\"_blank\" rel=\"noopener\">\u00a0www.blog.cressidog.com.<\/a><\/p>\n<p>Entdecken, kaufen und testen Sie die Cressi Dog Linie: SCHWIMMWESTEN und Neoprenanz\u00fcge f\u00fcr Hunde.<\/p>\n<p><a href=\"https:\/\/www.cressidog.com\/dog-neoprenanzug\/?lhttps:\/\/www.cressidog.com\/negozio-shop\/ang=de\" target=\"_blank\" rel=\"noopener noreferrer\">Neoprenanz\u00fcge f\u00fcr Hunde.<\/a><\/p>\n<p><a href=\"https:\/\/www.cressidog.com\/prodotto\/salvagente-per-cani-dog-life-jacket-taglia-piccola-cressi-dog\/\" target=\"_blank\" rel=\"noopener noreferrer\">SCHWIMMWESTEN f\u00fcr Hunde<\/a>[\/vc_column_text][vc_empty_space height=&#8220;40px&#8220;][\/vc_column][\/vc_row]\n<\/div>","protected":false},"excerpt":{"rendered":"<p>[mk_page_section attachment=&#8220;fixed&#8220; bg_position=&#8220;center center&#8220; bg_repeat=&#8220;no-repeat&#8220; full_width=&#8220;true&#8220; padding_top=&#8220;0&#8243; padding_bottom=&#8220;0&#8243; sidebar=&#8220;sidebar-1&#8243;][vc_column][rev_slider_vc alias=&#8220;video-home-de&#8220;][\/vc_column][\/mk_page_section][vc_row][vc_column][mk_fancy_title tag_name=&#8220;h1&#8243; size=&#8220;50&#8243; font_weight=&#8220;600&#8243; font_style=&#8220;normal&#8220; txt_transform=&#8220;uppercase&#8220; margin_top=&#8220;70&#8243; margin_bottom=&#8220;50&#8243; font_family=&#8220;none&#8220; align=&#8220;center&#8220;]Cressi Dog Hundesicherheit im Wasser, Schwimmweste und Neoprenanzug[\/mk_fancy_title][vc_column_text css=&#8220;.vc_custom_1677445642406{margin-bottom: 0px !important;}&#8220;]Cressi Dog \u2013 Sicherheit f\u00fcr Hunde im Wasser \u2013 ist eine exklusive Linie von Cressi, die unseren vierbeinigen Freunden gewidmet ist. Zwei Produkte gibt es: den Neoprenanzug [&hellip;]<\/p>\n","protected":false},"author":1,"featured_media":2159,"parent":0,"menu_order":0,"comment_status":"closed","ping_status":"closed","template":"","meta":{"rs_blank_template":"","rs_page_bg_color":"","slide_template_v7":"","footnotes":""},"class_list":["post-2372","page","type-page","status-publish","has-post-thumbnail","hentry"],"yoast_head":"<!-- This site is optimized with the Yoast SEO Premium plugin v26.9 (Yoast SEO v27.4) - https:\/\/yoast.com\/product\/yoast-seo-premium-wordpress\/ -->\n<title>Cressi Dog - Wassersicherheit - Schwimmweste f\u00fcr Hunde und Neoprenanzug<\/title>\n<meta name=\"description\" content=\"Cressi Dog die neue Linie, die Ihrem Hund Gl\u00fccksmomente im Wasser beschert Neoprenanzug und Schwimmweste f\u00fcr Hunde\" \/>\n<meta name=\"robots\" content=\"index, follow, max-snippet:-1, max-image-preview:large, max-video-preview:-1\" \/>\n<link rel=\"canonical\" href=\"https:\/\/www.cressidog.com\/de\/\" \/>\n<meta property=\"og:locale\" content=\"de_DE\" \/>\n<meta property=\"og:type\" content=\"article\" \/>\n<meta property=\"og:title\" content=\"Home\" \/>\n<meta property=\"og:description\" content=\"Cressi Dog die neue Linie, die Ihrem Hund Gl\u00fccksmomente im Wasser beschert Neoprenanzug und Schwimmweste f\u00fcr Hunde\" \/>\n<meta property=\"og:url\" content=\"https:\/\/www.cressidog.com\/de\/\" \/>\n<meta property=\"og:site_name\" content=\"Cressi Dog\" \/>\n<meta property=\"article:publisher\" content=\"https:\/\/www.facebook.com\/cressidoggear\/\" \/>\n<meta property=\"article:modified_time\" content=\"2023-09-26T13:33:49+00:00\" \/>\n<meta property=\"og:image\" content=\"https:\/\/www.cressidog.com\/wp-content\/uploads\/2018\/10\/wesuit-shop.jpg\" \/>\n\t<meta property=\"og:image:width\" content=\"960\" \/>\n\t<meta property=\"og:image:height\" content=\"457\" \/>\n\t<meta property=\"og:image:type\" content=\"image\/jpeg\" \/>\n<meta name=\"twitter:card\" content=\"summary_large_image\" \/>\n<meta name=\"twitter:site\" content=\"@cressiitaly\" \/>\n<meta name=\"twitter:label1\" content=\"Gesch\u00e4tzte Lesezeit\" \/>\n\t<meta name=\"twitter:data1\" content=\"2\u00a0Minuten\" \/>\n<script type=\"application\/ld+json\" class=\"yoast-schema-graph\">{\"@context\":\"https:\\\/\\\/schema.org\",\"@graph\":[{\"@type\":\"WebPage\",\"@id\":\"https:\\\/\\\/www.cressidog.com\\\/de\\\/\",\"url\":\"https:\\\/\\\/www.cressidog.com\\\/de\\\/\",\"name\":\"Cressi Dog - Wassersicherheit - Schwimmweste f\u00fcr Hunde und Neoprenanzug\",\"isPartOf\":{\"@id\":\"https:\\\/\\\/www.cressidog.com\\\/#website\"},\"primaryImageOfPage\":{\"@id\":\"https:\\\/\\\/www.cressidog.com\\\/de\\\/#primaryimage\"},\"image\":{\"@id\":\"https:\\\/\\\/www.cressidog.com\\\/de\\\/#primaryimage\"},\"thumbnailUrl\":\"https:\\\/\\\/www.cressidog.com\\\/wp-content\\\/uploads\\\/2018\\\/10\\\/wesuit-shop.jpg\",\"datePublished\":\"2021-02-18T11:04:13+00:00\",\"dateModified\":\"2023-09-26T13:33:49+00:00\",\"description\":\"Cressi Dog die neue Linie, die Ihrem Hund Gl\u00fccksmomente im Wasser beschert Neoprenanzug und Schwimmweste f\u00fcr Hunde\",\"breadcrumb\":{\"@id\":\"https:\\\/\\\/www.cressidog.com\\\/de\\\/#breadcrumb\"},\"inLanguage\":\"de\",\"potentialAction\":[{\"@type\":\"ReadAction\",\"target\":[\"https:\\\/\\\/www.cressidog.com\\\/de\\\/\"]}]},{\"@type\":\"ImageObject\",\"inLanguage\":\"de\",\"@id\":\"https:\\\/\\\/www.cressidog.com\\\/de\\\/#primaryimage\",\"url\":\"https:\\\/\\\/www.cressidog.com\\\/wp-content\\\/uploads\\\/2018\\\/10\\\/wesuit-shop.jpg\",\"contentUrl\":\"https:\\\/\\\/www.cressidog.com\\\/wp-content\\\/uploads\\\/2018\\\/10\\\/wesuit-shop.jpg\",\"width\":960,\"height\":457},{\"@type\":\"BreadcrumbList\",\"@id\":\"https:\\\/\\\/www.cressidog.com\\\/de\\\/#breadcrumb\",\"itemListElement\":[{\"@type\":\"ListItem\",\"position\":1,\"name\":\"Home\",\"item\":\"https:\\\/\\\/www.cressidog.com\\\/de\\\/\"},{\"@type\":\"ListItem\",\"position\":2,\"name\":\"Home\"}]},{\"@type\":\"WebSite\",\"@id\":\"https:\\\/\\\/www.cressidog.com\\\/#website\",\"url\":\"https:\\\/\\\/www.cressidog.com\\\/\",\"name\":\"Cressi Dog\",\"description\":\"Giubbotto salvagente per cani - dog life jacket per la sicurezza in del cane in acqua\",\"publisher\":{\"@id\":\"https:\\\/\\\/www.cressidog.com\\\/#organization\"},\"potentialAction\":[{\"@type\":\"SearchAction\",\"target\":{\"@type\":\"EntryPoint\",\"urlTemplate\":\"https:\\\/\\\/www.cressidog.com\\\/?s={search_term_string}\"},\"query-input\":{\"@type\":\"PropertyValueSpecification\",\"valueRequired\":true,\"valueName\":\"search_term_string\"}}],\"inLanguage\":\"de\"},{\"@type\":\"Organization\",\"@id\":\"https:\\\/\\\/www.cressidog.com\\\/#organization\",\"name\":\"Cressi Sub\",\"url\":\"https:\\\/\\\/www.cressidog.com\\\/\",\"logo\":{\"@type\":\"ImageObject\",\"inLanguage\":\"de\",\"@id\":\"https:\\\/\\\/www.cressidog.com\\\/#\\\/schema\\\/logo\\\/image\\\/\",\"url\":\"https:\\\/\\\/www.cressidog.com\\\/wp-content\\\/uploads\\\/2018\\\/09\\\/cressidog144.png\",\"contentUrl\":\"https:\\\/\\\/www.cressidog.com\\\/wp-content\\\/uploads\\\/2018\\\/09\\\/cressidog144.png\",\"width\":144,\"height\":144,\"caption\":\"Cressi Sub\"},\"image\":{\"@id\":\"https:\\\/\\\/www.cressidog.com\\\/#\\\/schema\\\/logo\\\/image\\\/\"},\"sameAs\":[\"https:\\\/\\\/www.facebook.com\\\/cressidoggear\\\/\",\"https:\\\/\\\/x.com\\\/cressiitaly\",\"https:\\\/\\\/www.instagram.com\\\/cressi.dog\\\/\",\"https:\\\/\\\/www.youtube.com\\\/channel\\\/UCmmmuYck73YIT08fiSvVbxw\"]}]}<\/script>\n<!-- \/ Yoast SEO Premium plugin. -->","yoast_head_json":{"title":"Cressi Dog - Wassersicherheit - Schwimmweste f\u00fcr Hunde und Neoprenanzug","description":"Cressi Dog die neue Linie, die Ihrem Hund Gl\u00fccksmomente im Wasser beschert Neoprenanzug und Schwimmweste f\u00fcr Hunde","robots":{"index":"index","follow":"follow","max-snippet":"max-snippet:-1","max-image-preview":"max-image-preview:large","max-video-preview":"max-video-preview:-1"},"canonical":"https:\/\/www.cressidog.com\/de\/","og_locale":"de_DE","og_type":"article","og_title":"Home","og_description":"Cressi Dog die neue Linie, die Ihrem Hund Gl\u00fccksmomente im Wasser beschert Neoprenanzug und Schwimmweste f\u00fcr Hunde","og_url":"https:\/\/www.cressidog.com\/de\/","og_site_name":"Cressi Dog","article_publisher":"https:\/\/www.facebook.com\/cressidoggear\/","article_modified_time":"2023-09-26T13:33:49+00:00","og_image":[{"width":960,"height":457,"url":"https:\/\/www.cressidog.com\/wp-content\/uploads\/2018\/10\/wesuit-shop.jpg","type":"image\/jpeg"}],"twitter_card":"summary_large_image","twitter_site":"@cressiitaly","twitter_misc":{"Gesch\u00e4tzte Lesezeit":"2\u00a0Minuten"},"schema":{"@context":"https:\/\/schema.org","@graph":[{"@type":"WebPage","@id":"https:\/\/www.cressidog.com\/de\/","url":"https:\/\/www.cressidog.com\/de\/","name":"Cressi Dog - Wassersicherheit - Schwimmweste f\u00fcr Hunde und Neoprenanzug","isPartOf":{"@id":"https:\/\/www.cressidog.com\/#website"},"primaryImageOfPage":{"@id":"https:\/\/www.cressidog.com\/de\/#primaryimage"},"image":{"@id":"https:\/\/www.cressidog.com\/de\/#primaryimage"},"thumbnailUrl":"https:\/\/www.cressidog.com\/wp-content\/uploads\/2018\/10\/wesuit-shop.jpg","datePublished":"2021-02-18T11:04:13+00:00","dateModified":"2023-09-26T13:33:49+00:00","description":"Cressi Dog die neue Linie, die Ihrem Hund Gl\u00fccksmomente im Wasser beschert Neoprenanzug und Schwimmweste f\u00fcr Hunde","breadcrumb":{"@id":"https:\/\/www.cressidog.com\/de\/#breadcrumb"},"inLanguage":"de","potentialAction":[{"@type":"ReadAction","target":["https:\/\/www.cressidog.com\/de\/"]}]},{"@type":"ImageObject","inLanguage":"de","@id":"https:\/\/www.cressidog.com\/de\/#primaryimage","url":"https:\/\/www.cressidog.com\/wp-content\/uploads\/2018\/10\/wesuit-shop.jpg","contentUrl":"https:\/\/www.cressidog.com\/wp-content\/uploads\/2018\/10\/wesuit-shop.jpg","width":960,"height":457},{"@type":"BreadcrumbList","@id":"https:\/\/www.cressidog.com\/de\/#breadcrumb","itemListElement":[{"@type":"ListItem","position":1,"name":"Home","item":"https:\/\/www.cressidog.com\/de\/"},{"@type":"ListItem","position":2,"name":"Home"}]},{"@type":"WebSite","@id":"https:\/\/www.cressidog.com\/#website","url":"https:\/\/www.cressidog.com\/","name":"Cressi Dog","description":"Giubbotto salvagente per cani - dog life jacket per la sicurezza in del cane in acqua","publisher":{"@id":"https:\/\/www.cressidog.com\/#organization"},"potentialAction":[{"@type":"SearchAction","target":{"@type":"EntryPoint","urlTemplate":"https:\/\/www.cressidog.com\/?s={search_term_string}"},"query-input":{"@type":"PropertyValueSpecification","valueRequired":true,"valueName":"search_term_string"}}],"inLanguage":"de"},{"@type":"Organization","@id":"https:\/\/www.cressidog.com\/#organization","name":"Cressi Sub","url":"https:\/\/www.cressidog.com\/","logo":{"@type":"ImageObject","inLanguage":"de","@id":"https:\/\/www.cressidog.com\/#\/schema\/logo\/image\/","url":"https:\/\/www.cressidog.com\/wp-content\/uploads\/2018\/09\/cressidog144.png","contentUrl":"https:\/\/www.cressidog.com\/wp-content\/uploads\/2018\/09\/cressidog144.png","width":144,"height":144,"caption":"Cressi Sub"},"image":{"@id":"https:\/\/www.cressidog.com\/#\/schema\/logo\/image\/"},"sameAs":["https:\/\/www.facebook.com\/cressidoggear\/","https:\/\/x.com\/cressiitaly","https:\/\/www.instagram.com\/cressi.dog\/","https:\/\/www.youtube.com\/channel\/UCmmmuYck73YIT08fiSvVbxw"]}]}},"_links":{"self":[{"href":"https:\/\/www.cressidog.com\/de\/wp-json\/wp\/v2\/pages\/2372","targetHints":{"allow":["GET"]}}],"collection":[{"href":"https:\/\/www.cressidog.com\/de\/wp-json\/wp\/v2\/pages"}],"about":[{"href":"https:\/\/www.cressidog.com\/de\/wp-json\/wp\/v2\/types\/page"}],"author":[{"embeddable":true,"href":"https:\/\/www.cressidog.com\/de\/wp-json\/wp\/v2\/users\/1"}],"replies":[{"embeddable":true,"href":"https:\/\/www.cressidog.com\/de\/wp-json\/wp\/v2\/comments?post=2372"}],"version-history":[{"count":5,"href":"https:\/\/www.cressidog.com\/de\/wp-json\/wp\/v2\/pages\/2372\/revisions"}],"predecessor-version":[{"id":3411,"href":"https:\/\/www.cressidog.com\/de\/wp-json\/wp\/v2\/pages\/2372\/revisions\/3411"}],"wp:featuredmedia":[{"embeddable":true,"href":"https:\/\/www.cressidog.com\/de\/wp-json\/wp\/v2\/media\/2159"}],"wp:attachment":[{"href":"https:\/\/www.cressidog.com\/de\/wp-json\/wp\/v2\/media?parent=2372"}],"curies":[{"name":"wp","href":"https:\/\/api.w.org\/{rel}","templated":true}]}}