{"id":2344,"date":"2021-02-07T10:28:49","date_gmt":"2021-02-07T09:28:49","guid":{"rendered":"https:\/\/www.cressidog.com\/?page_id=2344"},"modified":"2023-09-26T11:40:20","modified_gmt":"2023-09-26T09:40:20","slug":"cressi-welt","status":"publish","type":"page","link":"https:\/\/www.cressidog.com\/de\/cressi-welt\/","title":{"rendered":"\u00dcber uns"},"content":{"rendered":"<div class=\"wpb-content-wrapper\">[mk_page_section bg_image=&#8220;https:\/\/www.cressidog.com\/wp-content\/uploads\/2018\/09\/cressi-dog-chi-siamo.jpg&#8220; bg_position=&#8220;right center&#8220; bg_repeat=&#8220;no-repeat&#8220; bg_stretch=&#8220;true&#8220; video_color_mask=&#8220;rgba(0,0,0,0.4)&#8220; min_height=&#8220;600&#8243; full_width=&#8220;true&#8220; js_vertical_centered=&#8220;true&#8220; padding_top=&#8220;0&#8243; padding_bottom=&#8220;0&#8243; visibility=&#8220;hidden-sm&#8220; sidebar=&#8220;sidebar-1&#8243;][vc_column width=&#8220;1\/12&#8243;][\/vc_column][vc_column width=&#8220;11\/12&#8243;][mk_title_box color=&#8220;#ffffff&#8220; highlight_color=&#8220;#000000&#8243; size=&#8220;50&#8243; line_height=&#8220;90&#8243; font_weight=&#8220;600&#8243; font_family=&#8220;none&#8220; animation=&#8220;left-to-right&#8220;]Cressi auch f\u00fcr sie[\/mk_title_box][\/vc_column][\/mk_page_section][mk_page_section vertical_align=&#8220;top&#8220; bg_image=&#8220;https:\/\/www.cressidog.com\/wp-content\/uploads\/2018\/09\/cressi-dog-chi-siamo.jpg&#8220; bg_image_portrait=&#8220;https:\/\/www.cressidog.com\/wp-content\/uploads\/2018\/10\/cressi-per-i-cani.jpg&#8220; bg_position=&#8220;center center&#8220; bg_repeat=&#8220;no-repeat&#8220; bg_stretch=&#8220;true&#8220; video_color_mask=&#8220;rgba(0,0,0,0.4)&#8220; min_height=&#8220;600&#8243; full_width=&#8220;true&#8220; js_vertical_centered=&#8220;true&#8220; padding_top=&#8220;0&#8243; padding_bottom=&#8220;0&#8243; visibility=&#8220;visible-sm&#8220; sidebar=&#8220;sidebar-1&#8243;][vc_column width=&#8220;1\/12&#8243;][\/vc_column][vc_column width=&#8220;11\/12&#8243;][mk_title_box color=&#8220;#ffffff&#8220; highlight_color=&#8220;#000000&#8243; size=&#8220;40&#8243; line_height=&#8220;50&#8243; font_weight=&#8220;600&#8243; margin_top=&#8220;-250&#8243; margin_bottom=&#8220;0&#8243; font_family=&#8220;none&#8220; animation=&#8220;left-to-right&#8220;]Cressi auch f\u00fcr sie[\/mk_title_box][\/vc_column][\/mk_page_section][mk_page_section][vc_column width=&#8220;1\/2&#8243;][mk_padding_divider size=&#8220;100&#8243;][mk_fancy_title color=&#8220;#000000&#8243; size=&#8220;20&#8243; font_weight=&#8220;bold&#8220; font_family=&#8220;none&#8220;]Dieselbe Sorgfalt, dieselbe Leidenschaft.<br \/>\nDieselbe Cressi-Qualit\u00e4t.<br \/>\nF\u00fcr uns und f\u00fcr sie.[\/mk_fancy_title][\/vc_column][vc_column width=&#8220;1\/2&#8243;][mk_padding_divider size=&#8220;100&#8243;][vc_column_text disable_pattern=&#8220;false&#8220; css=&#8220;.vc_custom_1541781740346{margin-bottom: 0px !important;}&#8220;]Cressi Dog ist eine exklusive Linie von <strong>Cressi<\/strong>, die unseren vierbeinigen Freunden gewidmet ist.<\/p>\n<p>Cressi ist seit 1946 ein Familienunternehmen und ist heute <strong>weltweit f\u00fchrend<\/strong> in der Herstellung von Wassersportartikeln.<\/p>\n<p>Das Geheimnis des weltweiten Erfolgs von Cressi liegt in der Forschung, der Innovation und der Qualit\u00e4t der verwendeten Materialien. Originalit\u00e4t, Benutzerfreundlichkeit und Zuverl\u00e4ssigkeit sind die <strong>Markenzeichen<\/strong> des Namens Cressi auf der ganzen Welt.<\/p>\n<p>Die Cressi Dog-Linie hat dieses Erbe der Geschichte und der Entwicklung bewahrt und es in eine Produktlinie umgesetzt, die wieder einmal einzigartig und originell ist.<\/p>\n<p>Die Forschung, das Design, die Entwicklung und sogar die Kreation der Linie Cressi Dog folgten Schritt f\u00fcr Schritt denselben Schritten, die auch bei der Kreation von Herrenartikeln befolgt werden.<\/p>\n<p>Dieselben Materialien. Dieselbe Aufmerksamkeit. <strong>Dieselbe Garantie<\/strong>: die Marke Cressi. Besuchen Sie cressi.com f\u00fcr weitere Informationen.[\/vc_column_text][\/vc_column][\/mk_page_section][vc_row fullwidth=&#8220;true&#8220;][vc_column][mk_padding_divider size=&#8220;60&#8243;][vc_single_image image=&#8220;183&#8243; img_size=&#8220;full&#8220; alignment=&#8220;center&#8220;][\/vc_column][\/vc_row]\n<\/div>","protected":false},"excerpt":{"rendered":"<p>[mk_page_section bg_image=&#8220;https:\/\/www.cressidog.com\/wp-content\/uploads\/2018\/09\/cressi-dog-chi-siamo.jpg&#8220; bg_position=&#8220;right center&#8220; bg_repeat=&#8220;no-repeat&#8220; bg_stretch=&#8220;true&#8220; video_color_mask=&#8220;rgba(0,0,0,0.4)&#8220; min_height=&#8220;600&#8243; full_width=&#8220;true&#8220; js_vertical_centered=&#8220;true&#8220; padding_top=&#8220;0&#8243; padding_bottom=&#8220;0&#8243; visibility=&#8220;hidden-sm&#8220; sidebar=&#8220;sidebar-1&#8243;][vc_column width=&#8220;1\/12&#8243;][\/vc_column][vc_column width=&#8220;11\/12&#8243;][mk_title_box color=&#8220;#ffffff&#8220; highlight_color=&#8220;#000000&#8243; size=&#8220;50&#8243; line_height=&#8220;90&#8243; font_weight=&#8220;600&#8243; font_family=&#8220;none&#8220; animation=&#8220;left-to-right&#8220;]Cressi auch f\u00fcr sie[\/mk_title_box][\/vc_column][\/mk_page_section][mk_page_section vertical_align=&#8220;top&#8220; bg_image=&#8220;https:\/\/www.cressidog.com\/wp-content\/uploads\/2018\/09\/cressi-dog-chi-siamo.jpg&#8220; bg_image_portrait=&#8220;https:\/\/www.cressidog.com\/wp-content\/uploads\/2018\/10\/cressi-per-i-cani.jpg&#8220; bg_position=&#8220;center center&#8220; bg_repeat=&#8220;no-repeat&#8220; bg_stretch=&#8220;true&#8220; video_color_mask=&#8220;rgba(0,0,0,0.4)&#8220; min_height=&#8220;600&#8243; full_width=&#8220;true&#8220; js_vertical_centered=&#8220;true&#8220; padding_top=&#8220;0&#8243; padding_bottom=&#8220;0&#8243; visibility=&#8220;visible-sm&#8220; sidebar=&#8220;sidebar-1&#8243;][vc_column width=&#8220;1\/12&#8243;][\/vc_column][vc_column width=&#8220;11\/12&#8243;][mk_title_box color=&#8220;#ffffff&#8220; highlight_color=&#8220;#000000&#8243; size=&#8220;40&#8243; line_height=&#8220;50&#8243; font_weight=&#8220;600&#8243; margin_top=&#8220;-250&#8243; margin_bottom=&#8220;0&#8243; font_family=&#8220;none&#8220; animation=&#8220;left-to-right&#8220;]Cressi auch f\u00fcr sie[\/mk_title_box][\/vc_column][\/mk_page_section][mk_page_section][vc_column [&hellip;]<\/p>\n","protected":false},"author":1,"featured_media":0,"parent":0,"menu_order":0,"comment_status":"closed","ping_status":"closed","template":"","meta":{"rs_blank_template":"","rs_page_bg_color":"","slide_template_v7":"","footnotes":""},"class_list":["post-2344","page","type-page","status-publish","hentry"],"yoast_head":"<!-- This site is optimized with the Yoast SEO Premium plugin v26.9 (Yoast SEO v27.5) - https:\/\/yoast.com\/product\/yoast-seo-premium-wordpress\/ -->\n<title>\u00dcber uns - Cressi Dog - Technische Kleidung f\u00fcr den Hund im Wasser<\/title>\n<meta name=\"robots\" content=\"index, follow, max-snippet:-1, max-image-preview:large, max-video-preview:-1\" \/>\n<link rel=\"canonical\" href=\"https:\/\/www.cressidog.com\/chi-siamo\/\" \/>\n<meta property=\"og:locale\" content=\"de_DE\" \/>\n<meta property=\"og:type\" content=\"article\" \/>\n<meta property=\"og:title\" content=\"\u00dcber uns\" \/>\n<meta property=\"og:description\" content=\"[mk_page_section bg_image=&#8220;https:\/\/www.cressidog.com\/wp-content\/uploads\/2018\/09\/cressi-dog-chi-siamo.jpg&#8220; bg_position=&#8220;right center&#8220; bg_repeat=&#8220;no-repeat&#8220; bg_stretch=&#8220;true&#8220; video_color_mask=&#8220;rgba(0,0,0,0.4)&#8220; min_height=&#8220;600&#8243; full_width=&#8220;true&#8220; js_vertical_centered=&#8220;true&#8220; padding_top=&#8220;0&#8243; padding_bottom=&#8220;0&#8243; visibility=&#8220;hidden-sm&#8220; sidebar=&#8220;sidebar-1&#8243;][vc_column width=&#8220;1\/12&#8243;][\/vc_column][vc_column width=&#8220;11\/12&#8243;][mk_title_box color=&#8220;#ffffff&#8220; highlight_color=&#8220;#000000&#8243; size=&#8220;50&#8243; line_height=&#8220;90&#8243; font_weight=&#8220;600&#8243; font_family=&#8220;none&#8220; animation=&#8220;left-to-right&#8220;]Cressi auch f\u00fcr sie[\/mk_title_box][\/vc_column][\/mk_page_section][mk_page_section vertical_align=&#8220;top&#8220; bg_image=&#8220;https:\/\/www.cressidog.com\/wp-content\/uploads\/2018\/09\/cressi-dog-chi-siamo.jpg&#8220; bg_image_portrait=&#8220;https:\/\/www.cressidog.com\/wp-content\/uploads\/2018\/10\/cressi-per-i-cani.jpg&#8220; bg_position=&#8220;center center&#8220; bg_repeat=&#8220;no-repeat&#8220; bg_stretch=&#8220;true&#8220; video_color_mask=&#8220;rgba(0,0,0,0.4)&#8220; min_height=&#8220;600&#8243; full_width=&#8220;true&#8220; js_vertical_centered=&#8220;true&#8220; padding_top=&#8220;0&#8243; padding_bottom=&#8220;0&#8243; visibility=&#8220;visible-sm&#8220; sidebar=&#8220;sidebar-1&#8243;][vc_column width=&#8220;1\/12&#8243;][\/vc_column][vc_column width=&#8220;11\/12&#8243;][mk_title_box color=&#8220;#ffffff&#8220; highlight_color=&#8220;#000000&#8243; size=&#8220;40&#8243; line_height=&#8220;50&#8243; font_weight=&#8220;600&#8243; margin_top=&#8220;-250&#8243; margin_bottom=&#8220;0&#8243; font_family=&#8220;none&#8220; animation=&#8220;left-to-right&#8220;]Cressi auch f\u00fcr sie[\/mk_title_box][\/vc_column][\/mk_page_section][mk_page_section][vc_column [&hellip;]\" \/>\n<meta property=\"og:url\" content=\"https:\/\/www.cressidog.com\/chi-siamo\/\" \/>\n<meta property=\"og:site_name\" content=\"Cressi Dog\" \/>\n<meta property=\"article:publisher\" content=\"https:\/\/www.facebook.com\/cressidoggear\/\" \/>\n<meta property=\"article:modified_time\" content=\"2023-09-26T09:40:20+00:00\" \/>\n<meta name=\"twitter:card\" content=\"summary_large_image\" \/>\n<meta name=\"twitter:site\" content=\"@cressiitaly\" \/>\n<meta name=\"twitter:label1\" content=\"Gesch\u00e4tzte Lesezeit\" \/>\n\t<meta name=\"twitter:data1\" content=\"2\u00a0Minuten\" \/>\n<script type=\"application\/ld+json\" class=\"yoast-schema-graph\">{\"@context\":\"https:\\\/\\\/schema.org\",\"@graph\":[{\"@type\":\"WebPage\",\"@id\":\"https:\\\/\\\/www.cressidog.com\\\/chi-siamo\\\/\",\"url\":\"https:\\\/\\\/www.cressidog.com\\\/chi-siamo\\\/\",\"name\":\"\u00dcber uns - Cressi Dog - Technische Kleidung f\u00fcr den Hund im Wasser\",\"isPartOf\":{\"@id\":\"https:\\\/\\\/www.cressidog.com\\\/#website\"},\"datePublished\":\"2021-02-07T09:28:49+00:00\",\"dateModified\":\"2023-09-26T09:40:20+00:00\",\"breadcrumb\":{\"@id\":\"https:\\\/\\\/www.cressidog.com\\\/chi-siamo\\\/#breadcrumb\"},\"inLanguage\":\"de\",\"potentialAction\":[{\"@type\":\"ReadAction\",\"target\":[\"https:\\\/\\\/www.cressidog.com\\\/chi-siamo\\\/\"]}]},{\"@type\":\"BreadcrumbList\",\"@id\":\"https:\\\/\\\/www.cressidog.com\\\/chi-siamo\\\/#breadcrumb\",\"itemListElement\":[{\"@type\":\"ListItem\",\"position\":1,\"name\":\"Home\",\"item\":\"https:\\\/\\\/www.cressidog.com\\\/de\\\/\"},{\"@type\":\"ListItem\",\"position\":2,\"name\":\"\u00dcber uns\"}]},{\"@type\":\"WebSite\",\"@id\":\"https:\\\/\\\/www.cressidog.com\\\/#website\",\"url\":\"https:\\\/\\\/www.cressidog.com\\\/\",\"name\":\"Cressi Dog\",\"description\":\"Giubbotto salvagente per cani - dog life jacket per la sicurezza in del cane in acqua\",\"publisher\":{\"@id\":\"https:\\\/\\\/www.cressidog.com\\\/#organization\"},\"potentialAction\":[{\"@type\":\"SearchAction\",\"target\":{\"@type\":\"EntryPoint\",\"urlTemplate\":\"https:\\\/\\\/www.cressidog.com\\\/?s={search_term_string}\"},\"query-input\":{\"@type\":\"PropertyValueSpecification\",\"valueRequired\":true,\"valueName\":\"search_term_string\"}}],\"inLanguage\":\"de\"},{\"@type\":\"Organization\",\"@id\":\"https:\\\/\\\/www.cressidog.com\\\/#organization\",\"name\":\"Cressi Sub\",\"url\":\"https:\\\/\\\/www.cressidog.com\\\/\",\"logo\":{\"@type\":\"ImageObject\",\"inLanguage\":\"de\",\"@id\":\"https:\\\/\\\/www.cressidog.com\\\/#\\\/schema\\\/logo\\\/image\\\/\",\"url\":\"https:\\\/\\\/www.cressidog.com\\\/wp-content\\\/uploads\\\/2018\\\/09\\\/cressidog144.png\",\"contentUrl\":\"https:\\\/\\\/www.cressidog.com\\\/wp-content\\\/uploads\\\/2018\\\/09\\\/cressidog144.png\",\"width\":144,\"height\":144,\"caption\":\"Cressi Sub\"},\"image\":{\"@id\":\"https:\\\/\\\/www.cressidog.com\\\/#\\\/schema\\\/logo\\\/image\\\/\"},\"sameAs\":[\"https:\\\/\\\/www.facebook.com\\\/cressidoggear\\\/\",\"https:\\\/\\\/x.com\\\/cressiitaly\",\"https:\\\/\\\/www.instagram.com\\\/cressi.dog\\\/\",\"https:\\\/\\\/www.youtube.com\\\/channel\\\/UCmmmuYck73YIT08fiSvVbxw\"]}]}<\/script>\n<!-- \/ Yoast SEO Premium plugin. -->","yoast_head_json":{"title":"\u00dcber uns - Cressi Dog - Technische Kleidung f\u00fcr den Hund im Wasser","robots":{"index":"index","follow":"follow","max-snippet":"max-snippet:-1","max-image-preview":"max-image-preview:large","max-video-preview":"max-video-preview:-1"},"canonical":"https:\/\/www.cressidog.com\/chi-siamo\/","og_locale":"de_DE","og_type":"article","og_title":"\u00dcber uns","og_description":"[mk_page_section bg_image=&#8220;https:\/\/www.cressidog.com\/wp-content\/uploads\/2018\/09\/cressi-dog-chi-siamo.jpg&#8220; bg_position=&#8220;right center&#8220; bg_repeat=&#8220;no-repeat&#8220; bg_stretch=&#8220;true&#8220; video_color_mask=&#8220;rgba(0,0,0,0.4)&#8220; min_height=&#8220;600&#8243; full_width=&#8220;true&#8220; js_vertical_centered=&#8220;true&#8220; padding_top=&#8220;0&#8243; padding_bottom=&#8220;0&#8243; visibility=&#8220;hidden-sm&#8220; sidebar=&#8220;sidebar-1&#8243;][vc_column width=&#8220;1\/12&#8243;][\/vc_column][vc_column width=&#8220;11\/12&#8243;][mk_title_box color=&#8220;#ffffff&#8220; highlight_color=&#8220;#000000&#8243; size=&#8220;50&#8243; line_height=&#8220;90&#8243; font_weight=&#8220;600&#8243; font_family=&#8220;none&#8220; animation=&#8220;left-to-right&#8220;]Cressi auch f\u00fcr sie[\/mk_title_box][\/vc_column][\/mk_page_section][mk_page_section vertical_align=&#8220;top&#8220; bg_image=&#8220;https:\/\/www.cressidog.com\/wp-content\/uploads\/2018\/09\/cressi-dog-chi-siamo.jpg&#8220; bg_image_portrait=&#8220;https:\/\/www.cressidog.com\/wp-content\/uploads\/2018\/10\/cressi-per-i-cani.jpg&#8220; bg_position=&#8220;center center&#8220; bg_repeat=&#8220;no-repeat&#8220; bg_stretch=&#8220;true&#8220; video_color_mask=&#8220;rgba(0,0,0,0.4)&#8220; min_height=&#8220;600&#8243; full_width=&#8220;true&#8220; js_vertical_centered=&#8220;true&#8220; padding_top=&#8220;0&#8243; padding_bottom=&#8220;0&#8243; visibility=&#8220;visible-sm&#8220; sidebar=&#8220;sidebar-1&#8243;][vc_column width=&#8220;1\/12&#8243;][\/vc_column][vc_column width=&#8220;11\/12&#8243;][mk_title_box color=&#8220;#ffffff&#8220; highlight_color=&#8220;#000000&#8243; size=&#8220;40&#8243; line_height=&#8220;50&#8243; font_weight=&#8220;600&#8243; margin_top=&#8220;-250&#8243; margin_bottom=&#8220;0&#8243; font_family=&#8220;none&#8220; animation=&#8220;left-to-right&#8220;]Cressi auch f\u00fcr sie[\/mk_title_box][\/vc_column][\/mk_page_section][mk_page_section][vc_column [&hellip;]","og_url":"https:\/\/www.cressidog.com\/chi-siamo\/","og_site_name":"Cressi Dog","article_publisher":"https:\/\/www.facebook.com\/cressidoggear\/","article_modified_time":"2023-09-26T09:40:20+00:00","twitter_card":"summary_large_image","twitter_site":"@cressiitaly","twitter_misc":{"Gesch\u00e4tzte Lesezeit":"2\u00a0Minuten"},"schema":{"@context":"https:\/\/schema.org","@graph":[{"@type":"WebPage","@id":"https:\/\/www.cressidog.com\/chi-siamo\/","url":"https:\/\/www.cressidog.com\/chi-siamo\/","name":"\u00dcber uns - Cressi Dog - Technische Kleidung f\u00fcr den Hund im Wasser","isPartOf":{"@id":"https:\/\/www.cressidog.com\/#website"},"datePublished":"2021-02-07T09:28:49+00:00","dateModified":"2023-09-26T09:40:20+00:00","breadcrumb":{"@id":"https:\/\/www.cressidog.com\/chi-siamo\/#breadcrumb"},"inLanguage":"de","potentialAction":[{"@type":"ReadAction","target":["https:\/\/www.cressidog.com\/chi-siamo\/"]}]},{"@type":"BreadcrumbList","@id":"https:\/\/www.cressidog.com\/chi-siamo\/#breadcrumb","itemListElement":[{"@type":"ListItem","position":1,"name":"Home","item":"https:\/\/www.cressidog.com\/de\/"},{"@type":"ListItem","position":2,"name":"\u00dcber uns"}]},{"@type":"WebSite","@id":"https:\/\/www.cressidog.com\/#website","url":"https:\/\/www.cressidog.com\/","name":"Cressi Dog","description":"Giubbotto salvagente per cani - dog life jacket per la sicurezza in del cane in acqua","publisher":{"@id":"https:\/\/www.cressidog.com\/#organization"},"potentialAction":[{"@type":"SearchAction","target":{"@type":"EntryPoint","urlTemplate":"https:\/\/www.cressidog.com\/?s={search_term_string}"},"query-input":{"@type":"PropertyValueSpecification","valueRequired":true,"valueName":"search_term_string"}}],"inLanguage":"de"},{"@type":"Organization","@id":"https:\/\/www.cressidog.com\/#organization","name":"Cressi Sub","url":"https:\/\/www.cressidog.com\/","logo":{"@type":"ImageObject","inLanguage":"de","@id":"https:\/\/www.cressidog.com\/#\/schema\/logo\/image\/","url":"https:\/\/www.cressidog.com\/wp-content\/uploads\/2018\/09\/cressidog144.png","contentUrl":"https:\/\/www.cressidog.com\/wp-content\/uploads\/2018\/09\/cressidog144.png","width":144,"height":144,"caption":"Cressi Sub"},"image":{"@id":"https:\/\/www.cressidog.com\/#\/schema\/logo\/image\/"},"sameAs":["https:\/\/www.facebook.com\/cressidoggear\/","https:\/\/x.com\/cressiitaly","https:\/\/www.instagram.com\/cressi.dog\/","https:\/\/www.youtube.com\/channel\/UCmmmuYck73YIT08fiSvVbxw"]}]}},"_links":{"self":[{"href":"https:\/\/www.cressidog.com\/de\/wp-json\/wp\/v2\/pages\/2344","targetHints":{"allow":["GET"]}}],"collection":[{"href":"https:\/\/www.cressidog.com\/de\/wp-json\/wp\/v2\/pages"}],"about":[{"href":"https:\/\/www.cressidog.com\/de\/wp-json\/wp\/v2\/types\/page"}],"author":[{"embeddable":true,"href":"https:\/\/www.cressidog.com\/de\/wp-json\/wp\/v2\/users\/1"}],"replies":[{"embeddable":true,"href":"https:\/\/www.cressidog.com\/de\/wp-json\/wp\/v2\/comments?post=2344"}],"version-history":[{"count":5,"href":"https:\/\/www.cressidog.com\/de\/wp-json\/wp\/v2\/pages\/2344\/revisions"}],"predecessor-version":[{"id":3351,"href":"https:\/\/www.cressidog.com\/de\/wp-json\/wp\/v2\/pages\/2344\/revisions\/3351"}],"wp:attachment":[{"href":"https:\/\/www.cressidog.com\/de\/wp-json\/wp\/v2\/media?parent=2344"}],"curies":[{"name":"wp","href":"https:\/\/api.w.org\/{rel}","templated":true}]}}